{"id":24095,"date":"2023-04-03T12:15:20","date_gmt":"2023-04-03T12:15:20","guid":{"rendered":"https:\/\/www.tornum.com\/product\/intake-pit-tgs\/"},"modified":"2025-07-30T12:13:15","modified_gmt":"2025-07-30T12:13:15","slug":"buncar-de-receptie-tgs","status":"publish","type":"product","link":"https:\/\/www.tornum.com\/ro\/produs\/buncar-de-receptie-tgs\/","title":{"rendered":"BUNC\u0102R DE RECEP\u021aIE TGS"},"content":{"rendered":"<div class=\"wpb-content-wrapper\"><p>[vc_row gap=&#8221;35&#8243; css=&#8221;.vc_custom_1683181467819{padding-left: 10px !important;}&#8221;][vc_column width=&#8221;2\/3&#8243;][vc_column_text]Bunc\u0103rul de recep\u021bie TGS de la Tornum ofer\u0103 o capacitate volumetric\u0103 mare, \u00een ciuda ad\u00e2ncimii sale reduse. Bunc\u0103rul are un interior neted pentru o bun\u0103 igien\u0103 \u0219i o cur\u0103\u021bare minim\u0103. Bunc\u0103rul de recep\u021bie TGS este potrivit\u0103 pentru transportoare cu lan\u021b de p\u00e2n\u0103 la 400 de tone pe or\u0103 \u0219i este destinat\u0103 instal\u0103rii \u00eentr-un canal de scurgere.[\/vc_column_text][\/vc_column][vc_column width=&#8221;1\/3&#8243;][vc_column_text]<strong>CARACTERISTICI <\/strong><br \/>\n\u2022 Fabricat din tabl\u0103 de o\u021bel galvanizat la cald cu \u00eent\u0103rituri externe<br \/>\n\u2022 Echipat\u0103 cu grinzi portante puternice pentru a facilita suspendarea \u0219i pentru a sus\u021bine gr\u0103tarele<br \/>\n\u2022 Interior neted pentru o bun\u0103 igien\u0103 \u0219i o cur\u0103\u021bare minim\u0103<br \/>\n\u2022 Design cu \u0219uruburi<\/p>\n<p><strong>OP\u021aIUNI <\/strong><br \/>\n\u2022 Indicator de nivel<br \/>\n\u2022 Grilaje portante<br \/>\n\u2022 Protec\u021bie lateral\u0103 pentru fosa de admisie[\/vc_column_text][\/vc_column][\/vc_row]<\/p>\n<\/div>","protected":false},"excerpt":{"rendered":"<p>Bunc\u0103rul de recep\u021bie TGS de la Tornum ofer\u0103 o capacitate volumetric\u0103 mare, \u00een ciuda ad\u00e2ncimii sale reduse. Bunc\u0103rul are un interior neted pentru o bun\u0103 igien\u0103 \u0219i o cur\u0103\u021bare minim\u0103. Bunc\u0103rul de recep\u021bie TGS este potrivit\u0103 pentru transportoare cu lan\u021b de p\u00e2n\u0103 la 400 de tone pe or\u0103 \u0219i este destinat\u0103 instal\u0103rii \u00eentr-o groap\u0103 de recep\u021bie.<\/p>\n","protected":false},"featured_media":20792,"comment_status":"open","ping_status":"closed","template":"","meta":{"_acf_changed":false},"product_brand":[],"product_cat":[514,523,515,516,524,547,548],"product_tag":[520,586,587,546],"class_list":{"0":"post-24095","1":"product","2":"type-product","3":"status-publish","4":"has-post-thumbnail","6":"product_cat-all-products-ro","7":"product_cat-feed-ro","8":"product_cat-food-2-ro","9":"product_cat-grain-ro","10":"product_cat-material-handling-ro","11":"product_cat-intake-pit-ro","12":"product_cat-intake-pit-storage-ro","13":"product_tag-dryer-ro","14":"product_tag-intake-ro","15":"product_tag-pits-ro","16":"product_tag-transport-ro","17":"pa_products-type-grain-ro","18":"description-off","20":"first","21":"instock","22":"shipping-taxable","23":"product-type-simple"},"acf":[],"_links":{"self":[{"href":"https:\/\/www.tornum.com\/ro\/wp-json\/wp\/v2\/product\/24095","targetHints":{"allow":["GET"]}}],"collection":[{"href":"https:\/\/www.tornum.com\/ro\/wp-json\/wp\/v2\/product"}],"about":[{"href":"https:\/\/www.tornum.com\/ro\/wp-json\/wp\/v2\/types\/product"}],"replies":[{"embeddable":true,"href":"https:\/\/www.tornum.com\/ro\/wp-json\/wp\/v2\/comments?post=24095"}],"version-history":[{"count":3,"href":"https:\/\/www.tornum.com\/ro\/wp-json\/wp\/v2\/product\/24095\/revisions"}],"predecessor-version":[{"id":46996,"href":"https:\/\/www.tornum.com\/ro\/wp-json\/wp\/v2\/product\/24095\/revisions\/46996"}],"wp:featuredmedia":[{"embeddable":true,"href":"https:\/\/www.tornum.com\/ro\/wp-json\/wp\/v2\/media\/20792"}],"wp:attachment":[{"href":"https:\/\/www.tornum.com\/ro\/wp-json\/wp\/v2\/media?parent=24095"}],"wp:term":[{"taxonomy":"product_brand","embeddable":true,"href":"https:\/\/www.tornum.com\/ro\/wp-json\/wp\/v2\/product_brand?post=24095"},{"taxonomy":"product_cat","embeddable":true,"href":"https:\/\/www.tornum.com\/ro\/wp-json\/wp\/v2\/product_cat?post=24095"},{"taxonomy":"product_tag","embeddable":true,"href":"https:\/\/www.tornum.com\/ro\/wp-json\/wp\/v2\/product_tag?post=24095"}],"curies":[{"name":"wp","href":"https:\/\/api.w.org\/{rel}","templated":true}]}}