{"id":24105,"date":"2023-03-23T22:10:29","date_gmt":"2023-03-23T22:10:29","guid":{"rendered":"https:\/\/www.tornum.com\/product\/kanalsystem\/"},"modified":"2025-07-30T12:21:57","modified_gmt":"2025-07-30T12:21:57","slug":"kanalsystem","status":"publish","type":"product","link":"https:\/\/www.tornum.com\/ro\/produs\/kanalsystem\/","title":{"rendered":"KANALSYSTEM"},"content":{"rendered":"<div class=\"wpb-content-wrapper\"><p>[vc_row][vc_column width=&#8221;2\/3&#8243;][vc_column_text]KANALSYSTEM\u2122 de la Tornum are o func\u021bie dubl\u0103 unic\u0103 &#8211; capacitate mare de desc\u0103rcare combinat\u0103 cu propriet\u0103\u021bi excelente de condi\u021bionare. Acesta const\u0103 \u00een conducte perforate special concepute care sunt \u00eencorporate \u00eentr-o suprafa\u021b\u0103 de beton. \u00centre conducte se formeaz\u0103 creste de beton, iar aerul suflat \u00een sistem urmeaz\u0103 crestele, asigur\u00e2ndu-se c\u0103 100 % din cereale sunt expuse fluxului de aer.<\/p>\n<p>Siguran\u021ba este unul dintre cele mai mari avantaje ale KANALSYSTEM\u2122. Sistemul se cur\u0103\u021b\u0103 singur \u0219i nu are p\u0103r\u021bi mecanice \u00een mi\u0219care \u00een interiorul silozului. Nu este nevoie de \u0219nec m\u0103tur\u0103tor, iar personalul nu trebuie s\u0103 intre \u00een siloz \u00een timpul desc\u0103rc\u0103rii. KANALSYSTEM\u2122 are o capacitate de desc\u0103rcare de p\u00e2n\u0103 la 1.000 de tone pe or\u0103.[\/vc_column_text][\/vc_column][vc_column width=&#8221;1\/3&#8243;][vc_column_text]<strong>CARACTERISTICI <\/strong><br \/>\n\u2022 Capacitate mare de desc\u0103rcare<br \/>\n\u2022 Propriet\u0103\u021bi de condi\u021bionare foarte bune<br \/>\n\u2022 F\u0103r\u0103 mecanism intern<br \/>\n\u2022 Potrivit pentru toate tipurile de silozuri de beton, indiferent de diametru<\/p>\n<p><strong>OP\u021aIUNI <\/strong><br \/>\n\u2022 Clapete de \u00eenchidere, manuale sau motorizate<br \/>\n\u2022 Sistem de conducte externe[\/vc_column_text][\/vc_column][\/vc_row]<\/p>\n<\/div>","protected":false},"excerpt":{"rendered":"<p>Siguran\u021ba este unul dintre cele mai mari avantaje ale KANALSYSTEM\u2122. Sistemul se cur\u0103\u021b\u0103 singur \u0219i nu are p\u0103r\u021bi mecanice \u00een mi\u0219care \u00een interiorul silozului. Nu este nevoie de un \u0219nec m\u0103tur\u0103tor, iar personalul nu trebuie s\u0103 intre \u00een siloz \u00een timpul desc\u0103rc\u0103rii. KANALSYSTEM\u2122 are o capacitate de desc\u0103rcare de p\u00e2n\u0103 la 1.000 de tone pe or\u0103.<\/p>\n","protected":false},"featured_media":20770,"comment_status":"open","ping_status":"closed","template":"","meta":{"_acf_changed":false},"product_brand":[],"product_cat":[514,516,524,566,588,517,589],"product_tag":[526,531,565,560],"class_list":{"0":"post-24105","1":"product","2":"type-product","3":"status-publish","4":"has-post-thumbnail","6":"product_cat-all-products-ro","7":"product_cat-grain-ro","8":"product_cat-material-handling-ro","9":"product_cat-silo-discharge-ro","10":"product_cat-kanalsystem-ro","11":"product_cat-conditioning-ro","12":"product_cat-kanalsystem-conditioning-ro","13":"product_tag-conditioning-ro","14":"product_tag-conditioning-laterals-ro","15":"product_tag-radial-fan-ro","16":"product_tag-storage-ro","17":"pa_products-type-all-products-ro","18":"pa_products-type-grain-ro","19":"description-off","21":"first","22":"instock","23":"shipping-taxable","24":"product-type-simple"},"acf":[],"_links":{"self":[{"href":"https:\/\/www.tornum.com\/ro\/wp-json\/wp\/v2\/product\/24105","targetHints":{"allow":["GET"]}}],"collection":[{"href":"https:\/\/www.tornum.com\/ro\/wp-json\/wp\/v2\/product"}],"about":[{"href":"https:\/\/www.tornum.com\/ro\/wp-json\/wp\/v2\/types\/product"}],"replies":[{"embeddable":true,"href":"https:\/\/www.tornum.com\/ro\/wp-json\/wp\/v2\/comments?post=24105"}],"version-history":[{"count":2,"href":"https:\/\/www.tornum.com\/ro\/wp-json\/wp\/v2\/product\/24105\/revisions"}],"predecessor-version":[{"id":24108,"href":"https:\/\/www.tornum.com\/ro\/wp-json\/wp\/v2\/product\/24105\/revisions\/24108"}],"wp:featuredmedia":[{"embeddable":true,"href":"https:\/\/www.tornum.com\/ro\/wp-json\/wp\/v2\/media\/20770"}],"wp:attachment":[{"href":"https:\/\/www.tornum.com\/ro\/wp-json\/wp\/v2\/media?parent=24105"}],"wp:term":[{"taxonomy":"product_brand","embeddable":true,"href":"https:\/\/www.tornum.com\/ro\/wp-json\/wp\/v2\/product_brand?post=24105"},{"taxonomy":"product_cat","embeddable":true,"href":"https:\/\/www.tornum.com\/ro\/wp-json\/wp\/v2\/product_cat?post=24105"},{"taxonomy":"product_tag","embeddable":true,"href":"https:\/\/www.tornum.com\/ro\/wp-json\/wp\/v2\/product_tag?post=24105"}],"curies":[{"name":"wp","href":"https:\/\/api.w.org\/{rel}","templated":true}]}}