{"id":24106,"date":"2023-05-14T19:45:08","date_gmt":"2023-05-14T19:45:08","guid":{"rendered":"https:\/\/www.tornum.com\/product\/l-line-conveyors\/"},"modified":"2025-08-01T10:05:43","modified_gmt":"2025-08-01T10:05:43","slug":"linia-l-de-transportoare-cu-racleti","status":"publish","type":"product","link":"https:\/\/www.tornum.com\/ro\/produs\/linia-l-de-transportoare-cu-racleti\/","title":{"rendered":"LINIA L DE TRANSPORTOARE CU RACLE\u021aI"},"content":{"rendered":"<p>Aceast\u0103 gam\u0103 de echipamente dedicate aplica\u021biilor agricole de mici dimensiuni care necesit\u0103 o utilizare regulat\u0103 \u00een timpul perioadei de recoltare este disponibil\u0103 pentru capacit\u0103\u021bi de transport al gr\u00e2ului cuprinse \u00eentre 30 \u0219i 60 de tone pe or\u0103. \u00centreaga gam\u0103 de echipamente include echipamente verticale, orizontale, curbe \u0219i \u00eenclinate, proiectate pentru o pozi\u021bie adecvat\u0103 \u00een cadrul fluxului de cereale. Exist\u0103 o gam\u0103 complet\u0103 de accesorii care include \u0219ibere manuale, electrice \u0219i pneumatice, senzori de siguran\u021b\u0103, senzori de monitorizare a vitezei \u0219i multe altele. Echipamentul de transport poate fi personalizat pentru a corespunde diferitelor cerin\u021be ale clien\u021bilor \u00een ceea ce prive\u0219te alegerea unei transmisii cu curea sau a unei transmisii cu motor cu ro\u021bi din\u021bate.<\/p>\n","protected":false},"excerpt":{"rendered":"<p>L-line este special adaptat\u0103 pentru instala\u021biile agricole mici. Este deosebit de potrivit\u0103 pentru fermele mici \u0219i mijlocii cu func\u021bionare concentrat\u0103 \u00een perioada de recoltare.<\/p>\n","protected":false},"featured_media":22014,"comment_status":"open","ping_status":"closed","template":"","meta":{"_acf_changed":false},"product_brand":[],"product_cat":[514,516,524,579],"product_tag":[545,555,551,546],"class_list":{"0":"post-24106","1":"product","2":"type-product","3":"status-publish","4":"has-post-thumbnail","6":"product_cat-all-products-ro","7":"product_cat-grain-ro","8":"product_cat-material-handling-ro","9":"product_cat-conveyors-ro","10":"product_tag-conveyor-ro","11":"product_tag-dc-remover-ro","12":"product_tag-elevator-ro","13":"product_tag-transport-ro","14":"description-off","16":"first","17":"instock","18":"shipping-taxable","19":"product-type-simple"},"acf":[],"_links":{"self":[{"href":"https:\/\/www.tornum.com\/ro\/wp-json\/wp\/v2\/product\/24106","targetHints":{"allow":["GET"]}}],"collection":[{"href":"https:\/\/www.tornum.com\/ro\/wp-json\/wp\/v2\/product"}],"about":[{"href":"https:\/\/www.tornum.com\/ro\/wp-json\/wp\/v2\/types\/product"}],"replies":[{"embeddable":true,"href":"https:\/\/www.tornum.com\/ro\/wp-json\/wp\/v2\/comments?post=24106"}],"version-history":[{"count":2,"href":"https:\/\/www.tornum.com\/ro\/wp-json\/wp\/v2\/product\/24106\/revisions"}],"predecessor-version":[{"id":24111,"href":"https:\/\/www.tornum.com\/ro\/wp-json\/wp\/v2\/product\/24106\/revisions\/24111"}],"wp:featuredmedia":[{"embeddable":true,"href":"https:\/\/www.tornum.com\/ro\/wp-json\/wp\/v2\/media\/22014"}],"wp:attachment":[{"href":"https:\/\/www.tornum.com\/ro\/wp-json\/wp\/v2\/media?parent=24106"}],"wp:term":[{"taxonomy":"product_brand","embeddable":true,"href":"https:\/\/www.tornum.com\/ro\/wp-json\/wp\/v2\/product_brand?post=24106"},{"taxonomy":"product_cat","embeddable":true,"href":"https:\/\/www.tornum.com\/ro\/wp-json\/wp\/v2\/product_cat?post=24106"},{"taxonomy":"product_tag","embeddable":true,"href":"https:\/\/www.tornum.com\/ro\/wp-json\/wp\/v2\/product_tag?post=24106"}],"curies":[{"name":"wp","href":"https:\/\/api.w.org\/{rel}","templated":true}]}}