{"id":24115,"date":"2023-05-14T21:06:24","date_gmt":"2023-05-14T21:06:24","guid":{"rendered":"https:\/\/www.tornum.com\/product\/level-indicator\/"},"modified":"2025-07-30T12:30:22","modified_gmt":"2025-07-30T12:30:22","slug":"indicator-de-nivel","status":"publish","type":"product","link":"https:\/\/www.tornum.com\/ro\/produs\/indicator-de-nivel\/","title":{"rendered":"INDICATOR DE NIVEL"},"content":{"rendered":"<div class=\"wpb-content-wrapper\"><p>[vc_row][vc_column width=&#8221;2\/3&#8243;][vc_column_text]Indicatorii capacitivi de nivel Tornum sunt concepu\u021bi pentru monitorizarea \u0219i controlul sistemelor automate de manipulare a cerealelor. Ace\u0219tia sunt prev\u0103zu\u021bi cu un accesoriu special cu \u00een\u0103l\u021bime reglabil\u0103 pentru instalarea \u00een acoperi\u0219ul silozului.[\/vc_column_text][\/vc_column][vc_column width=&#8221;1\/3&#8243;][vc_column_text]<strong>CARACTERISTICI\u00a0 <\/strong><br \/>\n\u2022 Un indicator de nivel mobil este conectat la o \u021beav\u0103 de un metru cu ajutorul unei cutii de borne. Acesta poate fi instalat suspendat sau prin podea, \u00een func\u021bie de diferitele unghiuri de repaus.<br \/>\n\u2022 Poate fi utilizat \u00een groapa de recep\u021bie pentru a opri elevatorul atunci c\u00e2nd groapa este goal\u0103.<br \/>\n\u2022 Poate fi utilizat \u00een usc\u0103tor sau \u00een siloz \u00een timpul umplerii, \u00eentre transportor \u0219i elevator, pentru a preveni supraumplerea.<br \/>\n\u2022 Poate fi utilizat \u00een silozul de concentrate\/gr\u00e2u pentru a opri concasorul\/moara atunci c\u00e2nd materialul se epuizeaz\u0103.<br \/>\n\u2022 Poate fi utilizat \u00eentr-un siloz de alimentare pentru a opri concasorul\/moara atunci c\u00e2nd acesta este plin.<br \/>\n\u2022 Un indicator de nivel fix poate fi instalat \u00een usc\u0103tor sau pe peretele silozului de depozitare.[\/vc_column_text][\/vc_column][\/vc_row]<\/p>\n<\/div>","protected":false},"excerpt":{"rendered":"<p>Indicatorii capacitivi de nivel Tornum sunt concepu\u021bi pentru monitorizarea \u0219i controlul sistemelor automate de manipulare a cerealelor. Ace\u0219tia sunt prev\u0103zu\u021bi cu un accesoriu special cu \u00een\u0103l\u021bime reglabil\u0103 pentru instalarea \u00een acoperi\u0219ul silozului.<\/p>\n","protected":false},"featured_media":50389,"comment_status":"open","ping_status":"closed","template":"","meta":{"_acf_changed":false},"product_brand":[],"product_cat":[514,532,590],"product_tag":[520,535,537,560],"class_list":{"0":"post-24115","1":"product","2":"type-product","3":"status-publish","4":"has-post-thumbnail","6":"product_cat-all-products-ro","7":"product_cat-grain-management-ro","8":"product_cat-accessories-grain-management-ro","9":"product_tag-dryer-ro","10":"product_tag-monitoring-ro","11":"product_tag-plc-ro","12":"product_tag-storage-ro","13":"description-off","15":"first","16":"instock","17":"shipping-taxable","18":"product-type-simple"},"acf":[],"_links":{"self":[{"href":"https:\/\/www.tornum.com\/ro\/wp-json\/wp\/v2\/product\/24115","targetHints":{"allow":["GET"]}}],"collection":[{"href":"https:\/\/www.tornum.com\/ro\/wp-json\/wp\/v2\/product"}],"about":[{"href":"https:\/\/www.tornum.com\/ro\/wp-json\/wp\/v2\/types\/product"}],"replies":[{"embeddable":true,"href":"https:\/\/www.tornum.com\/ro\/wp-json\/wp\/v2\/comments?post=24115"}],"version-history":[{"count":3,"href":"https:\/\/www.tornum.com\/ro\/wp-json\/wp\/v2\/product\/24115\/revisions"}],"predecessor-version":[{"id":50418,"href":"https:\/\/www.tornum.com\/ro\/wp-json\/wp\/v2\/product\/24115\/revisions\/50418"}],"wp:featuredmedia":[{"embeddable":true,"href":"https:\/\/www.tornum.com\/ro\/wp-json\/wp\/v2\/media\/50389"}],"wp:attachment":[{"href":"https:\/\/www.tornum.com\/ro\/wp-json\/wp\/v2\/media?parent=24115"}],"wp:term":[{"taxonomy":"product_brand","embeddable":true,"href":"https:\/\/www.tornum.com\/ro\/wp-json\/wp\/v2\/product_brand?post=24115"},{"taxonomy":"product_cat","embeddable":true,"href":"https:\/\/www.tornum.com\/ro\/wp-json\/wp\/v2\/product_cat?post=24115"},{"taxonomy":"product_tag","embeddable":true,"href":"https:\/\/www.tornum.com\/ro\/wp-json\/wp\/v2\/product_tag?post=24115"}],"curies":[{"name":"wp","href":"https:\/\/api.w.org\/{rel}","templated":true}]}}