{"id":24119,"date":"2023-05-14T22:02:05","date_gmt":"2023-05-14T22:02:05","guid":{"rendered":"https:\/\/www.tornum.com\/product\/magnets\/"},"modified":"2025-07-30T12:38:41","modified_gmt":"2025-07-30T12:38:41","slug":"magneti","status":"publish","type":"product","link":"https:\/\/www.tornum.com\/ro\/produs\/magneti\/","title":{"rendered":"MAGNE\u021aI"},"content":{"rendered":"<p style=\"background: white; margin: 0in 0in 7.5pt 0in;\"><span style=\"font-family: 'Arial',sans-serif; color: black;\">Magne\u021bii tubulari Tornum filtreaz\u0103 particulele metalice feromagnetice nedorite din granule, fibre \u0219i materiale mai grosiere \u00een liniile de c\u0103dere liber\u0103 de mare capacitate. Ace\u0219tia sunt proiecta\u021bi robust pentru a rezista la o func\u021bionare continu\u0103. Ofer\u0103 un grad foarte ridicat de separare, cu condi\u021bia ca magne\u021bii s\u0103 fie cur\u0103\u021ba\u021bi \u00een mod regulat.<\/span><\/p>\n<p style=\"background: white; margin: 0in 0in 7.5pt 0in;\"><span style=\"font-family: 'Arial',sans-serif; color: black;\">Conul de 60\u00b0 creeaz\u0103 un flux de produs neted \u0219i o bun\u0103 distribu\u021bie. Produsul trece prin dou\u0103 c\u00e2mpuri magnetice puternice, unde benzile de ghidare direc\u021bioneaz\u0103 produsul spre miezul magnetic.<\/span><\/p>\n<p style=\"background: white; margin: 0in 0in 7.5pt 0in;\"><span style=\"font-family: 'Arial',sans-serif; color: black;\">Magnetul permanent tubular are un miez mare, cilindric, cu magnet permanent, cu un c\u00e2mp magnetic puternic \u0219i profund. Miezul magnetului filtreaz\u0103 particulele feromagnetice din fluxul de produs \u0219i le re\u021bine p\u00e2n\u0103 c\u00e2nd miezul este cur\u0103\u021bat.<\/span><\/p>\n<p><strong>CARACTERISTICI:<\/strong><br \/>\n\u2022 Fluxul de produs trebuie oprit pentru a cur\u0103\u021ba magnetul<br \/>\n\u2022 Carcas\u0103 din o\u021bel inoxidabil<br \/>\n\u2022 Miezul magnetic cu un con superior asigur\u0103 o bun\u0103 distribu\u021bie a materialului<br \/>\n\u2022 Produsul trece prin dou\u0103 c\u00e2mpuri magnetice puternice pentru rezultate optime<br \/>\n\u2022 Benzile de ghidare din jgheabul produsului for\u021beaz\u0103 materialul spre miezul magnetic<br \/>\n\u2022 Versiunea antiexplozie de praf Ex II 1\/2D \u00een conformitate cu directiva ATEX 94\/9\/CE.<\/p>\n<h3><strong>PLAC\u0102 MAGNETIC\u0102<\/strong><\/h3>\n<p>Pl\u0103cile magnetice sunt solu\u021bii rentabile \u0219i robuste, foarte potrivite pentru filtrarea particulelor metalice feromagnetice nedorite din fluxurile de produse \u00een c\u0103dere liber\u0103 sau din produsele de pe benzile transportoare cu o contaminare cu Fe relativ redus\u0103. Acestea ofer\u0103 un c\u00e2mp magnetic profund \u0219i puternic care capteaz\u0103 particulele de Fe din fluxul de produse \u0219i re\u021bin \u00een mod sigur ace\u0219ti contaminan\u021bi.<\/p>\n<p>Pl\u0103cile magnetice sunt disponibile \u00een mai multe dimensiuni standard, cu magne\u021bi de ferit\u0103 sau de neodim (Neoflux\u00ae). Cur\u0103\u021barea magne\u021bilor se realizeaz\u0103 manual, prin \u0219tergere, sau semiautomat, prin balansarea pl\u0103cii extractoare departe de magnet.<\/p>\n<p>O plac\u0103 magnetic poate fi utilizat\u0103 \u00eentr-un sistem de transport cu jgheab. Un produs care se deplaseaz\u0103 printr-un jgheab de transport poate atinge viteze foarte mari. Acest lucru face ca utilizarea unui magnet Neoflux\u00ae puternic s\u0103 fie esen\u021bial\u0103. Produsul intr\u0103 \u00een contact sau trece pe l\u00e2ng\u0103 magnet, iar magnetul puternic atrage particulele de Fe \u0219i le re\u021bine \u00een mod sigur.<br \/>\nPl\u0103cile magnetice pot fi, de asemenea, utilizate ca magne\u021bi supra\u00een\u0103l\u021ba\u021bi, ag\u0103\u021ba\u021bi deasupra fluxului de produse sau monta\u021bi sub fluxul de produse.<\/p>\n<h3><strong>TAMBUR MAGNETIC<\/strong><\/h3>\n<p>Tamburul magnetic este utilizat \u00een mod obi\u0219nuit pentru pulberi, granule, fibre \u0219i materiale mai grosiere cu o contaminare puternic\u0103 cu Fe. Separatoarele magnetice previn contaminarea produsului dumneavoastr\u0103 final \u0219i deteriorarea inutil\u0103 a altor echipamente.<\/p>\n<p>Tamburul magnetic \u00eendep\u0103rteaz\u0103 particulele metalice feromagnetice nedorite, cum ar fi fierul sau o\u021belul, sau particulele u\u0219or magnetice, cum ar fi o\u021belul inoxidabil prelucrat, din materiale \u00een liniile de c\u0103dere liber\u0103 de mare capacitate.<\/p>\n<p>Un tambur magnetic este un segment de magnet sta\u021bionar de 180\u00b0 \u00een jurul c\u0103ruia se rote\u0219te un tambur din o\u021bel inoxidabil. Un tambur magnetic este un sistem continuu, \u00een care nu este necesar s\u0103 se opreasc\u0103 fluxul de produs pentru a \u00eendep\u0103rta particulele de Fe filtrate. Acest lucru face ca tamburul magnetic s\u0103 fie foarte potrivit pentru fluxurile de produse cu o contaminare puternic\u0103 cu Fe.<\/p>\n","protected":false},"excerpt":{"rendered":"<p style=\"margin: 0in; background: white;\"><span style=\"font-family: 'Arial',sans-serif; color: #545559;\">Magne\u021bii tubulari Tornum filtreaz\u0103 particulele metalice feromagnetice nedorite din granule, fibre \u0219i materiale mai grosiere \u00een liniile cu c\u0103dere liber\u0103 de mare capacitate. Ace\u0219tia sunt proiecta\u021bi robust pentru a rezista la o func\u021bionare continu\u0103. Ofer\u0103 un grad foarte ridicat de separare, cu condi\u021bia ca magne\u021bii s\u0103 fie cur\u0103\u021ba\u021bi \u00een mod regulat.<\/span><\/p>\n","protected":false},"featured_media":22026,"comment_status":"open","ping_status":"closed","template":"","meta":{"_acf_changed":false},"product_brand":[],"product_cat":[514,523,515,516,524,591],"product_tag":[554,592,529,546],"class_list":{"0":"post-24119","1":"product","2":"type-product","3":"status-publish","4":"has-post-thumbnail","6":"product_cat-all-products-ro","7":"product_cat-feed-ro","8":"product_cat-food-2-ro","9":"product_cat-grain-ro","10":"product_cat-material-handling-ro","11":"product_cat-pipe-system-ro","12":"product_tag-cleaning-ro","13":"product_tag-pipes-ro","14":"product_tag-separation-ro","15":"product_tag-transport-ro","16":"description-off","18":"first","19":"instock","20":"shipping-taxable","21":"product-type-simple"},"acf":[],"_links":{"self":[{"href":"https:\/\/www.tornum.com\/ro\/wp-json\/wp\/v2\/product\/24119","targetHints":{"allow":["GET"]}}],"collection":[{"href":"https:\/\/www.tornum.com\/ro\/wp-json\/wp\/v2\/product"}],"about":[{"href":"https:\/\/www.tornum.com\/ro\/wp-json\/wp\/v2\/types\/product"}],"replies":[{"embeddable":true,"href":"https:\/\/www.tornum.com\/ro\/wp-json\/wp\/v2\/comments?post=24119"}],"version-history":[{"count":2,"href":"https:\/\/www.tornum.com\/ro\/wp-json\/wp\/v2\/product\/24119\/revisions"}],"predecessor-version":[{"id":24125,"href":"https:\/\/www.tornum.com\/ro\/wp-json\/wp\/v2\/product\/24119\/revisions\/24125"}],"wp:featuredmedia":[{"embeddable":true,"href":"https:\/\/www.tornum.com\/ro\/wp-json\/wp\/v2\/media\/22026"}],"wp:attachment":[{"href":"https:\/\/www.tornum.com\/ro\/wp-json\/wp\/v2\/media?parent=24119"}],"wp:term":[{"taxonomy":"product_brand","embeddable":true,"href":"https:\/\/www.tornum.com\/ro\/wp-json\/wp\/v2\/product_brand?post=24119"},{"taxonomy":"product_cat","embeddable":true,"href":"https:\/\/www.tornum.com\/ro\/wp-json\/wp\/v2\/product_cat?post=24119"},{"taxonomy":"product_tag","embeddable":true,"href":"https:\/\/www.tornum.com\/ro\/wp-json\/wp\/v2\/product_tag?post=24119"}],"curies":[{"name":"wp","href":"https:\/\/api.w.org\/{rel}","templated":true}]}}