{"id":24120,"date":"2023-06-12T11:27:56","date_gmt":"2023-06-12T11:27:56","guid":{"rendered":"https:\/\/www.tornum.com\/product\/nmc-natural-moisture-control\/"},"modified":"2025-08-01T06:58:26","modified_gmt":"2025-08-01T06:58:26","slug":"nmc-controlul-natural-al-umiditatii","status":"publish","type":"product","link":"https:\/\/www.tornum.com\/ro\/produs\/nmc-controlul-natural-al-umiditatii\/","title":{"rendered":"NMC &#8211; CONTROLUL NATURAL AL UMIDIT\u0102\u021aII"},"content":{"rendered":"<div class=\"wpb-content-wrapper\"><p>[vc_row][vc_column width=&#8221;1\/2&#8243;][vc_column_text]Sistemul nostru de control NMC &#8211; Natural Moisture Control (Controlul natural al umidit\u0103\u021bii), dezvoltat la nivel intern, v\u0103 ofer\u0103 un control total asupra \u00eentregului proces de uscare \u0219i depozitare \u00een silozul dumneavoastr\u0103 de uscare sau de depozitare. Sistemul func\u021bioneaz\u0103 \u00een mod activ pentru a adapta at\u00e2t uscarea, c\u00e2t \u0219i aerisirea \u0219i amestecarea la condi\u021biile reale din interiorul \u0219i exteriorul spa\u021biului de depozitare. NMC creeaz\u0103 un proces de uscare atent \u0219i eficient din punct de vedere energetic, care v\u0103 preg\u0103te\u0219te recolta pentru livrare. Astfel asigura\u021bi calitatea \u0219i valoarea cerealelor dumneavoastr\u0103 pe \u00eentreaga perioad\u0103 de depozitare.[\/vc_column_text][\/vc_column][vc_column width=&#8221;1\/2&#8243;][vc_column_text]<strong>Monitorizare activ\u0103<br \/>\n<\/strong>Sistemul NMC monitorizeaz\u0103 \u0219i analizeaz\u0103 \u00een mod constant toate informa\u021biile provenite de la senzorii instala\u021bi. \u00cen cazul unor abateri, acesta declan\u0219eaz\u0103 o alarm\u0103 \u0219i poate, de asemenea, s\u0103 ac\u021bioneze \u00een mod autonom cu ajutorul ventilatoarelor \u0219i al dispozitivelor de agitare care sunt instalate pentru controlul mecanic.<\/p>\n<p><strong>Consum mai mic de energie<br \/>\n<\/strong>Sistemul monitorizeaz\u0103 temperaturile \u0219i nivelurile de umiditate at\u00e2t \u00een interiorul, c\u00e2t \u0219i \u00een exteriorul silozului \u0219i ajusteaz\u0103 procesul \u00een mod corespunz\u0103tor \u00een func\u021bie de aceste condi\u021bii.<\/p>\n<p><strong>Libertate \u0219i economie de timp<br \/>\n<\/strong>Sistemul NMC este bazat pe cloud \u0219i poate fi controlat \u0219i monitorizat de pe dispozitive mobile \u0219i computere. Pute\u021bi avea control total, indiferent unde v\u0103 afla\u021bi.<\/p>\n<p><strong>Uscare delicat\u0103<br \/>\n<\/strong>Prin adaptarea procesului de uscare la condi\u021biile din jur \u0219i prin reglarea doar a fluxului de aer, sistemul imit\u0103 modul natural de uscare a culturilor. Rezult\u0103 astfel un proces delicat, f\u0103r\u0103 schimb\u0103ri bru\u0219te care ar putea stresa culturile \u0219i deteriora calitatea acestora.[\/vc_column_text][\/vc_column][\/vc_row]<\/p>\n<\/div>","protected":false},"excerpt":{"rendered":"<p style=\"margin: 0in; background: white;\"><span style=\"font-family: 'Arial',sans-serif; color: #545559;\">Sistemul NMC monitorizeaz\u0103 \u0219i analizeaz\u0103 \u00een mod constant toate informa\u021biile provenite de la senzorii instala\u021bi. \u00cen cazul unor abateri, acesta declan\u0219eaz\u0103 o alarm\u0103 \u0219i poate, de asemenea, s\u0103 ac\u021bioneze \u00een mod autonom cu ajutorul ventilatoarelor \u0219i al dispozitivelor de agitare care sunt instalate pentru controlul mecanic.<\/span><\/p>\n","protected":false},"featured_media":53388,"comment_status":"open","ping_status":"closed","template":"","meta":{"_acf_changed":false},"product_brand":[],"product_cat":[514,516,532,593],"product_tag":[535,560],"class_list":{"0":"post-24120","1":"product","2":"type-product","3":"status-publish","4":"has-post-thumbnail","6":"product_cat-all-products-ro","7":"product_cat-grain-ro","8":"product_cat-grain-management-ro","9":"product_cat-nmc-ro","10":"product_tag-monitoring-ro","11":"product_tag-storage-ro","12":"description-off","14":"first","15":"instock","16":"shipping-taxable","17":"product-type-simple"},"acf":[],"_links":{"self":[{"href":"https:\/\/www.tornum.com\/ro\/wp-json\/wp\/v2\/product\/24120","targetHints":{"allow":["GET"]}}],"collection":[{"href":"https:\/\/www.tornum.com\/ro\/wp-json\/wp\/v2\/product"}],"about":[{"href":"https:\/\/www.tornum.com\/ro\/wp-json\/wp\/v2\/types\/product"}],"replies":[{"embeddable":true,"href":"https:\/\/www.tornum.com\/ro\/wp-json\/wp\/v2\/comments?post=24120"}],"version-history":[{"count":4,"href":"https:\/\/www.tornum.com\/ro\/wp-json\/wp\/v2\/product\/24120\/revisions"}],"predecessor-version":[{"id":51101,"href":"https:\/\/www.tornum.com\/ro\/wp-json\/wp\/v2\/product\/24120\/revisions\/51101"}],"wp:featuredmedia":[{"embeddable":true,"href":"https:\/\/www.tornum.com\/ro\/wp-json\/wp\/v2\/media\/53388"}],"wp:attachment":[{"href":"https:\/\/www.tornum.com\/ro\/wp-json\/wp\/v2\/media?parent=24120"}],"wp:term":[{"taxonomy":"product_brand","embeddable":true,"href":"https:\/\/www.tornum.com\/ro\/wp-json\/wp\/v2\/product_brand?post=24120"},{"taxonomy":"product_cat","embeddable":true,"href":"https:\/\/www.tornum.com\/ro\/wp-json\/wp\/v2\/product_cat?post=24120"},{"taxonomy":"product_tag","embeddable":true,"href":"https:\/\/www.tornum.com\/ro\/wp-json\/wp\/v2\/product_tag?post=24120"}],"curies":[{"name":"wp","href":"https:\/\/api.w.org\/{rel}","templated":true}]}}