{"id":24132,"date":"2023-05-04T12:51:09","date_gmt":"2023-05-04T12:51:09","guid":{"rendered":"https:\/\/www.tornum.com\/product\/rail-loading-equipment\/"},"modified":"2025-07-30T13:08:28","modified_gmt":"2025-07-30T13:08:28","slug":"echipamente-pentru-incarcat-trenuri","status":"publish","type":"product","link":"https:\/\/www.tornum.com\/ro\/produs\/echipamente-pentru-incarcat-trenuri\/","title":{"rendered":"ECHIPAMENTE PENTRU \u00ceNC\u0102RCAT TRENURI"},"content":{"rendered":"<div class=\"wpb-content-wrapper\"><p>[vc_row][vc_column width=&#8221;2\/3&#8243;][vc_column_text]<\/p>\n<div class=\"content o-stack-sm c-text\">\n<p>Containerele pentru \u00eenc\u0103rcat trenuri de la Tornum umplu rapid \u0219i eficient un vagon. Unitatea de desc\u0103rcare este format\u0103 dintr-un stand cu patru containere p\u0103trate cu un volum total de p\u00e2n\u0103 la 320 m<sup>3<\/sup>. De asemenea, putem furniza containere de \u00eenc\u0103rcare rotunde de diferite dimensiuni.<\/p>\n<\/div>\n<p>[\/vc_column_text][\/vc_column][vc_column width=&#8221;1\/3&#8243;][\/vc_column][\/vc_row]<\/p>\n<\/div>","protected":false},"excerpt":{"rendered":"<p>Containerele pentru \u00eenc\u0103rcat trenuri de la Tornum umplu rapid \u0219i eficient un vagon de tren. Unitatea de desc\u0103rcare este format\u0103 dintr-un stand cu patru containere p\u0103trate cu un volum total de p\u00e2n\u0103 la 320 m3. De asemenea, putem furniza containere de \u00eenc\u0103rcare rotunde de diferite dimensiuni.<\/p>\n","protected":false},"featured_media":22083,"comment_status":"open","ping_status":"closed","template":"","meta":{"_acf_changed":false},"product_brand":[],"product_cat":[514,515,516,557,561],"product_tag":[544,560,546],"class_list":{"0":"post-24132","1":"product","2":"type-product","3":"status-publish","4":"has-post-thumbnail","6":"product_cat-all-products-ro","7":"product_cat-food-2-ro","8":"product_cat-grain-ro","9":"product_cat-storage-ro","10":"product_cat-bulk-loading-bin-ro","11":"product_tag-bin-ro","12":"product_tag-storage-ro","13":"product_tag-transport-ro","14":"description-off","16":"first","17":"instock","18":"shipping-taxable","19":"product-type-simple"},"acf":[],"_links":{"self":[{"href":"https:\/\/www.tornum.com\/ro\/wp-json\/wp\/v2\/product\/24132","targetHints":{"allow":["GET"]}}],"collection":[{"href":"https:\/\/www.tornum.com\/ro\/wp-json\/wp\/v2\/product"}],"about":[{"href":"https:\/\/www.tornum.com\/ro\/wp-json\/wp\/v2\/types\/product"}],"replies":[{"embeddable":true,"href":"https:\/\/www.tornum.com\/ro\/wp-json\/wp\/v2\/comments?post=24132"}],"version-history":[{"count":2,"href":"https:\/\/www.tornum.com\/ro\/wp-json\/wp\/v2\/product\/24132\/revisions"}],"predecessor-version":[{"id":24135,"href":"https:\/\/www.tornum.com\/ro\/wp-json\/wp\/v2\/product\/24132\/revisions\/24135"}],"wp:featuredmedia":[{"embeddable":true,"href":"https:\/\/www.tornum.com\/ro\/wp-json\/wp\/v2\/media\/22083"}],"wp:attachment":[{"href":"https:\/\/www.tornum.com\/ro\/wp-json\/wp\/v2\/media?parent=24132"}],"wp:term":[{"taxonomy":"product_brand","embeddable":true,"href":"https:\/\/www.tornum.com\/ro\/wp-json\/wp\/v2\/product_brand?post=24132"},{"taxonomy":"product_cat","embeddable":true,"href":"https:\/\/www.tornum.com\/ro\/wp-json\/wp\/v2\/product_cat?post=24132"},{"taxonomy":"product_tag","embeddable":true,"href":"https:\/\/www.tornum.com\/ro\/wp-json\/wp\/v2\/product_tag?post=24132"}],"curies":[{"name":"wp","href":"https:\/\/api.w.org\/{rel}","templated":true}]}}