{"id":24133,"date":"2023-04-03T13:08:41","date_gmt":"2023-04-03T13:08:41","guid":{"rendered":"https:\/\/www.tornum.com\/product\/receiving-hopper\/"},"modified":"2025-07-30T13:17:21","modified_gmt":"2025-07-30T13:17:21","slug":"buncar-de-receptie","status":"publish","type":"product","link":"https:\/\/www.tornum.com\/ro\/produs\/buncar-de-receptie\/","title":{"rendered":"BUNC\u0102R DE RECEP\u021aIE"},"content":{"rendered":"<div class=\"wpb-content-wrapper\"><p>[vc_row][vc_column width=&#8221;2\/3&#8243;][vc_column_text]Bunc\u0103rul de recep\u021bie de la TORNUM a fost dezvoltat pentru a satisface cererea de pe pia\u021b\u0103 pentru un sistem simplu de colectare a cerealelor din camioane. Bunc\u0103rul de recep\u021bie este amplasat deasupra nivelului solului, ceea ce reduce la minimum amploarea construc\u021biilor \u0219i a lucr\u0103rilor de terasament necesare.<\/p>\n<p>Bunc\u0103rul de recep\u021bie este disponibil \u00een patru dimensiuni diferite, cu o \u00een\u0103l\u021bime variabil\u0103 a bunc\u0103rului. L\u0103\u021bimea bunc\u0103rului este \u00eentotdeauna constant\u0103 \u0219i ajunge la 4,5 m. Capacitatea transportorului de la baza bunc\u0103rului poate varia de la 30 la 120 de tone\/or\u0103.[\/vc_column_text][\/vc_column][vc_column width=&#8221;1\/3&#8243;][\/vc_column][\/vc_row]<\/p>\n<\/div>","protected":false},"excerpt":{"rendered":"<p>Bunc\u0103rul de recep\u021bie de la TORNUM a fost dezvoltat pentru a satisface cererea de pe pia\u021b\u0103 pentru un sistem simplu de colectare a cerealelor din camioane. Bunc\u0103rul de recep\u021bie este amplasat deasupra nivelului solului, ceea ce reduce la minimum amploarea construc\u021biilor \u0219i a lucr\u0103rilor de terasament necesare.<\/p>\n","protected":false},"featured_media":20814,"comment_status":"open","ping_status":"closed","template":"","meta":{"_acf_changed":false},"product_brand":[],"product_cat":[514,523,515,516,524,547,548],"product_tag":[544,520,546],"class_list":{"0":"post-24133","1":"product","2":"type-product","3":"status-publish","4":"has-post-thumbnail","6":"product_cat-all-products-ro","7":"product_cat-feed-ro","8":"product_cat-food-2-ro","9":"product_cat-grain-ro","10":"product_cat-material-handling-ro","11":"product_cat-intake-pit-ro","12":"product_cat-intake-pit-storage-ro","13":"product_tag-bin-ro","14":"product_tag-dryer-ro","15":"product_tag-transport-ro","16":"pa_products-type-grain-ro","17":"description-off","19":"first","20":"instock","21":"shipping-taxable","22":"product-type-simple"},"acf":[],"_links":{"self":[{"href":"https:\/\/www.tornum.com\/ro\/wp-json\/wp\/v2\/product\/24133","targetHints":{"allow":["GET"]}}],"collection":[{"href":"https:\/\/www.tornum.com\/ro\/wp-json\/wp\/v2\/product"}],"about":[{"href":"https:\/\/www.tornum.com\/ro\/wp-json\/wp\/v2\/types\/product"}],"replies":[{"embeddable":true,"href":"https:\/\/www.tornum.com\/ro\/wp-json\/wp\/v2\/comments?post=24133"}],"version-history":[{"count":2,"href":"https:\/\/www.tornum.com\/ro\/wp-json\/wp\/v2\/product\/24133\/revisions"}],"predecessor-version":[{"id":24137,"href":"https:\/\/www.tornum.com\/ro\/wp-json\/wp\/v2\/product\/24133\/revisions\/24137"}],"wp:featuredmedia":[{"embeddable":true,"href":"https:\/\/www.tornum.com\/ro\/wp-json\/wp\/v2\/media\/20814"}],"wp:attachment":[{"href":"https:\/\/www.tornum.com\/ro\/wp-json\/wp\/v2\/media?parent=24133"}],"wp:term":[{"taxonomy":"product_brand","embeddable":true,"href":"https:\/\/www.tornum.com\/ro\/wp-json\/wp\/v2\/product_brand?post=24133"},{"taxonomy":"product_cat","embeddable":true,"href":"https:\/\/www.tornum.com\/ro\/wp-json\/wp\/v2\/product_cat?post=24133"},{"taxonomy":"product_tag","embeddable":true,"href":"https:\/\/www.tornum.com\/ro\/wp-json\/wp\/v2\/product_tag?post=24133"}],"curies":[{"name":"wp","href":"https:\/\/api.w.org\/{rel}","templated":true}]}}