{"id":24141,"date":"2023-09-04T11:17:20","date_gmt":"2023-09-04T11:17:20","guid":{"rendered":"https:\/\/www.tornum.com\/product\/round-ducts\/"},"modified":"2025-07-30T13:23:54","modified_gmt":"2025-07-30T13:23:54","slug":"tevi-rotunde","status":"publish","type":"product","link":"https:\/\/www.tornum.com\/ro\/produs\/tevi-rotunde\/","title":{"rendered":"\u021aEVI ROTUNDE"},"content":{"rendered":"<div class=\"content o-stack-sm c-text\">\n<p>Sistemele de conducte modulare cu margini precise cu flan\u0219e sunt utilizate \u00een special pentru transportul cerealelor \u0219i al altor m\u0103rfuri \u00een vrac. \u021aevile sudate longitudinal cu sudur\u0103 tip folie v\u0103 ofer\u0103 o precizie dimensional\u0103 ridicat\u0103 \u0219i protec\u021bie \u00eempotriva coroziunii. Sistemul modular face posibil ca piesele s\u0103 poat\u0103 fi schimbate, precum \u0219i ca un sistem de \u021bevi deja existent s\u0103 poat\u0103 fi extins \u00een func\u021bie de necesit\u0103\u021bi. \u021aevile cu diametre cuprinse \u00eentre 100-400 mm sunt disponibile rapid din stoc. Datorit\u0103 utilajelor de \u00eenalt\u0103 tehnologie, o livrare suplimentar\u0103 poate fi realizat\u0103 cu promptitudine.<\/p>\n<p>Gama de \u021bevi este disponibil\u0103 \u0219i cu protec\u021bie la abraziune \u00een cazuri mai dificile. Aceste \u021bevi sunt echipate cu o c\u0103ptu\u0219eal\u0103 din plastic rezistent la abraziune. Ca urmare, durata de via\u021b\u0103 poate fi m\u0103rit\u0103 de 10 ori. De asemenea, c\u0103ptu\u0219eala poate fi schimbat\u0103 \u00een c\u00e2\u021biva pa\u0219i simpli.<\/p>\n<\/div>\n","protected":false},"excerpt":{"rendered":"<p>Sistemele noastre modulare de \u021bevi rotunde sunt disponibile \u00een diferite dimensiuni nominale, grosimi, diametre, galvanizate sau vopsite, cu sau f\u0103r\u0103 protec\u021bie APS de \u00eenalt\u0103 densitate \u00een interior, \u0219i se potrivesc oric\u0103rei aplica\u021bii agricole, fie c\u0103 este vorba de agricultur\u0103, de uz industrial sau comercial.<\/p>\n","protected":false},"featured_media":22098,"comment_status":"open","ping_status":"closed","template":"","meta":{"_acf_changed":false},"product_brand":[],"product_cat":[514,523,515,516,524,591],"product_tag":[592,565],"class_list":{"0":"post-24141","1":"product","2":"type-product","3":"status-publish","4":"has-post-thumbnail","6":"product_cat-all-products-ro","7":"product_cat-feed-ro","8":"product_cat-food-2-ro","9":"product_cat-grain-ro","10":"product_cat-material-handling-ro","11":"product_cat-pipe-system-ro","12":"product_tag-pipes-ro","13":"product_tag-radial-fan-ro","15":"first","16":"instock","17":"shipping-taxable","18":"product-type-simple"},"acf":[],"_links":{"self":[{"href":"https:\/\/www.tornum.com\/ro\/wp-json\/wp\/v2\/product\/24141","targetHints":{"allow":["GET"]}}],"collection":[{"href":"https:\/\/www.tornum.com\/ro\/wp-json\/wp\/v2\/product"}],"about":[{"href":"https:\/\/www.tornum.com\/ro\/wp-json\/wp\/v2\/types\/product"}],"replies":[{"embeddable":true,"href":"https:\/\/www.tornum.com\/ro\/wp-json\/wp\/v2\/comments?post=24141"}],"version-history":[{"count":2,"href":"https:\/\/www.tornum.com\/ro\/wp-json\/wp\/v2\/product\/24141\/revisions"}],"predecessor-version":[{"id":24148,"href":"https:\/\/www.tornum.com\/ro\/wp-json\/wp\/v2\/product\/24141\/revisions\/24148"}],"wp:featuredmedia":[{"embeddable":true,"href":"https:\/\/www.tornum.com\/ro\/wp-json\/wp\/v2\/media\/22098"}],"wp:attachment":[{"href":"https:\/\/www.tornum.com\/ro\/wp-json\/wp\/v2\/media?parent=24141"}],"wp:term":[{"taxonomy":"product_brand","embeddable":true,"href":"https:\/\/www.tornum.com\/ro\/wp-json\/wp\/v2\/product_brand?post=24141"},{"taxonomy":"product_cat","embeddable":true,"href":"https:\/\/www.tornum.com\/ro\/wp-json\/wp\/v2\/product_cat?post=24141"},{"taxonomy":"product_tag","embeddable":true,"href":"https:\/\/www.tornum.com\/ro\/wp-json\/wp\/v2\/product_tag?post=24141"}],"curies":[{"name":"wp","href":"https:\/\/api.w.org\/{rel}","templated":true}]}}