{"id":24142,"date":"2023-05-14T20:19:26","date_gmt":"2023-05-14T20:19:26","guid":{"rendered":"https:\/\/www.tornum.com\/product\/screw-auger\/"},"modified":"2025-07-31T05:32:33","modified_gmt":"2025-07-31T05:32:33","slug":"snec","status":"publish","type":"product","link":"https:\/\/www.tornum.com\/ro\/produs\/snec\/","title":{"rendered":"\u0218NEC"},"content":{"rendered":"<p>\u0218necul TORNUM este potrivit pentru transportul materialelor granulare \u0219i sub form\u0103 de pulbere, cum ar fi cereale, furaje, granule \u0219i pelete de lemn. Poate fi utilizat la diferite unghiuri de \u00eenclinare pentru transportul de la orizontal\u0103 la vertical\u0103. Fiecare \u0219nec poate fi adaptat \u00een func\u021bie de materialul \u0219i capacitatea necesar\u0103.<\/p>\n<p>Principiul transportatorului nostru melcat este un \u0219nec elicoidal cu un arbore central, care func\u021bioneaz\u0103 \u00een interiorul unui tub de o\u021bel. Sistemul de tuburi const\u0103 \u00eentr-o combina\u021bie de lungimi standard fixe care sunt asamblate pentru a forma un transportor complet de lungimea dorit\u0103.<\/p>\n<p>Exist\u0103 dou\u0103 tipuri principale de unit\u0103\u021bi de ac\u021bionare: fie a\u0219a-numita ac\u021bionare direct\u0103, \u00een care motorul este conectat direct la \u0219nec, exist\u00e2nd doar un cuplaj \u00eentre ele, fie transmisia deschis\u0103 cu lan\u021b sau curea de transmisie.<\/p>\n<p>\u0218necul este format\u0103 dintr-o spiral\u0103 din o\u021bel cu un miez tubular din o\u021bel. \u0218necul este disponibil\u0103 cu diametre diferite pentru fiecare grup principal. Pasul \u0219i diametrul spiralei trebuie s\u0103 fie selectate \u00een func\u021bie de tipul de material \u0219i de capacitatea necesar\u0103. Tubul exterior este fabricat din o\u021bel galvanizat. \u0218necul \u0219i tubul exterior se combin\u0103 pentru a forma o a\u0219a-numit\u0103 extensie.<\/p>\n","protected":false},"excerpt":{"rendered":"<p>\u0218necul TORNUM este potrivit pentru transportul materialelor granulare \u0219i sub form\u0103 de pulbere, cum ar fi cereale, furaje, granule \u0219i pelete de lemn. Poate fi utilizat la diferite unghiuri de \u00eenclinare pentru transportul de la orizontal\u0103 la vertical\u0103. Fiecare \u0219nec poate fi adaptat \u00een func\u021bie de materialul \u0219i capacitatea necesar\u0103.<\/p>\n","protected":false},"featured_media":21164,"comment_status":"open","ping_status":"closed","template":"","meta":{"_acf_changed":false},"product_brand":[],"product_cat":[514,523,515,516,524,567],"product_tag":[560,546],"class_list":{"0":"post-24142","1":"product","2":"type-product","3":"status-publish","4":"has-post-thumbnail","6":"product_cat-all-products-ro","7":"product_cat-feed-ro","8":"product_cat-food-2-ro","9":"product_cat-grain-ro","10":"product_cat-material-handling-ro","11":"product_cat-screw-auger-ro","12":"product_tag-storage-ro","13":"product_tag-transport-ro","14":"description-off","16":"first","17":"instock","18":"shipping-taxable","19":"product-type-simple"},"acf":[],"_links":{"self":[{"href":"https:\/\/www.tornum.com\/ro\/wp-json\/wp\/v2\/product\/24142","targetHints":{"allow":["GET"]}}],"collection":[{"href":"https:\/\/www.tornum.com\/ro\/wp-json\/wp\/v2\/product"}],"about":[{"href":"https:\/\/www.tornum.com\/ro\/wp-json\/wp\/v2\/types\/product"}],"replies":[{"embeddable":true,"href":"https:\/\/www.tornum.com\/ro\/wp-json\/wp\/v2\/comments?post=24142"}],"version-history":[{"count":2,"href":"https:\/\/www.tornum.com\/ro\/wp-json\/wp\/v2\/product\/24142\/revisions"}],"predecessor-version":[{"id":24150,"href":"https:\/\/www.tornum.com\/ro\/wp-json\/wp\/v2\/product\/24142\/revisions\/24150"}],"wp:featuredmedia":[{"embeddable":true,"href":"https:\/\/www.tornum.com\/ro\/wp-json\/wp\/v2\/media\/21164"}],"wp:attachment":[{"href":"https:\/\/www.tornum.com\/ro\/wp-json\/wp\/v2\/media?parent=24142"}],"wp:term":[{"taxonomy":"product_brand","embeddable":true,"href":"https:\/\/www.tornum.com\/ro\/wp-json\/wp\/v2\/product_brand?post=24142"},{"taxonomy":"product_cat","embeddable":true,"href":"https:\/\/www.tornum.com\/ro\/wp-json\/wp\/v2\/product_cat?post=24142"},{"taxonomy":"product_tag","embeddable":true,"href":"https:\/\/www.tornum.com\/ro\/wp-json\/wp\/v2\/product_tag?post=24142"}],"curies":[{"name":"wp","href":"https:\/\/api.w.org\/{rel}","templated":true}]}}