{"id":24153,"date":"2023-05-14T20:04:48","date_gmt":"2023-05-14T20:04:48","guid":{"rendered":"https:\/\/www.tornum.com\/product\/spirogyre-sweep-auger\/"},"modified":"2025-07-31T05:45:55","modified_gmt":"2025-07-31T05:45:55","slug":"snec-maturator-spirogyre","status":"publish","type":"product","link":"https:\/\/www.tornum.com\/ro\/produs\/snec-maturator-spirogyre\/","title":{"rendered":"\u0218NEC M\u0102TUR\u0102TOR SPIROGYRE"},"content":{"rendered":"<p><strong>SPIROGYRE DE LA MORILLON <\/strong><\/p>\n<p>Spirogyre Tornum de la Morillon, este un melc robust care \u00eendepline\u0219te cerin\u021bele de utilizare industrial\u0103. Acestea sunt disponibile pentru silozuri cu diametre de la 5 la 35 de metri.<\/p>\n<p>Spirogyre este disponibil \u00een dou\u0103 modele: tipul S, cu un motor cu ro\u021bi din\u021bate cu \u0219uruburi suspendate, \u0219i tipul SCD, cu un motor amplasat dedesubt, pentru o func\u021bionare mai sigur\u0103 \u0219i un acces u\u0219or de service.<\/p>\n<p>Mi\u0219carea \u00eenainte \u00een siloz se realizeaz\u0103 prin intermediul unei transmisii cu o roat\u0103 segmentat\u0103 cauciucat\u0103 pentru o func\u021bionare sigur\u0103. Sunt disponibile \u00een cinci dimensiuni, cu o capacitate de 25-300 tone\/or\u0103<\/p>\n","protected":false},"excerpt":{"rendered":"<p>Spirogyre Tornum de la Morillon, este un \u0219nec robust care \u00eendepline\u0219te cerin\u021bele de utilizare industrial\u0103. Acestea sunt disponibile pentru silozuri cu diametre de la 5 la 35 de metri.<\/p>\n","protected":false},"featured_media":22032,"comment_status":"open","ping_status":"closed","template":"","meta":{"_acf_changed":false},"product_brand":[],"product_cat":[514,516,524,566,567,595],"product_tag":[560,546],"class_list":{"0":"post-24153","1":"product","2":"type-product","3":"status-publish","4":"has-post-thumbnail","6":"product_cat-all-products-ro","7":"product_cat-grain-ro","8":"product_cat-material-handling-ro","9":"product_cat-silo-discharge-ro","10":"product_cat-screw-auger-ro","11":"product_cat-sweep-conveyor-ro","12":"product_tag-storage-ro","13":"product_tag-transport-ro","14":"description-off","16":"first","17":"instock","18":"shipping-taxable","19":"product-type-simple"},"acf":[],"_links":{"self":[{"href":"https:\/\/www.tornum.com\/ro\/wp-json\/wp\/v2\/product\/24153","targetHints":{"allow":["GET"]}}],"collection":[{"href":"https:\/\/www.tornum.com\/ro\/wp-json\/wp\/v2\/product"}],"about":[{"href":"https:\/\/www.tornum.com\/ro\/wp-json\/wp\/v2\/types\/product"}],"replies":[{"embeddable":true,"href":"https:\/\/www.tornum.com\/ro\/wp-json\/wp\/v2\/comments?post=24153"}],"version-history":[{"count":2,"href":"https:\/\/www.tornum.com\/ro\/wp-json\/wp\/v2\/product\/24153\/revisions"}],"predecessor-version":[{"id":24157,"href":"https:\/\/www.tornum.com\/ro\/wp-json\/wp\/v2\/product\/24153\/revisions\/24157"}],"wp:featuredmedia":[{"embeddable":true,"href":"https:\/\/www.tornum.com\/ro\/wp-json\/wp\/v2\/media\/22032"}],"wp:attachment":[{"href":"https:\/\/www.tornum.com\/ro\/wp-json\/wp\/v2\/media?parent=24153"}],"wp:term":[{"taxonomy":"product_brand","embeddable":true,"href":"https:\/\/www.tornum.com\/ro\/wp-json\/wp\/v2\/product_brand?post=24153"},{"taxonomy":"product_cat","embeddable":true,"href":"https:\/\/www.tornum.com\/ro\/wp-json\/wp\/v2\/product_cat?post=24153"},{"taxonomy":"product_tag","embeddable":true,"href":"https:\/\/www.tornum.com\/ro\/wp-json\/wp\/v2\/product_tag?post=24153"}],"curies":[{"name":"wp","href":"https:\/\/api.w.org\/{rel}","templated":true}]}}