{"id":24154,"date":"2023-05-14T20:02:43","date_gmt":"2023-05-14T20:02:43","guid":{"rendered":"https:\/\/www.tornum.com\/product\/sweep-auger-cst\/"},"modified":"2025-07-31T05:53:47","modified_gmt":"2025-07-31T05:53:47","slug":"snec-maturator-cst","status":"publish","type":"product","link":"https:\/\/www.tornum.com\/ro\/produs\/snec-maturator-cst\/","title":{"rendered":"\u0218NEC M\u0102TUR\u0102TOR CST"},"content":{"rendered":"<h3 style=\"background: white; margin: 0in 0in 7.5pt 0in;\"><span style=\"font-family: 'Arial',sans-serif;\">\u0218NEC M\u0102TUR\u0102TOR CST<\/span><\/h3>\n<p style=\"background: white; margin: 0in 0in 7.5pt 0in;\"><span style=\"font-family: 'Arial',sans-serif; color: black;\">Gama CST de \u0219necuri este fabricat\u0103 pentru a se potrivi unei game largi de diametre de siloz \u0219i este proiectat\u0103 pentru a fi instalat\u0103 permanent \u00een siloz \u0219i poate fi utilizat\u0103 cu materiale granulare cu curgere liber\u0103. Sunt disponibile trei capacit\u0103\u021bi de transport; transmisia cu motor cu cuplaj direct cu angrenaje poate fi montat\u0103 fie \u00een siloz, fie, la un cost suplimentar, \u00een galeria de sub siloz. <\/span><\/p>\n<p style=\"margin: 0in; background: white;\"><strong><span style=\"font-family: 'Arial',sans-serif; color: black;\">\u0218NEC M\u0102TUR\u0102TOR MODEL CST<\/span><\/strong><span style=\"font-family: 'Arial',sans-serif; color: black;\"><br \/>\nAcest \u0219nec compact, permanent, cu capac, transmisie cu motor cu angrenaj direct, inel de alunecare \u0219i progresie cu sabo\u021bi de deplasare este disponibil cu capacit\u0103\u021bi de la 30 la 50 t\/or\u0103 \u0219i este potrivit pentru silozurile de la modelul FP06 la FP18. Standardul ATEX este disponibil la un cost suplimentar. Capacul \u0219i cadrul de montaj au finisaj galvanizat.<\/span><\/p>\n<p style=\"margin: 0in; background: white;\"><strong><span style=\"font-family: 'Arial',sans-serif; color: black;\">\u0218NEC M\u0102TUR\u0102TOR <\/span><\/strong><b><span style=\"font-family: 'Arial',sans-serif; color: black;\">MODEL <strong><span style=\"font-family: 'Arial',sans-serif;\">CSTF <\/span><\/strong><\/span><\/b><span style=\"font-family: 'Arial',sans-serif; color: black;\"><br \/>\nSunt disponibile trei capacit\u0103\u021bi de transport; transmisia cu motor cu cuplaj direct poate fi montat\u0103 fie \u00een siloz, fie, la un cost suplimentar, \u00een galeria de sub siloz.<br \/>\n\u0218necul permanent CSTF are capac vopsit, cu conexiuni cu flan\u0219\u0103 cu \u0219uruburi, transmisie cu motor cu angrenaj direct, inel de alunecare \u0219i progresie cu sabo\u021bi de deplasare, este disponibil cu capacit\u0103\u021bi de la 30 la 50 t\/or\u0103 \u0219i este potrivit pentru silozurile de la modelele FP18 la FP26. Standardul ATEX este disponibil la un cost suplimentar. Cadrul de montare este galvanizat.<\/span><\/p>\n<p style=\"margin: 0in; background: white;\"><strong><span style=\"font-family: 'Arial',sans-serif; color: black;\">\u0218NEC M\u0102TUR\u0102TOR <\/span><\/strong><b><span style=\"font-family: 'Arial',sans-serif; color: black;\">MODEL <strong><span style=\"font-family: 'Arial',sans-serif;\">CSTFR \/ CSTFRH<\/span><\/strong><\/span><\/b><span style=\"font-family: 'Arial',sans-serif; color: black;\"><br \/>\nAnsamblul de ac\u021bionare este montat pe un cadru puternic central vopsit \u0219i sunt disponibile specifica\u021bii ATEX. Un echipament de construc\u021bie mai grea, \u0219necul CSTFR are, de asemenea, o capacitate de 30 p\u00e2n\u0103 la 50 t\/or\u0103 \u0219i este potrivit pentru modelele de siloz FP20 p\u00e2n\u0103 la FP26, cu ac\u021bion\u0103ri standard ATEX disponibile, dac\u0103 este necesar. Proiectat special pentru orez nedecorticat, melcul CSTFRH utilizeaz\u0103 un sistem de ac\u021bionare similar \u0219i folose\u0219te o roat\u0103 de cauciuc pentru progresie.<\/span><\/p>\n","protected":false},"excerpt":{"rendered":"<p>Gama CST de \u0219necuri este fabricat\u0103 pentru a se potrivi unei game largi de diametre de siloz \u0219i este proiectat\u0103 pentru a fi instalat\u0103 permanent \u00een siloz \u0219i poate fi utilizat\u0103 cu materiale granulare cu curgere liber\u0103. Sunt disponibile trei capacit\u0103\u021bi de transport; transmisia cu motor cu cuplaj direct cu angrenaje poate fi montat\u0103 fie \u00een siloz, fie, la un cost suplimentar, \u00een galeria de sub siloz.<\/p>\n","protected":false},"featured_media":21130,"comment_status":"open","ping_status":"closed","template":"","meta":{"_acf_changed":false},"product_brand":[],"product_cat":[514,516,524,567,595],"product_tag":[560,546],"class_list":{"0":"post-24154","1":"product","2":"type-product","3":"status-publish","4":"has-post-thumbnail","6":"product_cat-all-products-ro","7":"product_cat-grain-ro","8":"product_cat-material-handling-ro","9":"product_cat-screw-auger-ro","10":"product_cat-sweep-conveyor-ro","11":"product_tag-storage-ro","12":"product_tag-transport-ro","13":"description-off","15":"first","16":"instock","17":"shipping-taxable","18":"product-type-simple"},"acf":[],"_links":{"self":[{"href":"https:\/\/www.tornum.com\/ro\/wp-json\/wp\/v2\/product\/24154","targetHints":{"allow":["GET"]}}],"collection":[{"href":"https:\/\/www.tornum.com\/ro\/wp-json\/wp\/v2\/product"}],"about":[{"href":"https:\/\/www.tornum.com\/ro\/wp-json\/wp\/v2\/types\/product"}],"replies":[{"embeddable":true,"href":"https:\/\/www.tornum.com\/ro\/wp-json\/wp\/v2\/comments?post=24154"}],"version-history":[{"count":2,"href":"https:\/\/www.tornum.com\/ro\/wp-json\/wp\/v2\/product\/24154\/revisions"}],"predecessor-version":[{"id":24159,"href":"https:\/\/www.tornum.com\/ro\/wp-json\/wp\/v2\/product\/24154\/revisions\/24159"}],"wp:featuredmedia":[{"embeddable":true,"href":"https:\/\/www.tornum.com\/ro\/wp-json\/wp\/v2\/media\/21130"}],"wp:attachment":[{"href":"https:\/\/www.tornum.com\/ro\/wp-json\/wp\/v2\/media?parent=24154"}],"wp:term":[{"taxonomy":"product_brand","embeddable":true,"href":"https:\/\/www.tornum.com\/ro\/wp-json\/wp\/v2\/product_brand?post=24154"},{"taxonomy":"product_cat","embeddable":true,"href":"https:\/\/www.tornum.com\/ro\/wp-json\/wp\/v2\/product_cat?post=24154"},{"taxonomy":"product_tag","embeddable":true,"href":"https:\/\/www.tornum.com\/ro\/wp-json\/wp\/v2\/product_tag?post=24154"}],"curies":[{"name":"wp","href":"https:\/\/api.w.org\/{rel}","templated":true}]}}