{"id":24155,"date":"2023-05-14T20:07:50","date_gmt":"2023-05-14T20:07:50","guid":{"rendered":"https:\/\/www.tornum.com\/product\/sweep-conveyor-ktis\/"},"modified":"2025-07-09T14:07:39","modified_gmt":"2025-07-09T14:07:39","slug":"transportor-de-maturare-ktis","status":"publish","type":"product","link":"https:\/\/www.tornum.com\/ro\/produs\/transportor-de-maturare-ktis\/","title":{"rendered":"TRANSPORTOR DE M\u0102TURARE KTIS"},"content":{"rendered":"<h3>TRANSPORTOR KTIS<\/h3>\n<p>Transportorul KTIS mut\u0103 materialul dintr-un siloz c\u0103tre un transportor inferior. Acesta poate fi operat f\u0103r\u0103 a fi expus \u0219i este echipat cu o m\u0103tur\u0103, ceea ce \u00eenseamn\u0103 c\u0103 \u00een siloz r\u0103m\u00e2ne doar o cantitate mic\u0103 de cereale.<\/p>\n<p>KTIS este fabricat din material galvanizat, \u00een conformitate cu directivele UE privind ma\u0219inile. KTIS este clasificat ca transportor de categoria II 0D\/OD \u0219i este potrivit pentru gestionarea materialelor granulate \u0219i pulverizate care nu sunt clasificate.<\/p>\n<p>Transportorul de m\u0103turare KTIS este conceput pentru a muta cerealele dintr-un siloz c\u0103tre un transportor inferior Skandia. Capacit\u0103\u021bile nominale se bazeaz\u0103 pe cereale cu un con\u021binut de umiditate de 15% \u0219i o densitate \u00een vrac de 750 kg\/m\u00b3. Capacitatea va fi afectat\u0103 cu acela\u0219i procent cu care se schimb\u0103 num\u0103rul de rota\u021bii din cutia de viteze. Conectarea ma\u0219inii are loc cu ajutorul unui cablu cu fi\u0219\u0103 de conectare. Inelul de alunecare este disponibil ca accesoriu, la un cost suplimentar.<\/p>\n","protected":false},"excerpt":{"rendered":"<p>Transportorul KTIS mut\u0103 materialul dintr-un siloz c\u0103tre un transportor inferior. Acesta poate fi operat f\u0103r\u0103 a fi expus \u0219i este echipat cu o m\u0103tur\u0103, ceea ce \u00eenseamn\u0103 c\u0103 \u00een siloz r\u0103m\u00e2ne doar o cantitate mic\u0103 de cereale.<\/p>\n","protected":false},"featured_media":21146,"comment_status":"open","ping_status":"closed","template":"","meta":{"_acf_changed":false},"product_brand":[],"product_cat":[514,516,524,579,566,595],"product_tag":[560,546],"class_list":{"0":"post-24155","1":"product","2":"type-product","3":"status-publish","4":"has-post-thumbnail","6":"product_cat-all-products-ro","7":"product_cat-grain-ro","8":"product_cat-material-handling-ro","9":"product_cat-conveyors-ro","10":"product_cat-silo-discharge-ro","11":"product_cat-sweep-conveyor-ro","12":"product_tag-storage-ro","13":"product_tag-transport-ro","14":"description-off","16":"first","17":"instock","18":"shipping-taxable","19":"product-type-simple"},"acf":[],"_links":{"self":[{"href":"https:\/\/www.tornum.com\/ro\/wp-json\/wp\/v2\/product\/24155","targetHints":{"allow":["GET"]}}],"collection":[{"href":"https:\/\/www.tornum.com\/ro\/wp-json\/wp\/v2\/product"}],"about":[{"href":"https:\/\/www.tornum.com\/ro\/wp-json\/wp\/v2\/types\/product"}],"replies":[{"embeddable":true,"href":"https:\/\/www.tornum.com\/ro\/wp-json\/wp\/v2\/comments?post=24155"}],"version-history":[{"count":2,"href":"https:\/\/www.tornum.com\/ro\/wp-json\/wp\/v2\/product\/24155\/revisions"}],"predecessor-version":[{"id":24161,"href":"https:\/\/www.tornum.com\/ro\/wp-json\/wp\/v2\/product\/24155\/revisions\/24161"}],"wp:featuredmedia":[{"embeddable":true,"href":"https:\/\/www.tornum.com\/ro\/wp-json\/wp\/v2\/media\/21146"}],"wp:attachment":[{"href":"https:\/\/www.tornum.com\/ro\/wp-json\/wp\/v2\/media?parent=24155"}],"wp:term":[{"taxonomy":"product_brand","embeddable":true,"href":"https:\/\/www.tornum.com\/ro\/wp-json\/wp\/v2\/product_brand?post=24155"},{"taxonomy":"product_cat","embeddable":true,"href":"https:\/\/www.tornum.com\/ro\/wp-json\/wp\/v2\/product_cat?post=24155"},{"taxonomy":"product_tag","embeddable":true,"href":"https:\/\/www.tornum.com\/ro\/wp-json\/wp\/v2\/product_tag?post=24155"}],"curies":[{"name":"wp","href":"https:\/\/api.w.org\/{rel}","templated":true}]}}