{"id":24165,"date":"2023-05-14T20:09:44","date_gmt":"2023-05-14T20:09:44","guid":{"rendered":"https:\/\/www.tornum.com\/product\/sweep-out\/"},"modified":"2024-05-15T11:11:13","modified_gmt":"2024-05-15T11:11:13","slug":"snec-maturator-sweep-out","status":"publish","type":"product","link":"https:\/\/www.tornum.com\/ro\/produs\/snec-maturator-sweep-out\/","title":{"rendered":"\u0218NEC M\u0102TUR\u0102TOR SWEEP OUT"},"content":{"rendered":"<h3 style=\"background: white; margin: 0in 0in 7.5pt 0in;\"><span style=\"font-family: 'Arial',sans-serif;\">\u0218NEC M\u0102TUR\u0102TOR SWEEP OUT<\/span><\/h3>\n<p style=\"background: white; margin: 0in 0in 7.5pt 0in;\"><span style=\"font-family: 'Arial',sans-serif; color: black;\">Sweep Out este un \u0219nec m\u0103tur\u0103tor portabil pentru desc\u0103rcarea final\u0103 a silozurilor de depozitare a cerealelor. Sweep Out este fabricat \u00een Suedia \u0219i are o construc\u021bie robust\u0103, ideal\u0103 pentru scopul pentru care este destinat. Designul este u\u0219or de utilizat, cu un m\u00e2ner de transport care faciliteaz\u0103 deplasarea \u00eentre silozuri. Capacitate maxim\u0103 de 25 tone\/or\u0103.<\/span><\/p>\n<p style=\"margin: 0in; background: white;\"><strong><span style=\"font-family: 'Arial',sans-serif; color: black;\">STRUCTUR\u0102 \u0218I FUNC\u021aIONARE <\/span><\/strong><span style=\"font-family: 'Arial',sans-serif; color: black;\"><br \/>\n&#8211; Ac\u021bionat de un motor cu reductor melcat cu montaj direct (elimin\u0103 \u00eentre\u021binerea \u0219i riscul de incendiu)<br \/>\n&#8211; Disponibil pentru silozuri cu diametrul de la 4 metri la 15 metri, iar dimensiunile pot fi ajustate pentru a se potrivi tuturor modelelor de silozuri rotunde.<\/span><\/p>\n","protected":false},"excerpt":{"rendered":"<p>Sweep Out este un \u0219nec m\u0103tur\u0103tor portabil pentru desc\u0103rcarea final\u0103 a silozurilor de depozitare a cerealelor. Sweep Out este fabricat \u00een Suedia \u0219i are o construc\u021bie robust\u0103, ideal\u0103 pentru scopul pentru care este destinat. Designul este u\u0219or de utilizat, cu un m\u00e2ner de transport care faciliteaz\u0103 deplasarea \u00eentre silozuri. Capacitate maxim\u0103 de 25 tone\/or\u0103.<\/p>\n","protected":false},"featured_media":21154,"comment_status":"open","ping_status":"closed","template":"","meta":{"_acf_changed":false},"product_brand":[],"product_cat":[514,516,524,566,567,595],"product_tag":[560,546],"class_list":{"0":"post-24165","1":"product","2":"type-product","3":"status-publish","4":"has-post-thumbnail","6":"product_cat-all-products-ro","7":"product_cat-grain-ro","8":"product_cat-material-handling-ro","9":"product_cat-silo-discharge-ro","10":"product_cat-screw-auger-ro","11":"product_cat-sweep-conveyor-ro","12":"product_tag-storage-ro","13":"product_tag-transport-ro","14":"description-off","16":"first","17":"instock","18":"shipping-taxable","19":"product-type-simple"},"acf":[],"_links":{"self":[{"href":"https:\/\/www.tornum.com\/ro\/wp-json\/wp\/v2\/product\/24165","targetHints":{"allow":["GET"]}}],"collection":[{"href":"https:\/\/www.tornum.com\/ro\/wp-json\/wp\/v2\/product"}],"about":[{"href":"https:\/\/www.tornum.com\/ro\/wp-json\/wp\/v2\/types\/product"}],"replies":[{"embeddable":true,"href":"https:\/\/www.tornum.com\/ro\/wp-json\/wp\/v2\/comments?post=24165"}],"version-history":[{"count":2,"href":"https:\/\/www.tornum.com\/ro\/wp-json\/wp\/v2\/product\/24165\/revisions"}],"predecessor-version":[{"id":24169,"href":"https:\/\/www.tornum.com\/ro\/wp-json\/wp\/v2\/product\/24165\/revisions\/24169"}],"wp:featuredmedia":[{"embeddable":true,"href":"https:\/\/www.tornum.com\/ro\/wp-json\/wp\/v2\/media\/21154"}],"wp:attachment":[{"href":"https:\/\/www.tornum.com\/ro\/wp-json\/wp\/v2\/media?parent=24165"}],"wp:term":[{"taxonomy":"product_brand","embeddable":true,"href":"https:\/\/www.tornum.com\/ro\/wp-json\/wp\/v2\/product_brand?post=24165"},{"taxonomy":"product_cat","embeddable":true,"href":"https:\/\/www.tornum.com\/ro\/wp-json\/wp\/v2\/product_cat?post=24165"},{"taxonomy":"product_tag","embeddable":true,"href":"https:\/\/www.tornum.com\/ro\/wp-json\/wp\/v2\/product_tag?post=24165"}],"curies":[{"name":"wp","href":"https:\/\/api.w.org\/{rel}","templated":true}]}}