{"id":24166,"date":"2023-05-14T20:14:44","date_gmt":"2023-05-14T20:14:44","guid":{"rendered":"https:\/\/www.tornum.com\/product\/sweep-out-permanent\/"},"modified":"2024-05-15T11:11:01","modified_gmt":"2024-05-15T11:11:01","slug":"snec-maturator-sweep-out-permanent","status":"publish","type":"product","link":"https:\/\/www.tornum.com\/ro\/produs\/snec-maturator-sweep-out-permanent\/","title":{"rendered":"\u0218NEC M\u0102TUR\u0102TOR SWEEP OUT PERMANENT"},"content":{"rendered":"<div class=\"wpb-content-wrapper\"><p>[vc_row][vc_column width=&#8221;2\/3&#8243;][vc_column_text]<\/p>\n<h3>\u0218NEC M\u0102TUR\u0102TOR SWEEP OUT PERMANENT<\/h3>\n<p>Acesta este un \u0219nec m\u0103tur\u0103tor de la Tornum pentru instalare permanent\u0103 \u00eentr-un siloz. \u0218necul este compus dintr-o unitate de ac\u021bionare, extensii \u00een lungimi standardizate \u0219i o \u00eenchidere cu func\u021bionare cu lan\u021b \u0219i o roat\u0103 de ac\u021bionare. \u0218necul m\u0103tur\u0103tor vine \u00een mai multe lungimi standard diferite, dar este disponibil \u0219i \u00een lungimi personalizate de p\u00e2n\u0103 la 9,7 metri.<\/p>\n<p>Capacitate maxim\u0103: 60 de tone\/or\u0103.[\/vc_column_text][\/vc_column][vc_column width=&#8221;1\/3&#8243;][vc_column_text]<strong>Caracteristici <\/strong><br \/>\n\u2022 Motor cu reductor melcat<br \/>\n\u2022 Ap\u0103r\u0103toare din tabl\u0103 vopsit\u0103<br \/>\n\u2022 Ap\u0103r\u0103toarea este reglabil\u0103 \u00een lungime cu \u00b1100 mm[\/vc_column_text][\/vc_column][\/vc_row]<\/p>\n<\/div>","protected":false},"excerpt":{"rendered":"<p>Acesta este un \u0219nec m\u0103tur\u0103tor de la Tornum pentru instalare permanent\u0103 \u00eentr-un siloz \u0219i este fabricat ca un sistem modular flexibil care poate fi adaptat \u00een func\u021bie de dimensiunea silozului.<\/p>\n","protected":false},"featured_media":21158,"comment_status":"open","ping_status":"closed","template":"","meta":{"_acf_changed":false},"product_brand":[],"product_cat":[514,516,524,566,567,595],"product_tag":[560,546],"class_list":{"0":"post-24166","1":"product","2":"type-product","3":"status-publish","4":"has-post-thumbnail","6":"product_cat-all-products-ro","7":"product_cat-grain-ro","8":"product_cat-material-handling-ro","9":"product_cat-silo-discharge-ro","10":"product_cat-screw-auger-ro","11":"product_cat-sweep-conveyor-ro","12":"product_tag-storage-ro","13":"product_tag-transport-ro","14":"description-off","16":"first","17":"instock","18":"shipping-taxable","19":"product-type-simple"},"acf":[],"_links":{"self":[{"href":"https:\/\/www.tornum.com\/ro\/wp-json\/wp\/v2\/product\/24166","targetHints":{"allow":["GET"]}}],"collection":[{"href":"https:\/\/www.tornum.com\/ro\/wp-json\/wp\/v2\/product"}],"about":[{"href":"https:\/\/www.tornum.com\/ro\/wp-json\/wp\/v2\/types\/product"}],"replies":[{"embeddable":true,"href":"https:\/\/www.tornum.com\/ro\/wp-json\/wp\/v2\/comments?post=24166"}],"version-history":[{"count":3,"href":"https:\/\/www.tornum.com\/ro\/wp-json\/wp\/v2\/product\/24166\/revisions"}],"predecessor-version":[{"id":30521,"href":"https:\/\/www.tornum.com\/ro\/wp-json\/wp\/v2\/product\/24166\/revisions\/30521"}],"wp:featuredmedia":[{"embeddable":true,"href":"https:\/\/www.tornum.com\/ro\/wp-json\/wp\/v2\/media\/21158"}],"wp:attachment":[{"href":"https:\/\/www.tornum.com\/ro\/wp-json\/wp\/v2\/media?parent=24166"}],"wp:term":[{"taxonomy":"product_brand","embeddable":true,"href":"https:\/\/www.tornum.com\/ro\/wp-json\/wp\/v2\/product_brand?post=24166"},{"taxonomy":"product_cat","embeddable":true,"href":"https:\/\/www.tornum.com\/ro\/wp-json\/wp\/v2\/product_cat?post=24166"},{"taxonomy":"product_tag","embeddable":true,"href":"https:\/\/www.tornum.com\/ro\/wp-json\/wp\/v2\/product_tag?post=24166"}],"curies":[{"name":"wp","href":"https:\/\/api.w.org\/{rel}","templated":true}]}}