{"id":24167,"date":"2023-05-17T13:17:49","date_gmt":"2023-05-17T13:17:49","guid":{"rendered":"https:\/\/www.tornum.com\/product\/tecflam-gas-burner\/"},"modified":"2025-07-31T06:03:27","modified_gmt":"2025-07-31T06:03:27","slug":"arzator-cu-gaz-tecflam","status":"publish","type":"product","link":"https:\/\/www.tornum.com\/ro\/produs\/arzator-cu-gaz-tecflam\/","title":{"rendered":"ARZ\u0102TOR CU GAZ TECFLAM"},"content":{"rendered":"<p>\u00cen cazul acestui tip de ardere, aerul de proces pentru uscare, generat de ventilatoarele usc\u0103torului, aerul de ardere generat de ventilatoarele arz\u0103toarelor \u0219i fumul de ardere, se amestec\u0103 pentru a forma aerul necesar usc\u0103rii produsului, reduc\u00e2nd consumul de energie. Capacitate termic\u0103 de la 814 kW la 16280 kW.<\/p>\n","protected":false},"excerpt":{"rendered":"<p style=\"background: white; margin: 0in 0in 7.5pt 0in;\"><span style=\"font-family: 'Arial',sans-serif; color: #545559;\">TORNUM poate furniza arz\u0103toare pentru GPL sau gaz natural pentru foc direct \u00een usc\u0103toarele verticale de cereale. Gama include mai multe tipuri diferite de arz\u0103toare cu canal sau arz\u0103toare liniare, \u00een func\u021bie de tipul de sistem care urmeaz\u0103 s\u0103 fie instalat.<\/span><\/p>\n<p style=\"margin: 0in; background: white;\"><span style=\"font-family: 'Arial',sans-serif; color: #545559;\">Un usc\u0103tor de cereale \u00eenc\u0103lzit direct cu un arz\u0103tor cu gaz consum\u0103 mai pu\u021bin\u0103 energie \u00een compara\u021bie cu \u00eenc\u0103lzirea indirect\u0103, cum ar fi un furnal cu ulei.<\/span><\/p>\n","protected":false},"featured_media":21396,"comment_status":"open","ping_status":"closed","template":"","meta":{"_acf_changed":false},"product_brand":[],"product_cat":[514,517,518],"product_tag":[519,520],"class_list":{"0":"post-24167","1":"product","2":"type-product","3":"status-publish","4":"has-post-thumbnail","6":"product_cat-all-products-ro","7":"product_cat-conditioning-ro","8":"product_cat-heat-sources-ro","9":"product_tag-burner-ro","10":"product_tag-dryer-ro","11":"description-off","13":"first","14":"instock","15":"shipping-taxable","16":"product-type-simple"},"acf":[],"_links":{"self":[{"href":"https:\/\/www.tornum.com\/ro\/wp-json\/wp\/v2\/product\/24167","targetHints":{"allow":["GET"]}}],"collection":[{"href":"https:\/\/www.tornum.com\/ro\/wp-json\/wp\/v2\/product"}],"about":[{"href":"https:\/\/www.tornum.com\/ro\/wp-json\/wp\/v2\/types\/product"}],"replies":[{"embeddable":true,"href":"https:\/\/www.tornum.com\/ro\/wp-json\/wp\/v2\/comments?post=24167"}],"version-history":[{"count":3,"href":"https:\/\/www.tornum.com\/ro\/wp-json\/wp\/v2\/product\/24167\/revisions"}],"predecessor-version":[{"id":29833,"href":"https:\/\/www.tornum.com\/ro\/wp-json\/wp\/v2\/product\/24167\/revisions\/29833"}],"wp:featuredmedia":[{"embeddable":true,"href":"https:\/\/www.tornum.com\/ro\/wp-json\/wp\/v2\/media\/21396"}],"wp:attachment":[{"href":"https:\/\/www.tornum.com\/ro\/wp-json\/wp\/v2\/media?parent=24167"}],"wp:term":[{"taxonomy":"product_brand","embeddable":true,"href":"https:\/\/www.tornum.com\/ro\/wp-json\/wp\/v2\/product_brand?post=24167"},{"taxonomy":"product_cat","embeddable":true,"href":"https:\/\/www.tornum.com\/ro\/wp-json\/wp\/v2\/product_cat?post=24167"},{"taxonomy":"product_tag","embeddable":true,"href":"https:\/\/www.tornum.com\/ro\/wp-json\/wp\/v2\/product_tag?post=24167"}],"curies":[{"name":"wp","href":"https:\/\/api.w.org\/{rel}","templated":true}]}}