{"id":24179,"date":"2023-01-29T22:13:08","date_gmt":"2023-01-29T22:13:08","guid":{"rendered":"https:\/\/www.tornum.com\/product\/tf-dryer\/"},"modified":"2025-07-31T06:16:27","modified_gmt":"2025-07-31T06:16:27","slug":"uscator-tf","status":"publish","type":"product","link":"https:\/\/www.tornum.com\/ro\/produs\/uscator-tf\/","title":{"rendered":"USC\u0102TOR TF"},"content":{"rendered":"<div class=\"wpb-content-wrapper\"><p>[vc_row][vc_column][vc_column_text]<strong>Comuta\u021bi rapid \u00eentre uscarea \u00een \u0219arj\u0103 \u0219i uscarea continu\u0103.<\/strong><\/p>\n<p>Tornum TF este usc\u0103torul flexibil \u00een care pute\u021bi potrivi cel mai bine cerealele \u0219i cantitatea, p\u0103str\u00e2nd \u00een acela\u0219i timp calitatea.<br \/>\nCu TF, ave\u021bi dou\u0103 usc\u0103toare \u00eentr-unul singur. Alege\u021bi \u00eentre uscarea continu\u0103 sau uscarea \u00een \u0219arj\u0103, \u00een func\u021bie de condi\u021bii.<\/p>\n<p>Un usc\u0103tor Tornum TF func\u021bioneaz\u0103, de asemenea, la presiune sc\u0103zut\u0103. Tot aerul de uscare este aspirat prin usc\u0103tor prin intermediul unui ventilator care este dimensionat \u00een func\u021bie de dimensiunea usc\u0103torului \u0219i de sursa de c\u0103ldur\u0103.<br \/>\nUn usc\u0103tor de joas\u0103 presiune genereaz\u0103 mult mai pu\u021bin praf \u00een zona din jurul usc\u0103torului dec\u00e2t un a\u0219a-numit usc\u0103tor de \u00eenalt\u0103 presiune, ceea ce elimin\u0103, de asemenea, riscul de condensare \u00een zona cerealelor, \u00een conducte \u0219i \u00een elevatoare.<\/p>\n<p>La pornirea usc\u0103rii continue, exist\u0103 \u00eentotdeauna o &#8222;pauz\u0103 de pornire&#8221; \u00eenainte ca usc\u0103torul s\u0103 \u00eenceap\u0103 s\u0103 lucreze independent. Avantajul usc\u0103rii continue cre\u0219te odat\u0103 cu volumul de cereale.<br \/>\n<strong>\u00cen modul de uscare continu\u0103<\/strong>, pute\u021bi controla usc\u0103torul cu ajutorul sistemului Tornum IDC, care m\u0103soar\u0103 con\u021binutul de umiditate al cerealelor care intr\u0103 \u0219i ies.<\/p>\n<p>Pentru volume mai mici sau pentru cereale care trebuie uscate la o temperatur\u0103 sc\u0103zut\u0103 pe o perioad\u0103 lung\u0103 de timp, alege\u021bi modul de uscare \u00een \u0219arj\u0103.<br \/>\n<strong>\u00cen modul de uscare \u00een \u0219arj\u0103<\/strong>, controlul se bazeaz\u0103 fie pe greutate, fie pe timp, fie pe temperatur\u0103, \u00een func\u021bie de ceea ce func\u021bioneaz\u0103 cel mai bine pentru dumneavoastr\u0103<\/p>\n<p>&#8211; TF poate fi comutat cu u\u0219urin\u021b\u0103 \u00eentre uscarea continu\u0103 \u0219i uscarea pe loturi, folosind, de exemplu, u\u0219i cu motor care sunt controlate prin intermediul sistemului de control Tornum. Acest lucru permite usc\u0103torului s\u0103 fie gata \u00eentr-o clip\u0103 dup\u0103 finalizarea usc\u0103rii continue.<br \/>\n&#8211; Usc\u0103torul este golit p\u00e2n\u0103 la ultima boab\u0103, deoarece nu exist\u0103 suprafe\u021be interioare care s\u0103 re\u021bin\u0103 material. Acest lucru faciliteaz\u0103 cur\u0103\u021barea \u0219i decontaminarea atunci c\u00e2nd se trece la diferite tipuri de cereale.<br \/>\n&#8211; TF poate fi echipat cu un tip op\u021bional de ventilator \u00een func\u021bie de dorin\u021bele dumneavoastr\u0103; ventilatoare axiale sau ventilatoare de separare a prafului de tip CAC sau EDS atunci c\u00e2nd exist\u0103 cerin\u021be speciale pentru zona \u00eenconjur\u0103toare. Toate alternativele pot fi echipate cu amortizoare de zgomot.<\/p>\n<p>&#8211; TF poate fi controlat \u00een modul continuu cu ajutorul sistemului *IDC de la Tornum sau \u00een modul de uscare \u00een \u0219arj\u0103 prin intermediul controlului selectat al timpului, greut\u0103\u021bii sau temperaturii. *Pentru cel pu\u021bin 12 sec\u021biuni.<\/p>\n<p>&#8211; TF poate func\u021biona cu o surs\u0103 de c\u0103ldur\u0103 op\u021bional\u0103 \u00een \u00eentregime \u00een func\u021bie de dorin\u021bele \u0219i situa\u021bia dumneavoastr\u0103, proiectat\u0103 de Tornum conform recomand\u0103rilor LBK. Sursele de c\u0103ldur\u0103 cele mai frecvente sunt arz\u0103toarele indirecte de ulei, arz\u0103toarele de gaz pentru gaz natural sau petrol lichefiat, c\u0103ldura direct\u0103 din pele\u021bi sau fulgi, schimb\u0103toare de c\u0103ldur\u0103 de ap\u0103 cald\u0103, schimb\u0103toare de c\u0103ldur\u0103 de abur sau schimb\u0103toare de c\u0103ldur\u0103 electrice.[\/vc_column_text][\/vc_column][\/vc_row]<\/p>\n<\/div>","protected":false},"excerpt":{"rendered":"<p>Tornum TF este usc\u0103torul flexibil \u00een care pute\u021bi potrivi cel mai bine cerealele \u0219i cantitatea, p\u0103str\u00e2nd \u00een acela\u0219i timp calitatea.<br \/>\nCu TF, ave\u021bi dou\u0103 usc\u0103toare \u00eentr-unul singur. Alege\u021bi \u00eentre uscarea continu\u0103 sau uscarea \u00een \u0219arj\u0103, \u00een func\u021bie de condi\u021bii.<\/p>\n","protected":false},"featured_media":20708,"comment_status":"open","ping_status":"closed","template":"","meta":{"_acf_changed":false},"product_brand":[],"product_cat":[514,516,517,540],"product_tag":[520,560,546],"class_list":{"0":"post-24179","1":"product","2":"type-product","3":"status-publish","4":"has-post-thumbnail","6":"product_cat-all-products-ro","7":"product_cat-grain-ro","8":"product_cat-conditioning-ro","9":"product_cat-grain-dryers-ro","10":"product_tag-dryer-ro","11":"product_tag-storage-ro","12":"product_tag-transport-ro","13":"pa_products-type-all-products-ro","14":"pa_products-type-food-ro","15":"description-off","17":"first","18":"instock","19":"shipping-taxable","20":"product-type-simple"},"acf":[],"_links":{"self":[{"href":"https:\/\/www.tornum.com\/ro\/wp-json\/wp\/v2\/product\/24179","targetHints":{"allow":["GET"]}}],"collection":[{"href":"https:\/\/www.tornum.com\/ro\/wp-json\/wp\/v2\/product"}],"about":[{"href":"https:\/\/www.tornum.com\/ro\/wp-json\/wp\/v2\/types\/product"}],"replies":[{"embeddable":true,"href":"https:\/\/www.tornum.com\/ro\/wp-json\/wp\/v2\/comments?post=24179"}],"version-history":[{"count":3,"href":"https:\/\/www.tornum.com\/ro\/wp-json\/wp\/v2\/product\/24179\/revisions"}],"predecessor-version":[{"id":24193,"href":"https:\/\/www.tornum.com\/ro\/wp-json\/wp\/v2\/product\/24179\/revisions\/24193"}],"wp:featuredmedia":[{"embeddable":true,"href":"https:\/\/www.tornum.com\/ro\/wp-json\/wp\/v2\/media\/20708"}],"wp:attachment":[{"href":"https:\/\/www.tornum.com\/ro\/wp-json\/wp\/v2\/media?parent=24179"}],"wp:term":[{"taxonomy":"product_brand","embeddable":true,"href":"https:\/\/www.tornum.com\/ro\/wp-json\/wp\/v2\/product_brand?post=24179"},{"taxonomy":"product_cat","embeddable":true,"href":"https:\/\/www.tornum.com\/ro\/wp-json\/wp\/v2\/product_cat?post=24179"},{"taxonomy":"product_tag","embeddable":true,"href":"https:\/\/www.tornum.com\/ro\/wp-json\/wp\/v2\/product_tag?post=24179"}],"curies":[{"name":"wp","href":"https:\/\/api.w.org\/{rel}","templated":true}]}}