{"id":24180,"date":"2023-05-14T21:03:59","date_gmt":"2023-05-14T21:03:59","guid":{"rendered":"https:\/\/www.tornum.com\/product\/temperature-monitoring\/"},"modified":"2025-07-31T06:10:34","modified_gmt":"2025-07-31T06:10:34","slug":"monitorizarea-temperaturii","status":"publish","type":"product","link":"https:\/\/www.tornum.com\/ro\/produs\/monitorizarea-temperaturii\/","title":{"rendered":"MONITORIZAREA TEMPERATURII"},"content":{"rendered":"<div class=\"wpb-content-wrapper\"><p>[vc_row][vc_column width=&#8221;2\/3&#8243;][vc_column_text]Sistemul Tornum de monitorizare a temperaturii pentru silozurile de depozitare v\u0103 permite s\u0103 controla\u021bi mai atent calitatea cerealelor \u00een timpul depozit\u0103rii. Cablurile de m\u0103surare constau din tuburi din plastic cu senzori puternic armat.<\/p>\n<p>Tornum ofer\u0103 dou\u0103 tipuri de sisteme de m\u0103surare \u0219i monitorizare a temperaturii &#8211; un instrument portabil alimentat cu baterii, care poate fi mutat \u00eentre cabluri, sau un sistem bazat pe PC cu monitorizare continu\u0103 a temperaturii, nivel de alarm\u0103 \u0219i istoric al evolu\u021biei temperaturii \u00een depozitul de cereale.<\/p>\n<p>De asemenea, furniz\u0103m sonde de m\u0103surare pentru utilizarea cu instrumentul portabil.<\/p>\n<p>Este posibil transferul de date wireless \u0219i accesul la internet.[\/vc_column_text][\/vc_column][vc_column width=&#8221;1\/3&#8243;][vc_column_text]<strong>AVANTAJE\u00a0 <\/strong><br \/>\n\u2022 Informa\u021bii istorice complete afi\u0219ate sub form\u0103 de grafice \u0219i tabele<br \/>\n\u2022 Alarme pentru trendul de temperatur\u0103 \u0219i temperatura real\u0103<br \/>\n\u2022 Control aerare<br \/>\n\u2022 Control nivel<br \/>\n\u2022 Transfer wireless de date<br \/>\n\u2022 Fiabil \u0219i u\u0219or de utilizat<br \/>\n\u2022 U\u0219or de instalat<br \/>\n\u2022 Orice limb\u0103 de interfa\u021b\u0103 poate fi furnizat\u0103 la cerere<br \/>\n\u2022 Cabluri de senzor aprobate pentru zona ATEX 20\/21\/22[\/vc_column_text][\/vc_column][\/vc_row]<\/p>\n<\/div>","protected":false},"excerpt":{"rendered":"<p>Sistemul Tornum de monitorizare a temperaturii pentru silozurile de depozitare v\u0103 permite s\u0103 controla\u021bi mai atent calitatea cerealelor \u00een timpul depozit\u0103rii.<\/p>\n","protected":false},"featured_media":22047,"comment_status":"open","ping_status":"closed","template":"","meta":{"_acf_changed":false},"product_brand":[],"product_cat":[514,523,515,516,532,599],"product_tag":[535,536,537],"class_list":{"0":"post-24180","1":"product","2":"type-product","3":"status-publish","4":"has-post-thumbnail","6":"product_cat-all-products-ro","7":"product_cat-feed-ro","8":"product_cat-food-2-ro","9":"product_cat-grain-ro","10":"product_cat-grain-management-ro","11":"product_cat-temperature-monitoring-ro","12":"product_tag-monitoring-ro","13":"product_tag-pc-ro","14":"product_tag-plc-ro","15":"description-off","17":"first","18":"instock","19":"shipping-taxable","20":"product-type-simple"},"acf":[],"_links":{"self":[{"href":"https:\/\/www.tornum.com\/ro\/wp-json\/wp\/v2\/product\/24180","targetHints":{"allow":["GET"]}}],"collection":[{"href":"https:\/\/www.tornum.com\/ro\/wp-json\/wp\/v2\/product"}],"about":[{"href":"https:\/\/www.tornum.com\/ro\/wp-json\/wp\/v2\/types\/product"}],"replies":[{"embeddable":true,"href":"https:\/\/www.tornum.com\/ro\/wp-json\/wp\/v2\/comments?post=24180"}],"version-history":[{"count":2,"href":"https:\/\/www.tornum.com\/ro\/wp-json\/wp\/v2\/product\/24180\/revisions"}],"predecessor-version":[{"id":24190,"href":"https:\/\/www.tornum.com\/ro\/wp-json\/wp\/v2\/product\/24180\/revisions\/24190"}],"wp:featuredmedia":[{"embeddable":true,"href":"https:\/\/www.tornum.com\/ro\/wp-json\/wp\/v2\/media\/22047"}],"wp:attachment":[{"href":"https:\/\/www.tornum.com\/ro\/wp-json\/wp\/v2\/media?parent=24180"}],"wp:term":[{"taxonomy":"product_brand","embeddable":true,"href":"https:\/\/www.tornum.com\/ro\/wp-json\/wp\/v2\/product_brand?post=24180"},{"taxonomy":"product_cat","embeddable":true,"href":"https:\/\/www.tornum.com\/ro\/wp-json\/wp\/v2\/product_cat?post=24180"},{"taxonomy":"product_tag","embeddable":true,"href":"https:\/\/www.tornum.com\/ro\/wp-json\/wp\/v2\/product_tag?post=24180"}],"curies":[{"name":"wp","href":"https:\/\/api.w.org\/{rel}","templated":true}]}}