{"id":24185,"date":"2023-05-14T21:20:59","date_gmt":"2023-05-14T21:20:59","guid":{"rendered":"https:\/\/www.tornum.com\/product\/tornum-tx\/"},"modified":"2025-07-31T06:30:39","modified_gmt":"2025-07-31T06:30:39","slug":"tornum-tx","status":"publish","type":"product","link":"https:\/\/www.tornum.com\/ro\/produs\/tornum-tx\/","title":{"rendered":"TORNUM TX"},"content":{"rendered":"<div class=\"content o-stack-sm c-text\">\n<p><strong>Sistem de \u021bevi pentru zonele dificile.<\/strong><br \/>\n&#8211; Sistem durabil care este asamblat cu flan\u0219e cu \u0219uruburi.<br \/>\n&#8211; Tratament de suprafa\u021b\u0103 proiectat \u00een o\u021bel galvanizat sau emailat.<br \/>\n&#8211; Un sistem flexibil cu coturi drepte \u0219i coturi r\u0103sucite la diferite unghiuri.<br \/>\n&#8211; Disponibil \u00een m\u0103rimile #200, #250, #300.<\/p>\n<p>&#8211; Grosimea este de 3 mm.<br \/>\n&#8211; \u00cen cazul unei uzuri extrem de mari, sistemul de \u021bevi este disponibil cu 8 mm de plastic interior.<\/p>\n<p><strong>Deviator de cale cu 2 c\u0103i <\/strong><br \/>\n&#8211; Toate panourile din tabl\u0103 pot fi \u00eenlocuite pentru a evita \u00eenlocuirea \u00eentregului deviator \u00een cazul \u00een care piesele individuale se uzeaz\u0103.<br \/>\n&#8211; Deviatoarele sunt flexibile \u0219i sunt disponibile cu un design st\u00e2nga sau dreapta, iar senzorii de pozi\u021bie au o func\u021bie inductiv\u0103 \u0219i pot fi instala\u021bi pe ambele p\u0103r\u021bi.<br \/>\n&#8211; G\u0103uri de inspec\u021bie pentru a verifica uzura \u0219i pentru a controla pozi\u021bia (pentru a minimiza riscul de contaminare).<br \/>\n&#8211; Tabl\u0103 T=3 mm. &#8211;<br \/>\n&#8211; Panou de obturare din o\u021bel Hardox T=8 mm, acoperit cu plastic de 8 mm.<\/p>\n<p><strong>Obturator <\/strong><br \/>\n&#8211; Obturatoare durabile pentru o gam\u0103 larg\u0103 de utiliz\u0103ri.<br \/>\n&#8211; Proiectate cu un filet de contrafort din o\u021bel, puternic.<br \/>\n&#8211; Obturatorul are o articula\u021bie cu rulmen\u021bi cu bile pentru a se deschide \u0219i a se \u00eenchide sub presiunea mare a materialului.<br \/>\n&#8211; Disponibil cu roat\u0103 de ghidare sau cu motor electric.<br \/>\n&#8211; Obturatoare pentru utilizare sub centrul silozului, de exemplu, \u00een partea de jos a silozului.<br \/>\n&#8211; Disponibil \u00een m\u0103rimile #200, #250, #300.<br \/>\n&#8211; \u00cen partea superioar\u0103 a oblonului exist\u0103 pl\u0103ci de ghidare care asigur\u0103 \u00eenchiderea etan\u0219\u0103 a oblonului.<br \/>\n&#8211; Garnituri de etan\u0219are reglabile pentru a \u00eempiedica p\u0103trunderea produsului \u00een p\u0103r\u021bile mecanice ale oblonului.<\/p>\n<\/div>\n","protected":false},"excerpt":{"rendered":"<p>\u021aevi rectangulare pentru instala\u021biile dificile. Proiectate pentru o durat\u0103 de via\u021b\u0103 lung\u0103 \u0219i o durabilitate ridicat\u0103.<\/p>\n","protected":false},"featured_media":21993,"comment_status":"open","ping_status":"closed","template":"","meta":{"_acf_changed":false},"product_brand":[],"product_cat":[514,523,515,516,524,591],"product_tag":[592],"class_list":{"0":"post-24185","1":"product","2":"type-product","3":"status-publish","4":"has-post-thumbnail","6":"product_cat-all-products-ro","7":"product_cat-feed-ro","8":"product_cat-food-2-ro","9":"product_cat-grain-ro","10":"product_cat-material-handling-ro","11":"product_cat-pipe-system-ro","12":"product_tag-pipes-ro","13":"description-off","15":"first","16":"instock","17":"shipping-taxable","18":"product-type-simple"},"acf":[],"_links":{"self":[{"href":"https:\/\/www.tornum.com\/ro\/wp-json\/wp\/v2\/product\/24185","targetHints":{"allow":["GET"]}}],"collection":[{"href":"https:\/\/www.tornum.com\/ro\/wp-json\/wp\/v2\/product"}],"about":[{"href":"https:\/\/www.tornum.com\/ro\/wp-json\/wp\/v2\/types\/product"}],"replies":[{"embeddable":true,"href":"https:\/\/www.tornum.com\/ro\/wp-json\/wp\/v2\/comments?post=24185"}],"version-history":[{"count":2,"href":"https:\/\/www.tornum.com\/ro\/wp-json\/wp\/v2\/product\/24185\/revisions"}],"predecessor-version":[{"id":24197,"href":"https:\/\/www.tornum.com\/ro\/wp-json\/wp\/v2\/product\/24185\/revisions\/24197"}],"wp:featuredmedia":[{"embeddable":true,"href":"https:\/\/www.tornum.com\/ro\/wp-json\/wp\/v2\/media\/21993"}],"wp:attachment":[{"href":"https:\/\/www.tornum.com\/ro\/wp-json\/wp\/v2\/media?parent=24185"}],"wp:term":[{"taxonomy":"product_brand","embeddable":true,"href":"https:\/\/www.tornum.com\/ro\/wp-json\/wp\/v2\/product_brand?post=24185"},{"taxonomy":"product_cat","embeddable":true,"href":"https:\/\/www.tornum.com\/ro\/wp-json\/wp\/v2\/product_cat?post=24185"},{"taxonomy":"product_tag","embeddable":true,"href":"https:\/\/www.tornum.com\/ro\/wp-json\/wp\/v2\/product_tag?post=24185"}],"curies":[{"name":"wp","href":"https:\/\/api.w.org\/{rel}","templated":true}]}}