{"id":24187,"date":"2023-05-14T20:17:35","date_gmt":"2023-05-14T20:17:35","guid":{"rendered":"https:\/\/www.tornum.com\/product\/u-trough-screw-auger-rsu\/"},"modified":"2025-07-31T06:38:21","modified_gmt":"2025-07-31T06:38:21","slug":"snec-rsu-in-forma-de-u-pentru-instalatii-dificile","status":"publish","type":"product","link":"https:\/\/www.tornum.com\/ro\/produs\/snec-rsu-in-forma-de-u-pentru-instalatii-dificile\/","title":{"rendered":"\u0218NEC RSU \u00ceN FORM\u0102 DE U PENTRU INSTALA\u021aII DIFICILE"},"content":{"rendered":"<h3>\u0218NECUL RSU \u00ceN FORM\u0102 DE U PENTRU INSTALA\u021aII DIFICILE<\/h3>\n<p>\u0218necul \u00een form\u0103 de U de la TORNUM este proiectat pentru transportul orizontal al cerealelor, semin\u021belor, f\u0103inii \u0219i altor materiale granulare.<\/p>\n<p>RSU este proiectat conform principiului kitului de construc\u021bie. Acest lucru faciliteaz\u0103 planificarea, depozitarea, livrarea \u0219i instalarea.<\/p>\n<p>RSU este utilizat pentru gestionarea cerealelor \u00een cazul \u00een care exist\u0103 o cerere de capacitate mare. Svea RSU este adaptabil la toate tipurile de sisteme de transport \u0219i poate fi utilizat pentru transportul nu numai al cerealelor, ci \u0219i al oric\u0103rui tip de material sub form\u0103 de granule, pulbere sau pele\u021bi.<\/p>\n<p>RSU este \u00een consol\u0103, deoarece spirala este sudat\u0103 la un tub central puternic. \u00cen plus, Svea RSU are rulmen\u021bi intermediari special concepu\u021bi, cu cea mai mic\u0103 rezisten\u021b\u0103 posibil\u0103 la fluxul de material.<\/p>\n<p>RSU are o unitate de ac\u021bionare compact\u0103 cu reductor melcat. Nu necesit\u0103 \u00eentre\u021binere \u0219i este u\u0219or de instalat. Este disponibil\u0103 protec\u021bie \u00eempotriva ploii pentru unitatea de ac\u021bionare, rulmen\u021bi \u0219i articula\u021bii.<\/p>\n","protected":false},"excerpt":{"rendered":"<p>\u0218necul \u00een form\u0103 de U de la TORNUM este proiectat pentru transportul orizontal al cerealelor, semin\u021belor, f\u0103inii \u0219i altor materiale granulare.<\/p>\n","protected":false},"featured_media":22524,"comment_status":"open","ping_status":"closed","template":"","meta":{"_acf_changed":false},"product_brand":[],"product_cat":[514,523,515,516,524,567],"product_tag":[560,546],"class_list":{"0":"post-24187","1":"product","2":"type-product","3":"status-publish","4":"has-post-thumbnail","6":"product_cat-all-products-ro","7":"product_cat-feed-ro","8":"product_cat-food-2-ro","9":"product_cat-grain-ro","10":"product_cat-material-handling-ro","11":"product_cat-screw-auger-ro","12":"product_tag-storage-ro","13":"product_tag-transport-ro","14":"description-off","16":"first","17":"instock","18":"shipping-taxable","19":"product-type-simple"},"acf":[],"_links":{"self":[{"href":"https:\/\/www.tornum.com\/ro\/wp-json\/wp\/v2\/product\/24187","targetHints":{"allow":["GET"]}}],"collection":[{"href":"https:\/\/www.tornum.com\/ro\/wp-json\/wp\/v2\/product"}],"about":[{"href":"https:\/\/www.tornum.com\/ro\/wp-json\/wp\/v2\/types\/product"}],"replies":[{"embeddable":true,"href":"https:\/\/www.tornum.com\/ro\/wp-json\/wp\/v2\/comments?post=24187"}],"version-history":[{"count":2,"href":"https:\/\/www.tornum.com\/ro\/wp-json\/wp\/v2\/product\/24187\/revisions"}],"predecessor-version":[{"id":24201,"href":"https:\/\/www.tornum.com\/ro\/wp-json\/wp\/v2\/product\/24187\/revisions\/24201"}],"wp:featuredmedia":[{"embeddable":true,"href":"https:\/\/www.tornum.com\/ro\/wp-json\/wp\/v2\/media\/22524"}],"wp:attachment":[{"href":"https:\/\/www.tornum.com\/ro\/wp-json\/wp\/v2\/media?parent=24187"}],"wp:term":[{"taxonomy":"product_brand","embeddable":true,"href":"https:\/\/www.tornum.com\/ro\/wp-json\/wp\/v2\/product_brand?post=24187"},{"taxonomy":"product_cat","embeddable":true,"href":"https:\/\/www.tornum.com\/ro\/wp-json\/wp\/v2\/product_cat?post=24187"},{"taxonomy":"product_tag","embeddable":true,"href":"https:\/\/www.tornum.com\/ro\/wp-json\/wp\/v2\/product_tag?post=24187"}],"curies":[{"name":"wp","href":"https:\/\/api.w.org\/{rel}","templated":true}]}}