{"id":24188,"date":"2023-05-17T13:11:22","date_gmt":"2023-05-17T13:11:22","guid":{"rendered":"https:\/\/www.tornum.com\/product\/cmt-clima\/"},"modified":"2025-07-08T05:43:28","modified_gmt":"2025-07-08T05:43:28","slug":"incalzitor-de-aer-cald-cmt-clima","status":"publish","type":"product","link":"https:\/\/www.tornum.com\/ro\/produs\/incalzitor-de-aer-cald-cmt-clima\/","title":{"rendered":"\u00ceNC\u0102LZITOR DE AER CALD CMT CLIMA"},"content":{"rendered":"<p>Sunt disponibile dou\u0103 variante de \u00eenc\u0103lzitoare cu aer cald de la CMT, G (vertical) \u0219i GO (orizontal). \u00cenc\u0103lzitorul este echipat cu: arz\u0103tor de ulei de la Riello, control digital al temperaturii \u0219i termostat de supra\u00eenc\u0103lzire. \u00cenc\u0103lzitorul de aer trebuie s\u0103 fie protejat \u00eempotriva intemperiilor dac\u0103 este utilizat \u00een exterior.<\/p>\n","protected":false},"excerpt":{"rendered":"<p>Sunt disponibile dou\u0103 variante de \u00eenc\u0103lzitoare cu aer cald de la CMT, G (vertical) \u0219i GO (orizontal). \u00cenc\u0103lzitorul este echipat cu: arz\u0103tor de ulei de la Riello, control digital al temperaturii \u0219i termostat de supra\u00eenc\u0103lzire. \u00cenc\u0103lzitorul de aer trebuie s\u0103 fie protejat \u00eempotriva intemperiilor dac\u0103 este utilizat \u00een exterior.<\/p>\n","protected":false},"featured_media":21384,"comment_status":"open","ping_status":"closed","template":"","meta":{"_acf_changed":false},"product_brand":[],"product_cat":[514,517,518],"product_tag":[519,520],"class_list":{"0":"post-24188","1":"product","2":"type-product","3":"status-publish","4":"has-post-thumbnail","6":"product_cat-all-products-ro","7":"product_cat-conditioning-ro","8":"product_cat-heat-sources-ro","9":"product_tag-burner-ro","10":"product_tag-dryer-ro","11":"description-off","13":"first","14":"instock","15":"shipping-taxable","16":"product-type-simple"},"acf":[],"_links":{"self":[{"href":"https:\/\/www.tornum.com\/ro\/wp-json\/wp\/v2\/product\/24188","targetHints":{"allow":["GET"]}}],"collection":[{"href":"https:\/\/www.tornum.com\/ro\/wp-json\/wp\/v2\/product"}],"about":[{"href":"https:\/\/www.tornum.com\/ro\/wp-json\/wp\/v2\/types\/product"}],"replies":[{"embeddable":true,"href":"https:\/\/www.tornum.com\/ro\/wp-json\/wp\/v2\/comments?post=24188"}],"version-history":[{"count":2,"href":"https:\/\/www.tornum.com\/ro\/wp-json\/wp\/v2\/product\/24188\/revisions"}],"predecessor-version":[{"id":24199,"href":"https:\/\/www.tornum.com\/ro\/wp-json\/wp\/v2\/product\/24188\/revisions\/24199"}],"wp:featuredmedia":[{"embeddable":true,"href":"https:\/\/www.tornum.com\/ro\/wp-json\/wp\/v2\/media\/21384"}],"wp:attachment":[{"href":"https:\/\/www.tornum.com\/ro\/wp-json\/wp\/v2\/media?parent=24188"}],"wp:term":[{"taxonomy":"product_brand","embeddable":true,"href":"https:\/\/www.tornum.com\/ro\/wp-json\/wp\/v2\/product_brand?post=24188"},{"taxonomy":"product_cat","embeddable":true,"href":"https:\/\/www.tornum.com\/ro\/wp-json\/wp\/v2\/product_cat?post=24188"},{"taxonomy":"product_tag","embeddable":true,"href":"https:\/\/www.tornum.com\/ro\/wp-json\/wp\/v2\/product_tag?post=24188"}],"curies":[{"name":"wp","href":"https:\/\/api.w.org\/{rel}","templated":true}]}}