{"id":25778,"date":"2023-05-14T20:46:38","date_gmt":"2023-05-14T20:46:38","guid":{"rendered":"https:\/\/www.tornum.com\/product\/aeration-cover\/"},"modified":"2025-07-30T06:47:19","modified_gmt":"2025-07-30T06:47:19","slug":"capac-de-aerisire","status":"publish","type":"product","link":"https:\/\/www.tornum.com\/ro\/produs\/capac-de-aerisire\/","title":{"rendered":"CAPAC DE AERISIRE"},"content":{"rendered":"<p>Cu capacul de aerisire Tornum ave\u021bi posibilitatea de a optimiza aerarea silozului dumneavoastr\u0103.<\/p>\n<p>Capacele sunt disponibile \u00een lungimi de 0,5 \u0219i 1 m, ceea ce face posibil\u0103 adaptarea amenaj\u0103rii la nevoile dumneavoastr\u0103 specifice.<\/p>\n<p>Ofer\u0103 o suprafa\u021b\u0103 plan\u0103 \u00een interiorul depozitului \u0219i sunt u\u0219or de cur\u0103\u021bat.<\/p>\n<p>&nbsp;<\/p>\n<p>Disponibile at\u00e2t pentru silozuri, c\u00e2t \u0219i pentru depozite plate.<\/p>\n<p>&nbsp;<\/p>\n<p>Trebuie remarcat faptul c\u0103 designul bazei trebuie s\u0103 fie adaptat la utilizarea acestui tip de aeraj.<\/p>\n","protected":false},"excerpt":{"rendered":"<p style=\"margin: 0in; background: white;\"><span style=\"font-family: 'Arial',sans-serif; color: #545559;\">Capacele de aerare Tornum sunt realizate din tabl\u0103 perforat\u0103 \u00eencorporat\u0103 \u00een podeaua de beton a silozului. Capacele sunt disponibile pentru toate diametrele silozurilor.<\/span><\/p>\n","protected":false},"featured_media":21996,"comment_status":"open","ping_status":"closed","template":"","meta":{"_acf_changed":false},"product_brand":[],"product_cat":[514,517,635],"product_tag":[530,531,528,563],"class_list":{"0":"post-25778","1":"product","2":"type-product","3":"status-publish","4":"has-post-thumbnail","6":"product_cat-all-products-ro","7":"product_cat-conditioning-ro","8":"product_cat-aeration-cover-ro","9":"product_tag-axial-ro","10":"product_tag-conditioning-laterals-ro","11":"product_tag-fan-ro","12":"product_tag-silo-ro","13":"description-off","15":"first","16":"instock","17":"shipping-taxable","18":"product-type-simple"},"acf":[],"_links":{"self":[{"href":"https:\/\/www.tornum.com\/ro\/wp-json\/wp\/v2\/product\/25778","targetHints":{"allow":["GET"]}}],"collection":[{"href":"https:\/\/www.tornum.com\/ro\/wp-json\/wp\/v2\/product"}],"about":[{"href":"https:\/\/www.tornum.com\/ro\/wp-json\/wp\/v2\/types\/product"}],"replies":[{"embeddable":true,"href":"https:\/\/www.tornum.com\/ro\/wp-json\/wp\/v2\/comments?post=25778"}],"version-history":[{"count":2,"href":"https:\/\/www.tornum.com\/ro\/wp-json\/wp\/v2\/product\/25778\/revisions"}],"predecessor-version":[{"id":25780,"href":"https:\/\/www.tornum.com\/ro\/wp-json\/wp\/v2\/product\/25778\/revisions\/25780"}],"wp:featuredmedia":[{"embeddable":true,"href":"https:\/\/www.tornum.com\/ro\/wp-json\/wp\/v2\/media\/21996"}],"wp:attachment":[{"href":"https:\/\/www.tornum.com\/ro\/wp-json\/wp\/v2\/media?parent=25778"}],"wp:term":[{"taxonomy":"product_brand","embeddable":true,"href":"https:\/\/www.tornum.com\/ro\/wp-json\/wp\/v2\/product_brand?post=25778"},{"taxonomy":"product_cat","embeddable":true,"href":"https:\/\/www.tornum.com\/ro\/wp-json\/wp\/v2\/product_cat?post=25778"},{"taxonomy":"product_tag","embeddable":true,"href":"https:\/\/www.tornum.com\/ro\/wp-json\/wp\/v2\/product_tag?post=25778"}],"curies":[{"name":"wp","href":"https:\/\/api.w.org\/{rel}","templated":true}]}}