{"id":53620,"date":"2026-02-19T12:48:58","date_gmt":"2026-02-19T12:48:58","guid":{"rendered":"https:\/\/www.tornum.com\/?post_type=product&#038;p=53620"},"modified":"2026-03-25T10:03:57","modified_gmt":"2026-03-25T10:03:57","slug":"atlas","status":"publish","type":"product","link":"https:\/\/www.tornum.com\/ro\/produs\/atlas\/","title":{"rendered":"ATLAS"},"content":{"rendered":"<div class=\"wpb-content-wrapper\"><p>[vc_row][vc_column width=&#8221;1\/2&#8243;][vc_column_text css=&#8221;&#8221;]<\/p>\n<p data-start=\"138\" data-end=\"466\"><strong data-start=\"138\" data-end=\"157\">Creat pentru eficien\u021b\u0103 \u0219i siguran\u021b\u0103<\/strong><\/p>\n<p data-start=\"138\" data-end=\"466\">Atlas Transport coordoneaz\u0103 fiecare component\u0103 a sistemului, economisind timp \u0219i prevenind erorile. Operatorii trebuie doar s\u0103 selecteze punctul de pornire \u0219i punctul de destina\u021bie, iar Atlas se ocup\u0103 de restul. Acest lucru permite o func\u021bionare f\u0103r\u0103 \u00eentreruperi, cu supraveghere redus\u0103, feedback \u00een timp real \u0219i gestionarea alarmelor, precum \u0219i cicluri de transfer mai rapide, mai sigure \u0219i mai curate.<\/p>\n<p data-start=\"468\" data-end=\"865\">Ca parte a ecosistemului Atlas, sistemul de transport se integreaz\u0103 cu toate celelalte module, inclusiv cu controlerele usc\u0103toarelor \u0219i controlul inteligent al depozit\u0103rii, oferind o singur\u0103 interfa\u021b\u0103 pentru \u00eentreaga instala\u021bie. Acest lucru permite controlul unificat al tuturor opera\u021biunilor din fabric\u0103, acces de la distan\u021b\u0103 cu date de performan\u021b\u0103 \u00een timp real \u0219i analize predictive cu trasabilitate complet\u0103, oferind operatorilor control total asupra fiec\u0103rui proces.<\/p>\n<p>[\/vc_column_text][\/vc_column][vc_column width=&#8221;1\/2&#8243;][vc_column_text css=&#8221;&#8221;]<\/p>\n<p data-start=\"164\" data-end=\"347\"><strong data-start=\"164\" data-end=\"183\">F\u0103 ca fiecare bob s\u0103 conteze<\/strong><\/p>\n<p data-start=\"164\" data-end=\"347\">Atlas Transport preia controlul complet asupra manipul\u0103rii cerealelor, de la recep\u021bie p\u00e2n\u0103 la depozitare \u0219i expediere, asigur\u00e2nd un flux fluent, automat \u0219i inteligent \u00een \u00eentreaga instala\u021bie..<\/p>\n<p data-start=\"349\" data-end=\"739\">Sistemul este conceput pentru a optimiza fiecare etap\u0103 a procesului. Cu func\u021biile Scheduling \u0219i Auto Pit, transferurile pot fi planificate \u0219i executate automat, \u00een timp ce Multi Destination Queue Scheduling permite gestionarea mai multor rute \u00een secven\u021b\u0103. Prin Intelligent Routing, transportoarele \u0219i elevatoarele sunt selectate automat pentru fiecare traseu, asigur\u00e2nd un transport eficient de fiecare dat\u0103.<\/p>\n<p data-start=\"741\" data-end=\"1025\">Operatorii ob\u021bin vizibilitate complet\u0103 prin func\u021bia Route Map Visualization, care ofer\u0103 o imagine clar\u0103 a fiec\u0103rei mi\u0219c\u0103ri a cerealelor. Pentru a men\u021bine fiabilitatea, Blockage Detection and Resolution ajut\u0103 la prevenirea timpilor de nefunc\u021bionare, \u00een timp ce Preventive Maintenance ofer\u0103 alerte inteligente \u00eenainte ca defec\u021biunile s\u0103 apar\u0103.<\/p>\n<p data-start=\"1027\" data-end=\"1165\">Notific\u0103rile de finalizare a procesului (Process Completion Notifications) \u00eei informeaz\u0103 pe operatori c\u00e2nd fiecare transfer este finalizat, permi\u021b\u00e2nd un control \u0219i o coordonare mai bune.<\/p>\n<p data-start=\"1167\" data-end=\"1292\">\u00cempreun\u0103, aceste func\u021bii creeaz\u0103 un sistem de manipulare a cerealelor mai inteligent, mai sigur \u0219i mai eficient, care face cu adev\u0103rat ca fiecare bob s\u0103 conteze.<\/p>\n<p>[\/vc_column_text][\/vc_column][\/vc_row]<\/p>\n<\/div>","protected":false},"excerpt":{"rendered":"<h2 data-start=\"75\" data-end=\"132\">Atlas Transport \u2013 Control mai inteligent pentru instala\u021biile de cereale<\/h2>\n<p data-start=\"134\" data-end=\"638\">Atlas Transport este un sistem avansat conceput pentru a optimiza manipularea cerealelor de la recep\u021bie p\u00e2n\u0103 la depozitare \u0219i expediere, asigur\u00e2nd un flux fluid, automat \u0219i inteligent \u00een \u00eentreaga instala\u021bie, \u00eembun\u0103t\u0103\u021bind \u00een acela\u0219i timp eficien\u021ba \u0219i siguran\u021ba. Ca parte a ecosistemului Atlas, Atlas Transport se integreaz\u0103 perfect cu alte module, inclusiv cu controlerele usc\u0103toarelor \u0219i sistemele inteligente de depozitare, oferind o platform\u0103 unificat\u0103 prin care operatorii pot monitoriza \u0219i controla \u00eentreaga instala\u021bie dintr-o singur\u0103 interfa\u021b\u0103.<\/p>\n<p>&nbsp;<\/p>\n<p>&nbsp;<\/p>\n","protected":false},"featured_media":53485,"comment_status":"open","ping_status":"closed","template":"","meta":{"_acf_changed":false},"product_brand":[],"product_cat":[514,516,532,593],"product_tag":[535,560],"class_list":{"0":"post-53620","1":"product","2":"type-product","3":"status-publish","4":"has-post-thumbnail","6":"product_cat-all-products-ro","7":"product_cat-grain-ro","8":"product_cat-grain-management-ro","9":"product_cat-nmc-ro","10":"product_tag-monitoring-ro","11":"product_tag-storage-ro","12":"description-off","14":"first","15":"instock","16":"shipping-taxable","17":"product-type-simple"},"acf":[],"_links":{"self":[{"href":"https:\/\/www.tornum.com\/ro\/wp-json\/wp\/v2\/product\/53620","targetHints":{"allow":["GET"]}}],"collection":[{"href":"https:\/\/www.tornum.com\/ro\/wp-json\/wp\/v2\/product"}],"about":[{"href":"https:\/\/www.tornum.com\/ro\/wp-json\/wp\/v2\/types\/product"}],"replies":[{"embeddable":true,"href":"https:\/\/www.tornum.com\/ro\/wp-json\/wp\/v2\/comments?post=53620"}],"version-history":[{"count":21,"href":"https:\/\/www.tornum.com\/ro\/wp-json\/wp\/v2\/product\/53620\/revisions"}],"predecessor-version":[{"id":53736,"href":"https:\/\/www.tornum.com\/ro\/wp-json\/wp\/v2\/product\/53620\/revisions\/53736"}],"wp:featuredmedia":[{"embeddable":true,"href":"https:\/\/www.tornum.com\/ro\/wp-json\/wp\/v2\/media\/53485"}],"wp:attachment":[{"href":"https:\/\/www.tornum.com\/ro\/wp-json\/wp\/v2\/media?parent=53620"}],"wp:term":[{"taxonomy":"product_brand","embeddable":true,"href":"https:\/\/www.tornum.com\/ro\/wp-json\/wp\/v2\/product_brand?post=53620"},{"taxonomy":"product_cat","embeddable":true,"href":"https:\/\/www.tornum.com\/ro\/wp-json\/wp\/v2\/product_cat?post=53620"},{"taxonomy":"product_tag","embeddable":true,"href":"https:\/\/www.tornum.com\/ro\/wp-json\/wp\/v2\/product_tag?post=53620"}],"curies":[{"name":"wp","href":"https:\/\/api.w.org\/{rel}","templated":true}]}}