{"id":14197,"date":"2023-05-02T20:20:00","date_gmt":"2023-05-02T20:20:00","guid":{"rendered":"https:\/\/dev.rapid.si\/reference-grain\/"},"modified":"2024-03-08T07:34:02","modified_gmt":"2024-03-08T07:34:02","slug":"spannmal","status":"publish","type":"page","link":"https:\/\/www.tornum.com\/sv\/spannmal\/","title":{"rendered":"SPANNM\u00c5L"},"content":{"rendered":"\t\t<div data-elementor-type=\"wp-page\" data-elementor-id=\"14197\" class=\"elementor elementor-14197 elementor-9938\" data-elementor-settings=\"{&quot;ha_cmc_init_switcher&quot;:&quot;no&quot;}\" data-elementor-post-type=\"page\">\n\t\t\t\t\t\t<section class=\"elementor-section elementor-top-section elementor-element elementor-element-5df3f8e elementor-section-boxed elementor-section-height-default elementor-section-height-default\" data-id=\"5df3f8e\" data-element_type=\"section\" data-settings=\"{&quot;_ha_eqh_enable&quot;:false}\">\n\t\t\t\t\t\t<div class=\"elementor-container elementor-column-gap-default\">\n\t\t\t\t\t<div class=\"elementor-column elementor-col-100 elementor-top-column elementor-element elementor-element-7042104\" data-id=\"7042104\" data-element_type=\"column\">\n\t\t\t<div class=\"elementor-widget-wrap elementor-element-populated\">\n\t\t\t\t\t\t<div class=\"elementor-element elementor-element-c8daad6 elementor-widget elementor-widget-spacer\" data-id=\"c8daad6\" data-element_type=\"widget\" data-widget_type=\"spacer.default\">\n\t\t\t\t<div class=\"elementor-widget-container\">\n\t\t\t\t\t\t\t<div class=\"elementor-spacer\">\n\t\t\t<div class=\"elementor-spacer-inner\"><\/div>\n\t\t<\/div>\n\t\t\t\t\t\t<\/div>\n\t\t\t\t<\/div>\n\t\t\t\t<div class=\"elementor-element elementor-element-6a41d1f elementor-widget elementor-widget-heading\" data-id=\"6a41d1f\" data-element_type=\"widget\" data-widget_type=\"heading.default\">\n\t\t\t\t<div class=\"elementor-widget-container\">\n\t\t\t\t\t<h1 class=\"elementor-heading-title elementor-size-default\">Referenser Spannm\u00e5l<\/h1>\t\t\t\t<\/div>\n\t\t\t\t<\/div>\n\t\t\t\t<div class=\"elementor-element elementor-element-1c443b9 elementor-widget elementor-widget-text-editor\" data-id=\"1c443b9\" data-element_type=\"widget\" data-widget_type=\"text-editor.default\">\n\t\t\t\t<div class=\"elementor-widget-container\">\n\t\t\t\t\t\t\t\t\t<p>Uppt\u00e4ck det omfattande n\u00e4tverket av Tornum-anl\u00e4ggningar f\u00f6r spannm\u00e5l v\u00e4rlden \u00f6ver. Dessa anl\u00e4ggningar representerar effektiva l\u00f6sningar f\u00f6r spannm\u00e5lshantering, lagring och transport. Fr\u00e5n storskaliga jordbruksverksamheter till mindre familje\u00e4gda f\u00f6retag erbjuder vi skalbara l\u00f6sningar f\u00f6r olika produktionsvolymer.<\/p>\t\t\t\t\t\t\t\t<\/div>\n\t\t\t\t<\/div>\n\t\t\t\t<div class=\"elementor-element elementor-element-4032e4b elementor-widget elementor-widget-spacer\" data-id=\"4032e4b\" data-element_type=\"widget\" data-widget_type=\"spacer.default\">\n\t\t\t\t<div class=\"elementor-widget-container\">\n\t\t\t\t\t\t\t<div class=\"elementor-spacer\">\n\t\t\t<div class=\"elementor-spacer-inner\"><\/div>\n\t\t<\/div>\n\t\t\t\t\t\t<\/div>\n\t\t\t\t<\/div>\n\t\t\t\t\t<\/div>\n\t\t<\/div>\n\t\t\t\t\t<\/div>\n\t\t<\/section>\n\t\t\t\t<section class=\"elementor-section elementor-top-section elementor-element elementor-element-049f290 elementor-section-boxed elementor-section-height-default elementor-section-height-default\" data-id=\"049f290\" data-element_type=\"section\" data-settings=\"{&quot;background_background&quot;:&quot;classic&quot;,&quot;_ha_eqh_enable&quot;:false}\">\n\t\t\t\t\t\t<div class=\"elementor-container elementor-column-gap-default\">\n\t\t\t\t\t<div class=\"elementor-column elementor-col-100 elementor-top-column elementor-element elementor-element-ebe39cb\" data-id=\"ebe39cb\" data-element_type=\"column\">\n\t\t\t<div class=\"elementor-widget-wrap elementor-element-populated\">\n\t\t\t\t\t\t\t<\/div>\n\t\t<\/div>\n\t\t\t\t\t<\/div>\n\t\t<\/section>\n\t\t\t\t<section class=\"elementor-section elementor-top-section elementor-element elementor-element-35d2c15 elementor-section-boxed elementor-section-height-default elementor-section-height-default\" data-id=\"35d2c15\" data-element_type=\"section\" data-settings=\"{&quot;_ha_eqh_enable&quot;:false}\">\n\t\t\t\t\t\t<div class=\"elementor-container elementor-column-gap-default\">\n\t\t\t\t\t<div class=\"elementor-column elementor-col-100 elementor-top-column elementor-element elementor-element-62a9423\" data-id=\"62a9423\" data-element_type=\"column\">\n\t\t\t<div class=\"elementor-widget-wrap elementor-element-populated\">\n\t\t\t\t\t\t<div class=\"elementor-element elementor-element-bc9701a elementor-widget elementor-widget-spacer\" data-id=\"bc9701a\" data-element_type=\"widget\" data-widget_type=\"spacer.default\">\n\t\t\t\t<div class=\"elementor-widget-container\">\n\t\t\t\t\t\t\t<div class=\"elementor-spacer\">\n\t\t\t<div class=\"elementor-spacer-inner\"><\/div>\n\t\t<\/div>\n\t\t\t\t\t\t<\/div>\n\t\t\t\t<\/div>\n\t\t\t\t\t<\/div>\n\t\t<\/div>\n\t\t\t\t\t<\/div>\n\t\t<\/section>\n\t\t\t\t<\/div>\n\t\t","protected":false},"excerpt":{"rendered":"<p>Referenser Spannm\u00e5l Uppt\u00e4ck det omfattande n\u00e4tverket av Tornum-anl\u00e4ggningar f\u00f6r spannm\u00e5l v\u00e4rlden \u00f6ver. Dessa anl\u00e4ggningar representerar effektiva l\u00f6sningar f\u00f6r spannm\u00e5lshantering, lagring och transport. Fr\u00e5n storskaliga jordbruksverksamheter till mindre familje\u00e4gda f\u00f6retag erbjuder vi skalbara l\u00f6sningar f\u00f6r olika produktionsvolymer.<\/p>\n","protected":false},"author":1,"featured_media":0,"parent":0,"menu_order":0,"comment_status":"closed","ping_status":"closed","template":"","meta":{"_acf_changed":false,"footnotes":""},"class_list":["post-14197","page","type-page","status-publish","hentry"],"acf":[],"_links":{"self":[{"href":"https:\/\/www.tornum.com\/sv\/wp-json\/wp\/v2\/pages\/14197","targetHints":{"allow":["GET"]}}],"collection":[{"href":"https:\/\/www.tornum.com\/sv\/wp-json\/wp\/v2\/pages"}],"about":[{"href":"https:\/\/www.tornum.com\/sv\/wp-json\/wp\/v2\/types\/page"}],"author":[{"embeddable":true,"href":"https:\/\/www.tornum.com\/sv\/wp-json\/wp\/v2\/users\/1"}],"replies":[{"embeddable":true,"href":"https:\/\/www.tornum.com\/sv\/wp-json\/wp\/v2\/comments?post=14197"}],"version-history":[{"count":12,"href":"https:\/\/www.tornum.com\/sv\/wp-json\/wp\/v2\/pages\/14197\/revisions"}],"predecessor-version":[{"id":22733,"href":"https:\/\/www.tornum.com\/sv\/wp-json\/wp\/v2\/pages\/14197\/revisions\/22733"}],"wp:attachment":[{"href":"https:\/\/www.tornum.com\/sv\/wp-json\/wp\/v2\/media?parent=14197"}],"curies":[{"name":"wp","href":"https:\/\/api.w.org\/{rel}","templated":true}]}}