{"id":19991,"date":"2023-09-01T14:57:08","date_gmt":"2023-09-01T14:57:08","guid":{"rendered":"https:\/\/www.tornum.com\/our-companies\/"},"modified":"2025-04-28T12:25:17","modified_gmt":"2025-04-28T12:25:17","slug":"our-companies","status":"publish","type":"page","link":"https:\/\/www.tornum.com\/sv\/our-companies\/","title":{"rendered":"OUR COMPANIES"},"content":{"rendered":"\t\t<div data-elementor-type=\"wp-page\" data-elementor-id=\"19991\" class=\"elementor elementor-19991 elementor-16115\" data-elementor-settings=\"{&quot;ha_cmc_init_switcher&quot;:&quot;no&quot;}\" data-elementor-post-type=\"page\">\n\t\t\t\t\t\t<section class=\"elementor-section elementor-top-section elementor-element elementor-element-78e0784c elementor-section-stretched elementor-section-full_width elementor-section-height-default elementor-section-height-default\" data-id=\"78e0784c\" data-element_type=\"section\" data-settings=\"{&quot;stretch_section&quot;:&quot;section-stretched&quot;,&quot;_ha_eqh_enable&quot;:false}\">\n\t\t\t\t\t\t<div class=\"elementor-container elementor-column-gap-default\">\n\t\t\t\t\t<div class=\"elementor-column elementor-col-50 elementor-top-column elementor-element elementor-element-69dc737e\" data-id=\"69dc737e\" data-element_type=\"column\">\n\t\t\t<div class=\"elementor-widget-wrap elementor-element-populated\">\n\t\t\t\t\t\t<div class=\"elementor-element elementor-element-1dcbcaea elementor-hidden-tablet elementor-hidden-mobile elementor-widget elementor-widget-heading\" data-id=\"1dcbcaea\" data-element_type=\"widget\" data-widget_type=\"heading.default\">\n\t\t\t\t<div class=\"elementor-widget-container\">\n\t\t\t\t\t<h1 class=\"elementor-heading-title elementor-size-default\">F\u00f6retag inom<br>Tornum<\/h1>\t\t\t\t<\/div>\n\t\t\t\t<\/div>\n\t\t\t\t<div class=\"elementor-element elementor-element-7a102731 elementor-hidden-desktop elementor-widget elementor-widget-heading\" data-id=\"7a102731\" data-element_type=\"widget\" data-widget_type=\"heading.default\">\n\t\t\t\t<div class=\"elementor-widget-container\">\n\t\t\t\t\t<h1 class=\"elementor-heading-title elementor-size-default\">F\u00f6retag  inom  Tornum<\/h1>\t\t\t\t<\/div>\n\t\t\t\t<\/div>\n\t\t\t\t<div class=\"elementor-element elementor-element-41a7499c elementor-widget elementor-widget-text-editor\" data-id=\"41a7499c\" data-element_type=\"widget\" data-widget_type=\"text-editor.default\">\n\t\t\t\t<div class=\"elementor-widget-container\">\n\t\t\t\t\t\t\t\t\t<p>Med hj\u00e4lp av den senaste tekniken inom s\u00e5v\u00e4l konstruktion som produktion utvecklar och bygger vi morgondagens effektivaste spannm\u00e5lsanl\u00e4ggningar f\u00f6r dig.<\/p><p>Utvecklingsarbetet och stora delar av tillverkningen \u00e4ger rum i v\u00e5r anl\u00e4ggning i Kv\u00e4num, d\u00e4r en mycket stor del av personalen har r\u00f6tter i spannm\u00e5lsindustrin \u2013 eller till och med egna lantbruk. Dessa v\u00e4rdefulla personliga erfarenheter av branschens villkor ger oss ett f\u00f6rspr\u00e5ng i arbetet med att utveckla drifts\u00e4kra och effektiva anl\u00e4ggningar med h\u00f6g kvalitet.<\/p><p>Genom \u00e5ren har vi ut\u00f6kat v\u00e5r kunskap, produktportf\u00f6lj och erbjudande genom nya f\u00f6rv\u00e4rv. Nedan kan du l\u00e4sa mer om f\u00f6retagen som nu \u00e4r en del av Tornum.<\/p>\t\t\t\t\t\t\t\t<\/div>\n\t\t\t\t<\/div>\n\t\t\t\t\t<\/div>\n\t\t<\/div>\n\t\t\t\t<div class=\"elementor-column elementor-col-50 elementor-top-column elementor-element elementor-element-6d42d37\" data-id=\"6d42d37\" data-element_type=\"column\">\n\t\t\t<div class=\"elementor-widget-wrap elementor-element-populated\">\n\t\t\t\t\t\t<div class=\"elementor-element elementor-element-12226fc elementor-widget elementor-widget-image\" data-id=\"12226fc\" data-element_type=\"widget\" data-widget_type=\"image.default\">\n\t\t\t\t<div class=\"elementor-widget-container\">\n\t\t\t\t\t\t\t\t\t\t\t\t\t\t\t<img fetchpriority=\"high\" decoding=\"async\" width=\"1024\" height=\"768\" src=\"https:\/\/www.tornum.com\/wp-content\/uploads\/2023\/06\/5-1024x768.jpg\" class=\"attachment-large size-large wp-image-13353\" alt=\"\" srcset=\"https:\/\/www.tornum.com\/wp-content\/uploads\/2023\/06\/5-1024x768.jpg 1024w, https:\/\/www.tornum.com\/wp-content\/uploads\/2023\/06\/5-600x450.jpg 600w, https:\/\/www.tornum.com\/wp-content\/uploads\/2023\/06\/5-300x225.jpg 300w, https:\/\/www.tornum.com\/wp-content\/uploads\/2023\/06\/5-768x576.jpg 768w, https:\/\/www.tornum.com\/wp-content\/uploads\/2023\/06\/5-1536x1152.jpg 1536w, https:\/\/www.tornum.com\/wp-content\/uploads\/2023\/06\/5-2048x1536.jpg 2048w\" sizes=\"(max-width: 1024px) 100vw, 1024px\" \/>\t\t\t\t\t\t\t\t\t\t\t\t\t\t\t<\/div>\n\t\t\t\t<\/div>\n\t\t\t\t\t<\/div>\n\t\t<\/div>\n\t\t\t\t\t<\/div>\n\t\t<\/section>\n\t\t\t\t<section class=\"elementor-section elementor-top-section elementor-element elementor-element-51e72e42 elementor-section-stretched elementor-section-boxed elementor-section-height-default elementor-section-height-default\" data-id=\"51e72e42\" data-element_type=\"section\" data-settings=\"{&quot;stretch_section&quot;:&quot;section-stretched&quot;,&quot;background_background&quot;:&quot;classic&quot;,&quot;_ha_eqh_enable&quot;:false}\">\n\t\t\t\t\t\t<div class=\"elementor-container elementor-column-gap-default\">\n\t\t\t\t\t<div class=\"elementor-column elementor-col-50 elementor-top-column elementor-element elementor-element-5b57e816\" data-id=\"5b57e816\" data-element_type=\"column\">\n\t\t\t<div class=\"elementor-widget-wrap elementor-element-populated\">\n\t\t\t\t\t\t<div class=\"elementor-element elementor-element-19a3c04e elementor-widget elementor-widget-heading\" data-id=\"19a3c04e\" data-element_type=\"widget\" data-widget_type=\"heading.default\">\n\t\t\t\t<div class=\"elementor-widget-container\">\n\t\t\t\t\t<h4 class=\"elementor-heading-title elementor-size-default\">Mundus Maskin AB<\/h4>\t\t\t\t<\/div>\n\t\t\t\t<\/div>\n\t\t\t\t<div class=\"elementor-element elementor-element-71415273 elementor-widget elementor-widget-text-editor\" data-id=\"71415273\" data-element_type=\"widget\" data-widget_type=\"text-editor.default\">\n\t\t\t\t<div class=\"elementor-widget-container\">\n\t\t\t\t\t\t\t\t\t<p>Mundus Maskin har varit en del av Tornum sedan 2018 och \u00e4r ett fullservicef\u00f6retag f\u00f6r svenskt jordbruk och industri. Mundus \u00e4r \u00e5terf\u00f6rs\u00e4ljare av GSI och Kongskilde p\u00e5 den svenska marknaden.<\/p>\t\t\t\t\t\t\t\t<\/div>\n\t\t\t\t<\/div>\n\t\t\t\t<div class=\"elementor-element elementor-element-3c52d346 elementor-align-left elementor-widget elementor-widget-button\" data-id=\"3c52d346\" data-element_type=\"widget\" data-widget_type=\"button.default\">\n\t\t\t\t<div class=\"elementor-widget-container\">\n\t\t\t\t\t\t\t\t\t<div class=\"elementor-button-wrapper\">\n\t\t\t\t\t<a class=\"elementor-button elementor-button-link elementor-size-sm\" href=\"https:\/\/www.mundus.se\/\" target=\"_blank\">\n\t\t\t\t\t\t<span class=\"elementor-button-content-wrapper\">\n\t\t\t\t\t\t\t\t\t<span class=\"elementor-button-text\">L\u00e4s Mer<\/span>\n\t\t\t\t\t<\/span>\n\t\t\t\t\t<\/a>\n\t\t\t\t<\/div>\n\t\t\t\t\t\t\t\t<\/div>\n\t\t\t\t<\/div>\n\t\t\t\t\t<\/div>\n\t\t<\/div>\n\t\t\t\t<div class=\"elementor-column elementor-col-50 elementor-top-column elementor-element elementor-element-5f5d5bd5 elementor-hidden-tablet elementor-hidden-mobile\" data-id=\"5f5d5bd5\" data-element_type=\"column\">\n\t\t\t<div class=\"elementor-widget-wrap elementor-element-populated\">\n\t\t\t\t\t\t<div class=\"elementor-element elementor-element-1eeacf6 elementor-hidden-tablet elementor-hidden-mobile elementor-widget elementor-widget-image\" data-id=\"1eeacf6\" data-element_type=\"widget\" data-widget_type=\"image.default\">\n\t\t\t\t<div class=\"elementor-widget-container\">\n\t\t\t\t\t\t\t\t\t\t\t\t\t\t\t<img decoding=\"async\" width=\"400\" height=\"163\" src=\"https:\/\/www.tornum.com\/wp-content\/uploads\/2023\/09\/mundus_logo.png\" class=\"attachment-large size-large wp-image-16129\" alt=\"\" srcset=\"https:\/\/www.tornum.com\/wp-content\/uploads\/2023\/09\/mundus_logo.png 400w, https:\/\/www.tornum.com\/wp-content\/uploads\/2023\/09\/mundus_logo-300x122.png 300w\" sizes=\"(max-width: 400px) 100vw, 400px\" \/>\t\t\t\t\t\t\t\t\t\t\t\t\t\t\t<\/div>\n\t\t\t\t<\/div>\n\t\t\t\t\t<\/div>\n\t\t<\/div>\n\t\t\t\t\t<\/div>\n\t\t<\/section>\n\t\t\t\t<section class=\"elementor-section elementor-top-section elementor-element elementor-element-475ee935 elementor-section-stretched elementor-section-boxed elementor-section-height-default elementor-section-height-default\" data-id=\"475ee935\" data-element_type=\"section\" data-settings=\"{&quot;stretch_section&quot;:&quot;section-stretched&quot;,&quot;background_background&quot;:&quot;classic&quot;,&quot;_ha_eqh_enable&quot;:false}\">\n\t\t\t\t\t\t<div class=\"elementor-container elementor-column-gap-default\">\n\t\t\t\t\t<div class=\"elementor-column elementor-col-50 elementor-top-column elementor-element elementor-element-1a58bb62 elementor-hidden-tablet elementor-hidden-mobile\" data-id=\"1a58bb62\" data-element_type=\"column\">\n\t\t\t<div class=\"elementor-widget-wrap elementor-element-populated\">\n\t\t\t\t\t\t<div class=\"elementor-element elementor-element-793da1e4 elementor-hidden-tablet elementor-hidden-mobile elementor-widget elementor-widget-image\" data-id=\"793da1e4\" data-element_type=\"widget\" data-widget_type=\"image.default\">\n\t\t\t\t<div class=\"elementor-widget-container\">\n\t\t\t\t\t\t\t\t\t\t\t\t\t\t\t<img decoding=\"async\" width=\"400\" height=\"163\" src=\"https:\/\/www.tornum.com\/wp-content\/uploads\/2023\/09\/silokonsult_tornum.jpg\" class=\"attachment-large size-large wp-image-16133\" alt=\"\" srcset=\"https:\/\/www.tornum.com\/wp-content\/uploads\/2023\/09\/silokonsult_tornum.jpg 400w, https:\/\/www.tornum.com\/wp-content\/uploads\/2023\/09\/silokonsult_tornum-300x122.jpg 300w\" sizes=\"(max-width: 400px) 100vw, 400px\" \/>\t\t\t\t\t\t\t\t\t\t\t\t\t\t\t<\/div>\n\t\t\t\t<\/div>\n\t\t\t\t\t<\/div>\n\t\t<\/div>\n\t\t\t\t<div class=\"elementor-column elementor-col-50 elementor-top-column elementor-element elementor-element-1dfa1ea6\" data-id=\"1dfa1ea6\" data-element_type=\"column\">\n\t\t\t<div class=\"elementor-widget-wrap elementor-element-populated\">\n\t\t\t\t\t\t<div class=\"elementor-element elementor-element-f3d41f7 elementor-widget elementor-widget-heading\" data-id=\"f3d41f7\" data-element_type=\"widget\" data-widget_type=\"heading.default\">\n\t\t\t\t<div class=\"elementor-widget-container\">\n\t\t\t\t\t<h4 class=\"elementor-heading-title elementor-size-default\">Silokonsult<\/h4>\t\t\t\t<\/div>\n\t\t\t\t<\/div>\n\t\t\t\t<div class=\"elementor-element elementor-element-39258e2b elementor-widget elementor-widget-text-editor\" data-id=\"39258e2b\" data-element_type=\"widget\" data-widget_type=\"text-editor.default\">\n\t\t\t\t<div class=\"elementor-widget-container\">\n\t\t\t\t\t\t\t\t\t<p>Silokonsult har varit en del av Tornum sedan 2017 och erbjuder projekterings\u00adtj\u00e4nster och mekanisk utrustning till spannm\u00e5ls- och livsmedelsindustrin i Sverige och Norge.<\/p>\t\t\t\t\t\t\t\t<\/div>\n\t\t\t\t<\/div>\n\t\t\t\t<div class=\"elementor-element elementor-element-2587b5a5 elementor-align-left elementor-widget elementor-widget-button\" data-id=\"2587b5a5\" data-element_type=\"widget\" data-widget_type=\"button.default\">\n\t\t\t\t<div class=\"elementor-widget-container\">\n\t\t\t\t\t\t\t\t\t<div class=\"elementor-button-wrapper\">\n\t\t\t\t\t<a class=\"elementor-button elementor-button-link elementor-size-sm\" href=\"https:\/\/silokonsult.se\/\" target=\"_blank\">\n\t\t\t\t\t\t<span class=\"elementor-button-content-wrapper\">\n\t\t\t\t\t\t\t\t\t<span class=\"elementor-button-text\">L\u00e4s Mer<\/span>\n\t\t\t\t\t<\/span>\n\t\t\t\t\t<\/a>\n\t\t\t\t<\/div>\n\t\t\t\t\t\t\t\t<\/div>\n\t\t\t\t<\/div>\n\t\t\t\t\t<\/div>\n\t\t<\/div>\n\t\t\t\t\t<\/div>\n\t\t<\/section>\n\t\t\t\t<section class=\"elementor-section elementor-top-section elementor-element elementor-element-7c32d81f elementor-section-stretched elementor-section-boxed elementor-section-height-default elementor-section-height-default\" data-id=\"7c32d81f\" data-element_type=\"section\" data-settings=\"{&quot;stretch_section&quot;:&quot;section-stretched&quot;,&quot;background_background&quot;:&quot;classic&quot;,&quot;_ha_eqh_enable&quot;:false}\">\n\t\t\t\t\t\t<div class=\"elementor-container elementor-column-gap-default\">\n\t\t\t\t\t<div class=\"elementor-column elementor-col-50 elementor-top-column elementor-element elementor-element-5f5f69a7\" data-id=\"5f5f69a7\" data-element_type=\"column\">\n\t\t\t<div class=\"elementor-widget-wrap elementor-element-populated\">\n\t\t\t\t\t\t<div class=\"elementor-element elementor-element-7e5e7cb5 elementor-widget elementor-widget-heading\" data-id=\"7e5e7cb5\" data-element_type=\"widget\" data-widget_type=\"heading.default\">\n\t\t\t\t<div class=\"elementor-widget-container\">\n\t\t\t\t\t<h4 class=\"elementor-heading-title elementor-size-default\">Lidk\u00f6pings Pl\u00e5tteknik<\/h4>\t\t\t\t<\/div>\n\t\t\t\t<\/div>\n\t\t\t\t<div class=\"elementor-element elementor-element-581ec05a elementor-widget elementor-widget-text-editor\" data-id=\"581ec05a\" data-element_type=\"widget\" data-widget_type=\"text-editor.default\">\n\t\t\t\t<div class=\"elementor-widget-container\">\n\t\t\t\t\t\t\t\t\t<p>Lidk\u00f6pings Pl\u00e5tteknik har varit en del av Tornum sedan 2015 och erbjuder tj\u00e4nster som underh\u00e5ll, konstruktion och ombyggnad av spannm\u00e5lsanl\u00e4ggningar. \u00c5r av erfarenhet har resulterat i en stark position p\u00e5 den svenska marknaden.<\/p>\t\t\t\t\t\t\t\t<\/div>\n\t\t\t\t<\/div>\n\t\t\t\t<div class=\"elementor-element elementor-element-4f6404cf elementor-align-left elementor-widget elementor-widget-button\" data-id=\"4f6404cf\" data-element_type=\"widget\" data-widget_type=\"button.default\">\n\t\t\t\t<div class=\"elementor-widget-container\">\n\t\t\t\t\t\t\t\t\t<div class=\"elementor-button-wrapper\">\n\t\t\t\t\t<a class=\"elementor-button elementor-button-link elementor-size-sm\" href=\"https:\/\/www.tornum.com\/sv\/lpt\" target=\"_blank\">\n\t\t\t\t\t\t<span class=\"elementor-button-content-wrapper\">\n\t\t\t\t\t\t\t\t\t<span class=\"elementor-button-text\">L\u00e4s Mer<\/span>\n\t\t\t\t\t<\/span>\n\t\t\t\t\t<\/a>\n\t\t\t\t<\/div>\n\t\t\t\t\t\t\t\t<\/div>\n\t\t\t\t<\/div>\n\t\t\t\t\t<\/div>\n\t\t<\/div>\n\t\t\t\t<div class=\"elementor-column elementor-col-50 elementor-top-column elementor-element elementor-element-782168c3 elementor-hidden-tablet elementor-hidden-mobile\" data-id=\"782168c3\" data-element_type=\"column\">\n\t\t\t<div class=\"elementor-widget-wrap elementor-element-populated\">\n\t\t\t\t\t\t<div class=\"elementor-element elementor-element-45c2fade elementor-hidden-tablet elementor-hidden-mobile elementor-widget elementor-widget-image\" data-id=\"45c2fade\" data-element_type=\"widget\" data-widget_type=\"image.default\">\n\t\t\t\t<div class=\"elementor-widget-container\">\n\t\t\t\t\t\t\t\t\t\t\t\t\t\t\t<img loading=\"lazy\" decoding=\"async\" width=\"400\" height=\"163\" src=\"https:\/\/www.tornum.com\/wp-content\/uploads\/2023\/06\/LPT_logo.png\" class=\"attachment-large size-large wp-image-13385\" alt=\"\" srcset=\"https:\/\/www.tornum.com\/wp-content\/uploads\/2023\/06\/LPT_logo.png 400w, https:\/\/www.tornum.com\/wp-content\/uploads\/2023\/06\/LPT_logo-300x122.png 300w\" sizes=\"(max-width: 400px) 100vw, 400px\" \/>\t\t\t\t\t\t\t\t\t\t\t\t\t\t\t<\/div>\n\t\t\t\t<\/div>\n\t\t\t\t\t<\/div>\n\t\t<\/div>\n\t\t\t\t\t<\/div>\n\t\t<\/section>\n\t\t\t\t<\/div>\n\t\t","protected":false},"excerpt":{"rendered":"<p>F\u00f6retag inomTornum F\u00f6retag inom Tornum Med hj\u00e4lp av den senaste tekniken inom s\u00e5v\u00e4l konstruktion som produktion utvecklar och bygger vi morgondagens effektivaste spannm\u00e5lsanl\u00e4ggningar f\u00f6r dig. Utvecklingsarbetet och stora delar av tillverkningen \u00e4ger rum i v\u00e5r anl\u00e4ggning i Kv\u00e4num, d\u00e4r en mycket stor del av personalen har r\u00f6tter i spannm\u00e5lsindustrin \u2013 eller till och med egna&hellip;<\/p>\n","protected":false},"author":1,"featured_media":0,"parent":0,"menu_order":0,"comment_status":"closed","ping_status":"closed","template":"","meta":{"_acf_changed":false,"footnotes":""},"class_list":["post-19991","page","type-page","status-publish","hentry"],"acf":[],"_links":{"self":[{"href":"https:\/\/www.tornum.com\/sv\/wp-json\/wp\/v2\/pages\/19991","targetHints":{"allow":["GET"]}}],"collection":[{"href":"https:\/\/www.tornum.com\/sv\/wp-json\/wp\/v2\/pages"}],"about":[{"href":"https:\/\/www.tornum.com\/sv\/wp-json\/wp\/v2\/types\/page"}],"author":[{"embeddable":true,"href":"https:\/\/www.tornum.com\/sv\/wp-json\/wp\/v2\/users\/1"}],"replies":[{"embeddable":true,"href":"https:\/\/www.tornum.com\/sv\/wp-json\/wp\/v2\/comments?post=19991"}],"version-history":[{"count":19,"href":"https:\/\/www.tornum.com\/sv\/wp-json\/wp\/v2\/pages\/19991\/revisions"}],"predecessor-version":[{"id":47689,"href":"https:\/\/www.tornum.com\/sv\/wp-json\/wp\/v2\/pages\/19991\/revisions\/47689"}],"wp:attachment":[{"href":"https:\/\/www.tornum.com\/sv\/wp-json\/wp\/v2\/media?parent=19991"}],"curies":[{"name":"wp","href":"https:\/\/api.w.org\/{rel}","templated":true}]}}