{"id":46679,"date":"2023-09-06T21:55:23","date_gmt":"2023-09-06T21:55:23","guid":{"rendered":"https:\/\/www.tornum.com\/?page_id=46679"},"modified":"2025-05-22T08:46:53","modified_gmt":"2025-05-22T08:46:53","slug":"cookies-policy","status":"publish","type":"page","link":"https:\/\/www.tornum.com\/sv\/cookies-policy\/","title":{"rendered":"Cookies Policy"},"content":{"rendered":"\t\t<div data-elementor-type=\"wp-page\" data-elementor-id=\"46679\" class=\"elementor elementor-46679 elementor-16822\" data-elementor-settings=\"{&quot;ha_cmc_init_switcher&quot;:&quot;no&quot;}\" data-elementor-post-type=\"page\">\n\t\t\t\t\t\t<section class=\"elementor-section elementor-top-section elementor-element elementor-element-abaac7d elementor-section-boxed elementor-section-height-default elementor-section-height-default\" data-id=\"abaac7d\" data-element_type=\"section\" data-settings=\"{&quot;_ha_eqh_enable&quot;:false}\">\n\t\t\t\t\t\t<div class=\"elementor-container elementor-column-gap-default\">\n\t\t\t\t\t<div class=\"elementor-column elementor-col-100 elementor-top-column elementor-element elementor-element-3b05e14\" data-id=\"3b05e14\" data-element_type=\"column\">\n\t\t\t<div class=\"elementor-widget-wrap elementor-element-populated\">\n\t\t\t\t\t\t<div class=\"elementor-element elementor-element-63258a3 elementor-widget elementor-widget-spacer\" data-id=\"63258a3\" data-element_type=\"widget\" data-widget_type=\"spacer.default\">\n\t\t\t\t<div class=\"elementor-widget-container\">\n\t\t\t\t\t\t\t<div class=\"elementor-spacer\">\n\t\t\t<div class=\"elementor-spacer-inner\"><\/div>\n\t\t<\/div>\n\t\t\t\t\t\t<\/div>\n\t\t\t\t<\/div>\n\t\t\t\t\t<\/div>\n\t\t<\/div>\n\t\t\t\t\t<\/div>\n\t\t<\/section>\n\t\t\t\t<section class=\"elementor-section elementor-top-section elementor-element elementor-element-1f696030 elementor-section-boxed elementor-section-height-default elementor-section-height-default\" data-id=\"1f696030\" data-element_type=\"section\" data-settings=\"{&quot;_ha_eqh_enable&quot;:false}\">\n\t\t\t\t\t\t<div class=\"elementor-container elementor-column-gap-default\">\n\t\t\t\t\t<div class=\"elementor-column elementor-col-100 elementor-top-column elementor-element elementor-element-4a74929\" data-id=\"4a74929\" data-element_type=\"column\">\n\t\t\t<div class=\"elementor-widget-wrap elementor-element-populated\">\n\t\t\t\t\t\t<div class=\"elementor-element elementor-element-1f31462b elementor-widget elementor-widget-text-editor\" data-id=\"1f31462b\" data-element_type=\"widget\" data-widget_type=\"text-editor.default\">\n\t\t\t\t<div class=\"elementor-widget-container\">\n\t\t\t\t\t\t\t\t\t<h3><strong>Cookies Policy<\/strong><\/h3>\n<p>Den h\u00e4r webbplatsen anv\u00e4nder cookies \u2013 sm\u00e5 textfiler som placeras p\u00e5 din enhet f\u00f6r att hj\u00e4lpa webbplatsen att ge en b\u00e4ttre anv\u00e4ndarupplevelse. I allm\u00e4nhet anv\u00e4nds cookies f\u00f6r att spara anv\u00e4ndarpreferenser, lagra information som t.ex. varukorgar, samt f\u00f6r att tillhandah\u00e5lla anonymiserad sp\u00e5rningsdata till tredjepartsapplikationer som Google Analytics. Som regel g\u00f6r cookies din surfupplevelse b\u00e4ttre. Du kan dock f\u00f6redra att inaktivera cookies p\u00e5 denna och andra webbplatser. Det mest effektiva s\u00e4ttet att g\u00f6ra detta \u00e4r att inaktivera cookies i din webbl\u00e4sare. Vi f\u00f6resl\u00e5r att du konsulterar hj\u00e4lpdelen i din webbl\u00e4sare eller bes\u00f6ker webbplatsen <a href=\"http:\/\/www.aboutcookies.org\/\" target=\"_blank\" rel=\"noopener noreferrer\">About Cookies,<\/a> som erbjuder v\u00e4gledning f\u00f6r alla moderna webbl\u00e4sare.     <\/p>\n\t\t\t\t\t\t\t\t<\/div>\n\t\t\t\t<\/div>\n\t\t\t\t<div class=\"elementor-element elementor-element-5e8e5a9 elementor-widget elementor-widget-spacer\" data-id=\"5e8e5a9\" data-element_type=\"widget\" data-widget_type=\"spacer.default\">\n\t\t\t\t<div class=\"elementor-widget-container\">\n\t\t\t\t\t\t\t<div class=\"elementor-spacer\">\n\t\t\t<div class=\"elementor-spacer-inner\"><\/div>\n\t\t<\/div>\n\t\t\t\t\t\t<\/div>\n\t\t\t\t<\/div>\n\t\t\t\t\t<\/div>\n\t\t<\/div>\n\t\t\t\t\t<\/div>\n\t\t<\/section>\n\t\t\t\t<\/div>\n\t\t","protected":false},"excerpt":{"rendered":"<p>Cookies Policy Den h\u00e4r webbplatsen anv\u00e4nder cookies \u2013 sm\u00e5 textfiler som placeras p\u00e5 din enhet f\u00f6r att hj\u00e4lpa webbplatsen att ge en b\u00e4ttre anv\u00e4ndarupplevelse. I allm\u00e4nhet anv\u00e4nds cookies f\u00f6r att spara anv\u00e4ndarpreferenser, lagra information som t.ex. varukorgar, samt f\u00f6r att tillhandah\u00e5lla anonymiserad sp\u00e5rningsdata till tredjepartsapplikationer som Google Analytics. Som regel g\u00f6r cookies din surfupplevelse b\u00e4ttre.&hellip;<\/p>\n","protected":false},"author":1,"featured_media":0,"parent":0,"menu_order":0,"comment_status":"closed","ping_status":"closed","template":"elementor_header_footer","meta":{"_acf_changed":false,"footnotes":""},"class_list":["post-46679","page","type-page","status-publish","hentry"],"acf":[],"_links":{"self":[{"href":"https:\/\/www.tornum.com\/sv\/wp-json\/wp\/v2\/pages\/46679","targetHints":{"allow":["GET"]}}],"collection":[{"href":"https:\/\/www.tornum.com\/sv\/wp-json\/wp\/v2\/pages"}],"about":[{"href":"https:\/\/www.tornum.com\/sv\/wp-json\/wp\/v2\/types\/page"}],"author":[{"embeddable":true,"href":"https:\/\/www.tornum.com\/sv\/wp-json\/wp\/v2\/users\/1"}],"replies":[{"embeddable":true,"href":"https:\/\/www.tornum.com\/sv\/wp-json\/wp\/v2\/comments?post=46679"}],"version-history":[{"count":16,"href":"https:\/\/www.tornum.com\/sv\/wp-json\/wp\/v2\/pages\/46679\/revisions"}],"predecessor-version":[{"id":48469,"href":"https:\/\/www.tornum.com\/sv\/wp-json\/wp\/v2\/pages\/46679\/revisions\/48469"}],"wp:attachment":[{"href":"https:\/\/www.tornum.com\/sv\/wp-json\/wp\/v2\/media?parent=46679"}],"curies":[{"name":"wp","href":"https:\/\/api.w.org\/{rel}","templated":true}]}}