{"id":48372,"date":"2025-05-15T09:08:13","date_gmt":"2025-05-15T09:08:13","guid":{"rendered":"https:\/\/www.tornum.com\/?page_id=48372"},"modified":"2025-05-25T13:23:56","modified_gmt":"2025-05-25T13:23:56","slug":"lpt-cloned-47559","status":"publish","type":"page","link":"https:\/\/www.tornum.com\/sv\/lpt-cloned-47559\/","title":{"rendered":"LPT &#8211; [Cloned #47559]"},"content":{"rendered":"\t\t<div data-elementor-type=\"wp-page\" data-elementor-id=\"48372\" class=\"elementor elementor-48372\" data-elementor-settings=\"{&quot;ha_cmc_init_switcher&quot;:&quot;no&quot;}\" data-elementor-post-type=\"page\">\n\t\t\t\t\t\t<section class=\"elementor-section elementor-top-section elementor-element elementor-element-b0df5a1 elementor-section-boxed elementor-section-height-default elementor-section-height-default\" data-id=\"b0df5a1\" data-element_type=\"section\" data-settings=\"{&quot;_ha_eqh_enable&quot;:false}\">\n\t\t\t\t\t\t<div class=\"elementor-container elementor-column-gap-default\">\n\t\t\t\t\t<div class=\"elementor-column elementor-col-100 elementor-top-column elementor-element elementor-element-e435765\" data-id=\"e435765\" data-element_type=\"column\">\n\t\t\t<div class=\"elementor-widget-wrap\">\n\t\t\t\t\t\t\t<\/div>\n\t\t<\/div>\n\t\t\t\t\t<\/div>\n\t\t<\/section>\n\t\t\t\t<section class=\"elementor-section elementor-top-section elementor-element elementor-element-91e0499 elementor-section-stretched elementor-section-full_width abt-header elementor-section-height-default elementor-section-height-default\" data-id=\"91e0499\" data-element_type=\"section\" data-settings=\"{&quot;stretch_section&quot;:&quot;section-stretched&quot;,&quot;_ha_eqh_enable&quot;:false}\">\n\t\t\t\t\t\t<div class=\"elementor-container elementor-column-gap-default\">\n\t\t\t\t\t<div class=\"elementor-column elementor-col-50 elementor-top-column elementor-element elementor-element-690b4fd dj-left-con\" data-id=\"690b4fd\" data-element_type=\"column\">\n\t\t\t<div class=\"elementor-widget-wrap elementor-element-populated\">\n\t\t\t\t\t\t<div class=\"elementor-element elementor-element-9a1b5cc elementor-hidden-desktop elementor-hidden-tablet elementor-widget elementor-widget-spacer\" data-id=\"9a1b5cc\" data-element_type=\"widget\" data-widget_type=\"spacer.default\">\n\t\t\t\t<div class=\"elementor-widget-container\">\n\t\t\t\t\t\t\t<div class=\"elementor-spacer\">\n\t\t\t<div class=\"elementor-spacer-inner\"><\/div>\n\t\t<\/div>\n\t\t\t\t\t\t<\/div>\n\t\t\t\t<\/div>\n\t\t\t\t<div class=\"elementor-element elementor-element-0e1de5f elementor-widget elementor-widget-heading\" data-id=\"0e1de5f\" data-element_type=\"widget\" data-widget_type=\"heading.default\">\n\t\t\t\t<div class=\"elementor-widget-container\">\n\t\t\t\t\t<h1 class=\"elementor-heading-title elementor-size-default\"><font color=\"#224585\">LPT<\/font><\/h1>\t\t\t\t<\/div>\n\t\t\t\t<\/div>\n\t\t\t\t<div class=\"elementor-element elementor-element-61d3e9e elementor-hidden-tablet elementor-hidden-mobile elementor-widget elementor-widget-heading\" data-id=\"61d3e9e\" data-element_type=\"widget\" data-widget_type=\"heading.default\">\n\t\t\t\t<div class=\"elementor-widget-container\">\n\t\t\t\t\t<h6 class=\"elementor-heading-title elementor-size-default\"><font color=\"#224585\">Service till v\u00e4rldens viktigaste bransch<\/font>\n\n<\/h6>\t\t\t\t<\/div>\n\t\t\t\t<\/div>\n\t\t\t\t<div class=\"elementor-element elementor-element-10d5e8f elementor-widget elementor-widget-text-editor\" data-id=\"10d5e8f\" data-element_type=\"widget\" data-widget_type=\"text-editor.default\">\n\t\t\t\t<div class=\"elementor-widget-container\">\n\t\t\t\t\t\t\t\t\t<p>Lidk\u00f6pings Pl\u00e5tteknik AB \u00e4r sedan april 2015 ett hel\u00e4gt dotterbolag till Tornum AB i Kv\u00e4num och \u00e4r ett perfekt komplement till Tornums breda sotriment av utrustning f\u00f6r torkning och lagring av spannm\u00e5l. F\u00f6rv\u00e4rvet av Lidk\u00f6pingspl\u00e5tteknik \u00e4r ett led i Tornums satsning p\u00e5 de svenska spannm\u00e5lsindustrierna.<\/p><p>LPT erbjuder service, om-, till- och nybyggnation av spannm\u00e5lsanl\u00e4ggningar till foder- och spannm\u00e5lsindustrier och har genom m\u00e5ng\u00e5rig erfarenhet utvecklats till en ledande partner \u00e5t de svenska foder- och spannm\u00e5lsindustrierna. V\u00e5ra erfarna mont\u00f6rer vet vad som kr\u00e4vs f\u00f6r att serva och bygga om och har personlig erfarenhet av vilka krav som st\u00e4lls p\u00e5 en modern spannm\u00e5lsanl\u00e4ggning.<\/p><p>F\u00f6r utom rena service och montagejobb kan LPT erbjuda specialdesignade elevatorer, transport\u00f6rer och kringutrustning som dimensioneras av v\u00e5ra tekniker och tillverkas i egen verkstad.<\/p>\t\t\t\t\t\t\t\t<\/div>\n\t\t\t\t<\/div>\n\t\t\t\t\t<\/div>\n\t\t<\/div>\n\t\t\t\t<div class=\"elementor-column elementor-col-50 elementor-top-column elementor-element elementor-element-831b69e\" data-id=\"831b69e\" data-element_type=\"column\" data-settings=\"{&quot;background_background&quot;:&quot;classic&quot;}\">\n\t\t\t<div class=\"elementor-widget-wrap elementor-element-populated\">\n\t\t\t\t\t\t<div class=\"elementor-element elementor-element-b9045cb elementor-widget elementor-widget-image\" data-id=\"b9045cb\" data-element_type=\"widget\" data-widget_type=\"image.default\">\n\t\t\t\t<div class=\"elementor-widget-container\">\n\t\t\t\t\t\t\t\t\t\t\t\t\t\t\t<img fetchpriority=\"high\" decoding=\"async\" width=\"1024\" height=\"568\" src=\"https:\/\/www.tornum.com\/wp-content\/uploads\/2025\/03\/tmep_picture_1-3-1024x568.png\" class=\"attachment-large size-large wp-image-46955\" alt=\"\" srcset=\"https:\/\/www.tornum.com\/wp-content\/uploads\/2025\/03\/tmep_picture_1-3-1024x568.png 1024w, https:\/\/www.tornum.com\/wp-content\/uploads\/2025\/03\/tmep_picture_1-3-300x166.png 300w, https:\/\/www.tornum.com\/wp-content\/uploads\/2025\/03\/tmep_picture_1-3-768x426.png 768w, https:\/\/www.tornum.com\/wp-content\/uploads\/2025\/03\/tmep_picture_1-3-24x13.png 24w, https:\/\/www.tornum.com\/wp-content\/uploads\/2025\/03\/tmep_picture_1-3-36x20.png 36w, https:\/\/www.tornum.com\/wp-content\/uploads\/2025\/03\/tmep_picture_1-3-48x27.png 48w, https:\/\/www.tornum.com\/wp-content\/uploads\/2025\/03\/tmep_picture_1-3.png 1305w\" sizes=\"(max-width: 1024px) 100vw, 1024px\" \/>\t\t\t\t\t\t\t\t\t\t\t\t\t\t\t<\/div>\n\t\t\t\t<\/div>\n\t\t\t\t\t<\/div>\n\t\t<\/div>\n\t\t\t\t\t<\/div>\n\t\t<\/section>\n\t\t\t\t<section class=\"elementor-section elementor-top-section elementor-element elementor-element-2e675a4 elementor-section-stretched elementor-section-full_width abt-header elementor-section-height-default elementor-section-height-default\" data-id=\"2e675a4\" data-element_type=\"section\" data-settings=\"{&quot;stretch_section&quot;:&quot;section-stretched&quot;,&quot;_ha_eqh_enable&quot;:false}\">\n\t\t\t\t\t\t<div class=\"elementor-container elementor-column-gap-default\">\n\t\t\t\t\t<div class=\"elementor-column elementor-col-50 elementor-top-column elementor-element elementor-element-fc5fdbb\" data-id=\"fc5fdbb\" data-element_type=\"column\" data-settings=\"{&quot;background_background&quot;:&quot;classic&quot;}\">\n\t\t\t<div class=\"elementor-widget-wrap elementor-element-populated\">\n\t\t\t\t\t\t<div class=\"elementor-element elementor-element-a2ccc42 elementor-widget elementor-widget-image\" data-id=\"a2ccc42\" data-element_type=\"widget\" data-widget_type=\"image.default\">\n\t\t\t\t<div class=\"elementor-widget-container\">\n\t\t\t\t\t\t\t\t\t\t\t\t\t\t\t<img decoding=\"async\" width=\"720\" height=\"405\" src=\"https:\/\/www.tornum.com\/wp-content\/uploads\/2025\/03\/tornum-lpt-tjanster-1.jpg\" class=\"attachment-large size-large wp-image-47036\" alt=\"\" srcset=\"https:\/\/www.tornum.com\/wp-content\/uploads\/2025\/03\/tornum-lpt-tjanster-1.jpg 720w, https:\/\/www.tornum.com\/wp-content\/uploads\/2025\/03\/tornum-lpt-tjanster-1-300x169.jpg 300w, https:\/\/www.tornum.com\/wp-content\/uploads\/2025\/03\/tornum-lpt-tjanster-1-24x14.jpg 24w, https:\/\/www.tornum.com\/wp-content\/uploads\/2025\/03\/tornum-lpt-tjanster-1-36x20.jpg 36w, https:\/\/www.tornum.com\/wp-content\/uploads\/2025\/03\/tornum-lpt-tjanster-1-48x27.jpg 48w, https:\/\/www.tornum.com\/wp-content\/uploads\/2025\/03\/tornum-lpt-tjanster-1-600x338.jpg 600w\" sizes=\"(max-width: 720px) 100vw, 720px\" \/>\t\t\t\t\t\t\t\t\t\t\t\t\t\t\t<\/div>\n\t\t\t\t<\/div>\n\t\t\t\t\t<\/div>\n\t\t<\/div>\n\t\t\t\t<div class=\"elementor-column elementor-col-50 elementor-top-column elementor-element elementor-element-fe1e124 dj-left-con\" data-id=\"fe1e124\" data-element_type=\"column\">\n\t\t\t<div class=\"elementor-widget-wrap elementor-element-populated\">\n\t\t\t\t\t\t<div class=\"elementor-element elementor-element-1539af4 elementor-widget elementor-widget-heading\" data-id=\"1539af4\" data-element_type=\"widget\" data-widget_type=\"heading.default\">\n\t\t\t\t<div class=\"elementor-widget-container\">\n\t\t\t\t\t<h6 class=\"elementor-heading-title elementor-size-default\"><h1 style=\"font-style: normal;font-family: Poppins, sans-serif;text-transform: none;letter-spacing: normal\"><h1 style=\"font-style: normal;font-family: Poppins, sans-serif;text-transform: none;letter-spacing: normal\"><a>Tj\u00e4nster<\/a><\/h1><\/h1><\/h6>\t\t\t\t<\/div>\n\t\t\t\t<\/div>\n\t\t\t\t<div class=\"elementor-element elementor-element-8e97840 elementor-widget elementor-widget-text-editor\" data-id=\"8e97840\" data-element_type=\"widget\" data-widget_type=\"text-editor.default\">\n\t\t\t\t<div class=\"elementor-widget-container\">\n\t\t\t\t\t\t\t\t\t<p class=\"p2\"><b>Lidk\u00f6pings Pl\u00e5tteknik tillhandah\u00e5ller alla tj\u00e4nster inom service, underh\u00e5ll och montage till spannm\u00e5ls- och foderindustrier. V\u00e5r kunskap och erfarenhet har gjort oss till en uppskattad partner till de ledande akt\u00f6rerna i Sverige<\/b><\/p><p class=\"p2\">Klicka p\u00e5 rubrikerna f\u00f6r mer information om de olika tj\u00e4nsterna<\/p><p class=\"p2\"><span class=\"s1\"><a href=\"https:\/\/www2.tornum.com\/sv\/lpts-tjanster-projektinstallation\/\"><b>Projektinstallation<\/b><\/a><\/span><br \/>Nybyggnation kr\u00e4ver en noggran planering och en p\u00e5litlig partner som kan hj\u00e4lpa en genom hela processen. LPT har sedan starten utf\u00f6rt nybyggnation av s\u00e5 v\u00e4l st\u00e5lkonstruktioner som installation av ny maksinutrustning \u00e5t spannm\u00e5lsindustrier runt om i Sverige.<\/p><p class=\"p2\"><span class=\"s1\"><a href=\"https:\/\/www2.tornum.com\/sv\/lpts-tjanster-underhall\/\"><b>F\u00f6rebyggande underh\u00e5ll<\/b><\/a><\/span><br \/>Tj\u00e4nsterna som erbjuds kan vara allt fr\u00e5n enstaka service jobb till l\u00e5ngvariga service- och jouravtal. Allt arbete utf\u00f6rs av v\u00e5r erfarna personal som har ett gediget tekniskt kunnande samt kunskap om vilka krav som st\u00e4lls p\u00e5 en modern svensk spannm\u00e5lsindustri.<\/p><p class=\"p2\"><span class=\"s1\"><a href=\"https:\/\/www2.tornum.com\/sv\/lpts-tjanster-ombyggnation\/\"><b>Ombyggnation<\/b><\/a><\/span><br \/>LPT erbjuder alla typer av ombyggnationer av silos, transport\u00f6rer, elevatorer, aspirationsfiler, etc. f\u00f6r att energieffektivisera och \u00f6ka verkningsgraden p\u00e5 anl\u00e4ggninge.<\/p><p class=\"p2\"><span class=\"s1\"><a href=\"https:\/\/www2.tornum.com\/sv\/lpts-tjanster-silorengoring\/\"><b>Siloreng\u00f6ring<\/b><\/a><\/span><br \/>LPT utf\u00f6r siloreng\u00f6ring p\u00e5 ett professionellt och s\u00e4kert s\u00e4tt under l\u00e4mpliga tider p\u00e5 \u00e5ret f\u00f6r att st\u00f6ra driften s\u00e5 lite som m\u00f6jligt<\/p>\t\t\t\t\t\t\t\t<\/div>\n\t\t\t\t<\/div>\n\t\t\t\t\t<\/div>\n\t\t<\/div>\n\t\t\t\t\t<\/div>\n\t\t<\/section>\n\t\t\t\t<section class=\"elementor-section elementor-top-section elementor-element elementor-element-53d26cb elementor-section-stretched elementor-section-full_width abt-header elementor-section-height-default elementor-section-height-default\" data-id=\"53d26cb\" data-element_type=\"section\" data-settings=\"{&quot;stretch_section&quot;:&quot;section-stretched&quot;,&quot;_ha_eqh_enable&quot;:false}\">\n\t\t\t\t\t\t<div class=\"elementor-container elementor-column-gap-default\">\n\t\t\t\t\t<div class=\"elementor-column elementor-col-50 elementor-top-column elementor-element elementor-element-28253eb dj-left-con\" data-id=\"28253eb\" data-element_type=\"column\">\n\t\t\t<div class=\"elementor-widget-wrap elementor-element-populated\">\n\t\t\t\t\t\t<div class=\"elementor-element elementor-element-654fe23 elementor-hidden-desktop elementor-hidden-tablet elementor-widget elementor-widget-spacer\" data-id=\"654fe23\" data-element_type=\"widget\" data-widget_type=\"spacer.default\">\n\t\t\t\t<div class=\"elementor-widget-container\">\n\t\t\t\t\t\t\t<div class=\"elementor-spacer\">\n\t\t\t<div class=\"elementor-spacer-inner\"><\/div>\n\t\t<\/div>\n\t\t\t\t\t\t<\/div>\n\t\t\t\t<\/div>\n\t\t\t\t<div class=\"elementor-element elementor-element-11cf90b elementor-widget elementor-widget-heading\" data-id=\"11cf90b\" data-element_type=\"widget\" data-widget_type=\"heading.default\">\n\t\t\t\t<div class=\"elementor-widget-container\">\n\t\t\t\t\t<h1 class=\"elementor-heading-title elementor-size-default\"><a>Sortiment<\/a><\/h1>\t\t\t\t<\/div>\n\t\t\t\t<\/div>\n\t\t\t\t<div class=\"elementor-element elementor-element-b8f9ad9 elementor-hidden-tablet elementor-hidden-mobile elementor-widget elementor-widget-heading\" data-id=\"b8f9ad9\" data-element_type=\"widget\" data-widget_type=\"heading.default\">\n\t\t\t\t<div class=\"elementor-widget-container\">\n\t\t\t\t\t<h6 class=\"elementor-heading-title elementor-size-default\"><p class=\"p2\" style=\"font-size: 16px\"><span style=\"font-weight: 700\">LPT erbjuder allt fr\u00e5n enstaka reservdelar till sk\u00e4ddarsydda elevatorer, transport\u00f6rer och kompletta aspirationssystem. Allt i sortimentet kan monteras av v\u00e5ra erfarna och kunniga mont\u00f6rer.<\/span><\/p><ul class=\"ul1\" style=\"margin-bottom: 10px;font-size: 16px\"><li class=\"li2\"><span class=\"s1\"><a href=\"https:\/\/www2.tornum.com\/sv\/lpts-produkter\/\"><span class=\"s2\"><b>Spannm\u00e5lsr\u00f6r &amp; F\u00f6rdelare<\/b><\/span><\/a><\/span><\/li><li class=\"li2\"><span class=\"s1\"><a href=\"https:\/\/www2.tornum.com\/sv\/lpts-produkter-2\/\"><span class=\"s2\"><b>Elevatorer<\/b><\/span><\/a><\/span><\/li><li class=\"li2\"><span class=\"s1\"><a href=\"https:\/\/www2.tornum.com\/sv\/lpts-produkter-3\/\"><span class=\"s2\"><b>Transport\u00f6rer<\/b><\/span><\/a><\/span><\/li><li class=\"li2\"><span class=\"s1\"><a href=\"https:\/\/www2.tornum.com\/sv\/lpts-produkter-4\/\"><span class=\"s2\"><b>Aspiration<\/b><\/span><\/a><\/span><\/li><\/ul><\/h6>\t\t\t\t<\/div>\n\t\t\t\t<\/div>\n\t\t\t\t\t<\/div>\n\t\t<\/div>\n\t\t\t\t<div class=\"elementor-column elementor-col-50 elementor-top-column elementor-element elementor-element-52d458b\" data-id=\"52d458b\" data-element_type=\"column\" data-settings=\"{&quot;background_background&quot;:&quot;classic&quot;}\">\n\t\t\t<div class=\"elementor-widget-wrap elementor-element-populated\">\n\t\t\t\t\t\t<div class=\"elementor-element elementor-element-86e45e2 elementor-widget elementor-widget-image\" data-id=\"86e45e2\" data-element_type=\"widget\" data-widget_type=\"image.default\">\n\t\t\t\t<div class=\"elementor-widget-container\">\n\t\t\t\t\t\t\t\t\t\t\t\t\t\t\t<img decoding=\"async\" width=\"747\" height=\"420\" src=\"https:\/\/www.tornum.com\/wp-content\/uploads\/2025\/03\/lpt-jacob-spannmalsror-thumbnails.png\" class=\"attachment-large size-large wp-image-47047\" alt=\"\" srcset=\"https:\/\/www.tornum.com\/wp-content\/uploads\/2025\/03\/lpt-jacob-spannmalsror-thumbnails.png 747w, https:\/\/www.tornum.com\/wp-content\/uploads\/2025\/03\/lpt-jacob-spannmalsror-thumbnails-300x169.png 300w, https:\/\/www.tornum.com\/wp-content\/uploads\/2025\/03\/lpt-jacob-spannmalsror-thumbnails-24x13.png 24w, https:\/\/www.tornum.com\/wp-content\/uploads\/2025\/03\/lpt-jacob-spannmalsror-thumbnails-36x20.png 36w, https:\/\/www.tornum.com\/wp-content\/uploads\/2025\/03\/lpt-jacob-spannmalsror-thumbnails-48x27.png 48w, https:\/\/www.tornum.com\/wp-content\/uploads\/2025\/03\/lpt-jacob-spannmalsror-thumbnails-600x337.png 600w\" sizes=\"(max-width: 747px) 100vw, 747px\" \/>\t\t\t\t\t\t\t\t\t\t\t\t\t\t\t<\/div>\n\t\t\t\t<\/div>\n\t\t\t\t\t<\/div>\n\t\t<\/div>\n\t\t\t\t\t<\/div>\n\t\t<\/section>\n\t\t\t\t<section class=\"elementor-section elementor-top-section elementor-element elementor-element-e2b295d elementor-section-stretched elementor-section-full_width abt-header elementor-section-height-default elementor-section-height-default\" data-id=\"e2b295d\" data-element_type=\"section\" data-settings=\"{&quot;stretch_section&quot;:&quot;section-stretched&quot;,&quot;_ha_eqh_enable&quot;:false}\">\n\t\t\t\t\t\t<div class=\"elementor-container elementor-column-gap-default\">\n\t\t\t\t\t<div class=\"elementor-column elementor-col-50 elementor-top-column elementor-element elementor-element-5ba5b52\" data-id=\"5ba5b52\" data-element_type=\"column\" data-settings=\"{&quot;background_background&quot;:&quot;classic&quot;}\">\n\t\t\t<div class=\"elementor-widget-wrap elementor-element-populated\">\n\t\t\t\t\t\t<div class=\"elementor-element elementor-element-2b96108 elementor-widget elementor-widget-image\" data-id=\"2b96108\" data-element_type=\"widget\" data-widget_type=\"image.default\">\n\t\t\t\t<div class=\"elementor-widget-container\">\n\t\t\t\t\t\t\t\t\t\t\t\t\t\t\t<img loading=\"lazy\" decoding=\"async\" width=\"1024\" height=\"640\" src=\"https:\/\/www.tornum.com\/wp-content\/uploads\/2024\/08\/nidera-1024x640-1.jpg\" class=\"attachment-large size-large wp-image-42317\" alt=\"\" srcset=\"https:\/\/www.tornum.com\/wp-content\/uploads\/2024\/08\/nidera-1024x640-1.jpg 1024w, https:\/\/www.tornum.com\/wp-content\/uploads\/2024\/08\/nidera-1024x640-1-300x188.jpg 300w, https:\/\/www.tornum.com\/wp-content\/uploads\/2024\/08\/nidera-1024x640-1-768x480.jpg 768w, https:\/\/www.tornum.com\/wp-content\/uploads\/2024\/08\/nidera-1024x640-1-24x15.jpg 24w, https:\/\/www.tornum.com\/wp-content\/uploads\/2024\/08\/nidera-1024x640-1-36x23.jpg 36w, https:\/\/www.tornum.com\/wp-content\/uploads\/2024\/08\/nidera-1024x640-1-48x30.jpg 48w, https:\/\/www.tornum.com\/wp-content\/uploads\/2024\/08\/nidera-1024x640-1-600x375.jpg 600w\" sizes=\"(max-width: 1024px) 100vw, 1024px\" \/>\t\t\t\t\t\t\t\t\t\t\t\t\t\t\t<\/div>\n\t\t\t\t<\/div>\n\t\t\t\t\t<\/div>\n\t\t<\/div>\n\t\t\t\t<div class=\"elementor-column elementor-col-50 elementor-top-column elementor-element elementor-element-0d31128 dj-left-con\" data-id=\"0d31128\" data-element_type=\"column\">\n\t\t\t<div class=\"elementor-widget-wrap elementor-element-populated\">\n\t\t\t\t\t\t<div class=\"elementor-element elementor-element-e61e33e elementor-widget elementor-widget-heading\" data-id=\"e61e33e\" data-element_type=\"widget\" data-widget_type=\"heading.default\">\n\t\t\t\t<div class=\"elementor-widget-container\">\n\t\t\t\t\t<h1 class=\"elementor-heading-title elementor-size-default\"><a>Referenser<\/a><\/h1>\t\t\t\t<\/div>\n\t\t\t\t<\/div>\n\t\t\t\t<div class=\"elementor-element elementor-element-306a99b elementor-widget elementor-widget-text-editor\" data-id=\"306a99b\" data-element_type=\"widget\" data-widget_type=\"text-editor.default\">\n\t\t\t\t<div class=\"elementor-widget-container\">\n\t\t\t\t\t\t\t\t\t<p class=\"p1\" style=\"margin-bottom: 10px;\"><span class=\"s1\"><a href=\"https:\/\/www2.tornum.com\/reference\/lantmannen-energi-kvanum\/\"><span style=\"font-weight: bold;\">Lantm\u00e4nnen Energi Kv\u00e4num<\/span><\/a><\/span><br \/>\u2013 Dammavsug till utmatningscontainrar<\/p><p class=\"p1\" style=\"margin-bottom: 10px;\"><span class=\"s1\"><a href=\"https:\/\/www2.tornum.com\/reference\/lantmannen-lidkoping\/\"><span style=\"font-weight: bold;\">Lantm\u00e4nnen Lidk\u00f6ping<\/span><\/a><\/span><br \/>\u2013 Nybyggnation av v\u00e5gterminalshus<br \/>\u2013 Skorstensmontage till pelletskyl<br \/>\u2013 Nya ljudd\u00e4mpare f\u00f6r torkfl\u00e4kt.<br \/>\u2013\u00a0<a href=\"https:\/\/www2.tornum.com\/sv\/reference\/vakumsystem-for-foderblandningar\/\"><span class=\"s1\">Nytt vakumsystem<\/span><\/a><\/p><p class=\"p1\" style=\"margin-bottom: 10px;\"><span class=\"s1\"><a href=\"https:\/\/www2.tornum.com\/reference\/lantmannen-vasteras\/\"><span style=\"font-weight: bold;\">Lantm\u00e4nnen V\u00e4ster\u00e5s<\/span><\/a><\/span><br \/>\u2013 Nya sp\u00e4rrfilter till pelletskyl<\/p><p class=\"p1\" style=\"margin-bottom: 10px;\"><span class=\"s1\"><a href=\"https:\/\/www2.tornum.com\/reference\/lantmannen-ahus\/\"><span style=\"font-weight: bold;\">Lantm\u00e4nnen \u00c5hus<\/span><\/a><\/span><br \/>\u2013 \u00d6vertrycksfilter till Pelletskyl<\/p><p class=\"p1\"><span class=\"s1\"><a href=\"https:\/\/www2.tornum.com\/reference\/reppe-kvarn-lidkoping\/\"><span style=\"font-weight: bold;\">Reppe Kvarn Lidk\u00f6ping<\/span><\/a><\/span><br \/>\u2013 Montage av nya valsstolar<\/p>\t\t\t\t\t\t\t\t<\/div>\n\t\t\t\t<\/div>\n\t\t\t\t\t<\/div>\n\t\t<\/div>\n\t\t\t\t\t<\/div>\n\t\t<\/section>\n\t\t\t\t<section class=\"elementor-section elementor-top-section elementor-element elementor-element-37b6ec7 elementor-section-stretched elementor-section-full_width abt-header elementor-section-height-default elementor-section-height-default\" data-id=\"37b6ec7\" data-element_type=\"section\" data-settings=\"{&quot;stretch_section&quot;:&quot;section-stretched&quot;,&quot;_ha_eqh_enable&quot;:false}\">\n\t\t\t\t\t\t<div class=\"elementor-container elementor-column-gap-default\">\n\t\t\t\t\t<div class=\"elementor-column elementor-col-50 elementor-top-column elementor-element elementor-element-2f88dff dj-left-con\" data-id=\"2f88dff\" data-element_type=\"column\">\n\t\t\t<div class=\"elementor-widget-wrap elementor-element-populated\">\n\t\t\t\t\t\t<div class=\"elementor-element elementor-element-b5b72d5 elementor-hidden-desktop elementor-hidden-tablet elementor-widget elementor-widget-spacer\" data-id=\"b5b72d5\" data-element_type=\"widget\" data-widget_type=\"spacer.default\">\n\t\t\t\t<div class=\"elementor-widget-container\">\n\t\t\t\t\t\t\t<div class=\"elementor-spacer\">\n\t\t\t<div class=\"elementor-spacer-inner\"><\/div>\n\t\t<\/div>\n\t\t\t\t\t\t<\/div>\n\t\t\t\t<\/div>\n\t\t\t\t<div class=\"elementor-element elementor-element-d1f49e9 elementor-widget elementor-widget-heading\" data-id=\"d1f49e9\" data-element_type=\"widget\" data-widget_type=\"heading.default\">\n\t\t\t\t<div class=\"elementor-widget-container\">\n\t\t\t\t\t<h1 class=\"elementor-heading-title elementor-size-default\"><a>Kontact<\/a><\/h1>\t\t\t\t<\/div>\n\t\t\t\t<\/div>\n\t\t\t\t<div class=\"elementor-element elementor-element-bcdb519 elementor-widget elementor-widget-text-editor\" data-id=\"bcdb519\" data-element_type=\"widget\" data-widget_type=\"text-editor.default\">\n\t\t\t\t<div class=\"elementor-widget-container\">\n\t\t\t\t\t\t\t\t\t<h5 class=\"p1\">Inge Johansson<\/h5>\n<h5 class=\"p1\">0708-40 16 61<\/h5>\n<h5 class=\"p1\">inge.johansson@lpt.se<\/h5>\n<h5 class=\"p1\">Lidk\u00f6pings Pl\u00e5tteknik AB<\/h5>\n<h5 class=\"p1\">Fabriksgatan 2<\/h5>\n<h5 class=\"p1\">SE-531 30 Lidk\u00f6ping<\/h5>\n<h5 class=\"p1\">E-post: info@lpt.se<\/h5>\t\t\t\t\t\t\t\t<\/div>\n\t\t\t\t<\/div>\n\t\t\t\t\t<\/div>\n\t\t<\/div>\n\t\t\t\t<div class=\"elementor-column elementor-col-50 elementor-top-column elementor-element elementor-element-4b72bea\" data-id=\"4b72bea\" data-element_type=\"column\" data-settings=\"{&quot;background_background&quot;:&quot;classic&quot;}\">\n\t\t\t<div class=\"elementor-widget-wrap elementor-element-populated\">\n\t\t\t\t\t\t<div class=\"elementor-element elementor-element-547fa94 elementor-widget elementor-widget-image\" data-id=\"547fa94\" data-element_type=\"widget\" data-widget_type=\"image.default\">\n\t\t\t\t<div class=\"elementor-widget-container\">\n\t\t\t\t\t\t\t\t\t\t\t\t\t\t\t<img loading=\"lazy\" decoding=\"async\" width=\"637\" height=\"358\" src=\"https:\/\/www.tornum.com\/wp-content\/uploads\/2025\/03\/tornum-lpt-lidkopings-hamn-anlaggning-1.jpg\" class=\"attachment-large size-large wp-image-47097\" alt=\"\" srcset=\"https:\/\/www.tornum.com\/wp-content\/uploads\/2025\/03\/tornum-lpt-lidkopings-hamn-anlaggning-1.jpg 637w, https:\/\/www.tornum.com\/wp-content\/uploads\/2025\/03\/tornum-lpt-lidkopings-hamn-anlaggning-1-300x169.jpg 300w, https:\/\/www.tornum.com\/wp-content\/uploads\/2025\/03\/tornum-lpt-lidkopings-hamn-anlaggning-1-24x13.jpg 24w, https:\/\/www.tornum.com\/wp-content\/uploads\/2025\/03\/tornum-lpt-lidkopings-hamn-anlaggning-1-36x20.jpg 36w, https:\/\/www.tornum.com\/wp-content\/uploads\/2025\/03\/tornum-lpt-lidkopings-hamn-anlaggning-1-48x27.jpg 48w, https:\/\/www.tornum.com\/wp-content\/uploads\/2025\/03\/tornum-lpt-lidkopings-hamn-anlaggning-1-600x337.jpg 600w\" sizes=\"(max-width: 637px) 100vw, 637px\" \/>\t\t\t\t\t\t\t\t\t\t\t\t\t\t\t<\/div>\n\t\t\t\t<\/div>\n\t\t\t\t\t<\/div>\n\t\t<\/div>\n\t\t\t\t\t<\/div>\n\t\t<\/section>\n\t\t\t\t<\/div>\n\t\t","protected":false},"excerpt":{"rendered":"<p>LPT Service till v\u00e4rldens viktigaste bransch Lidk\u00f6pings Pl\u00e5tteknik AB \u00e4r sedan april 2015 ett hel\u00e4gt dotterbolag till Tornum AB i Kv\u00e4num och \u00e4r ett perfekt komplement till Tornums breda sotriment av utrustning f\u00f6r torkning och lagring av spannm\u00e5l. F\u00f6rv\u00e4rvet av Lidk\u00f6pingspl\u00e5tteknik \u00e4r ett led i Tornums satsning p\u00e5 de svenska spannm\u00e5lsindustrierna. LPT erbjuder service, om-,&hellip;<\/p>\n","protected":false},"author":9,"featured_media":0,"parent":0,"menu_order":0,"comment_status":"closed","ping_status":"closed","template":"elementor_header_footer","meta":{"_acf_changed":false,"footnotes":""},"class_list":["post-48372","page","type-page","status-publish","hentry"],"acf":[],"_links":{"self":[{"href":"https:\/\/www.tornum.com\/sv\/wp-json\/wp\/v2\/pages\/48372","targetHints":{"allow":["GET"]}}],"collection":[{"href":"https:\/\/www.tornum.com\/sv\/wp-json\/wp\/v2\/pages"}],"about":[{"href":"https:\/\/www.tornum.com\/sv\/wp-json\/wp\/v2\/types\/page"}],"author":[{"embeddable":true,"href":"https:\/\/www.tornum.com\/sv\/wp-json\/wp\/v2\/users\/9"}],"replies":[{"embeddable":true,"href":"https:\/\/www.tornum.com\/sv\/wp-json\/wp\/v2\/comments?post=48372"}],"version-history":[{"count":20,"href":"https:\/\/www.tornum.com\/sv\/wp-json\/wp\/v2\/pages\/48372\/revisions"}],"predecessor-version":[{"id":48639,"href":"https:\/\/www.tornum.com\/sv\/wp-json\/wp\/v2\/pages\/48372\/revisions\/48639"}],"wp:attachment":[{"href":"https:\/\/www.tornum.com\/sv\/wp-json\/wp\/v2\/media?parent=48372"}],"curies":[{"name":"wp","href":"https:\/\/api.w.org\/{rel}","templated":true}]}}