{"id":48698,"date":"2025-06-26T11:46:17","date_gmt":"2025-06-26T11:46:17","guid":{"rendered":"https:\/\/www.tornum.com\/?page_id=48698"},"modified":"2025-06-29T20:57:20","modified_gmt":"2025-06-29T20:57:20","slug":"support","status":"publish","type":"page","link":"https:\/\/www.tornum.com\/sv\/support\/","title":{"rendered":"Support"},"content":{"rendered":"<div class=\"wpb-content-wrapper\"><p>[vc_row css=&#8221;.vc_custom_1750939427845{margin-top: 150px !important;padding-right: 10px !important;padding-left: 10px !important;}&#8221;][vc_column][vc_column_text css=&#8221;&#8221;]Tornum har telefonjour under sk\u00f6rden 2025 mellan vecka 30 \u2013 36<\/p>\n<p>Vardagar mellan 07:00-20:00<\/p>\n<p>L\u00f6rdag &amp; S\u00f6ndag mellan 09:00-13:00<\/p>\n<p>\u00c4renden som kommer in efter dessa tider hanteras n\u00e4sta dag.<\/p>\n<p>Ring v\u00e5rt supportnummer:\u00a0<strong>0512-790 760<\/strong><\/p>\n<p>Eller fyll i kontaktformul\u00e4r s\u00e5 \u00e5terkommer vi till dig.[\/vc_column_text][\/vc_column][\/vc_row][vc_row css=&#8221;.vc_custom_1750939438176{padding-right: 10px !important;padding-left: 10px !important;background-color: #B4D6F3 !important;}&#8221;][vc_column width=&#8221;1\/6&#8243;][\/vc_column][vc_column width=&#8221;2\/3&#8243;]<div class=\"wpforms-container wpforms-container-full wpforms-render-modern\" id=\"wpforms-48704\"><form id=\"wpforms-form-48704\" class=\"wpforms-validate wpforms-form wpforms-ajax-form\" data-formid=\"48704\" method=\"post\" enctype=\"multipart\/form-data\" action=\"\/sv\/wp-json\/wp\/v2\/pages\/48698\" data-token=\"034e0a7ed05b93d9611d1f09de076459\"><noscript class=\"wpforms-error-noscript\">Aktivera JavaScript i din webbl\u00e4sare f\u00f6r att fylla i formul\u00e4ret.<\/noscript><div class=\"wpforms-hidden\" id=\"wpforms-error-noscript\">Aktivera JavaScript i din webbl\u00e4sare f\u00f6r att fylla i formul\u00e4ret.<\/div><div class=\"wpforms-field-container\"><div id=\"wpforms-48704-field_1-container\" class=\"wpforms-field wpforms-field-layout\" data-field-id=\"1\"><label class=\"wpforms-field-label wpforms-label-hide\" for=\"wpforms-48704-field_1\" aria-hidden=\"false\">Layout<\/label><div class=\"wpforms-field-layout-columns wpforms-field-layout-preset-50-50\"><div class=\"wpforms-layout-column wpforms-layout-column-50\"><div id=\"wpforms-48704-field_2-container\" class=\"wpforms-field wpforms-field-text\" data-field-id=\"2\"><label class=\"wpforms-field-label\" for=\"wpforms-48704-field_2\">G\u00e5rd\/Anl\u00e4ggningsnamn <span class=\"wpforms-required-label\" aria-hidden=\"true\">*<\/span><\/label><input type=\"text\" id=\"wpforms-48704-field_2\" class=\"wpforms-field-medium wpforms-field-required\" name=\"wpforms[fields][2]\" aria-errormessage=\"wpforms-48704-field_2-error\" required><\/div><\/div><div class=\"wpforms-layout-column wpforms-layout-column-50\"><div id=\"wpforms-48704-field_3-container\" class=\"wpforms-field wpforms-field-text\" data-field-id=\"3\"><label class=\"wpforms-field-label\" for=\"wpforms-48704-field_3\">Kontaktperson <span class=\"wpforms-required-label\" aria-hidden=\"true\">*<\/span><\/label><input type=\"text\" id=\"wpforms-48704-field_3\" class=\"wpforms-field-medium wpforms-field-required\" name=\"wpforms[fields][3]\" aria-errormessage=\"wpforms-48704-field_3-error\" required><\/div><\/div><\/div><\/div><div id=\"wpforms-48704-field_4-container\" class=\"wpforms-field wpforms-field-layout\" data-field-id=\"4\"><label class=\"wpforms-field-label wpforms-label-hide\" for=\"wpforms-48704-field_4\" aria-hidden=\"false\">Layout<\/label><div class=\"wpforms-field-layout-columns wpforms-field-layout-preset-50-50\"><div class=\"wpforms-layout-column wpforms-layout-column-50\"><div id=\"wpforms-48704-field_5-container\" class=\"wpforms-field wpforms-field-phone\" data-field-id=\"5\"><label class=\"wpforms-field-label\" for=\"wpforms-48704-field_5\">Telefon <span class=\"wpforms-required-label\" aria-hidden=\"true\">*<\/span><\/label><input type=\"tel\" id=\"wpforms-48704-field_5\" class=\"wpforms-field-medium wpforms-field-required wpforms-smart-phone-field\" data-rule-smart-phone-field=\"true\" name=\"wpforms[fields][5]\" aria-errormessage=\"wpforms-48704-field_5-error\" required><\/div><\/div><div class=\"wpforms-layout-column wpforms-layout-column-50\"><div id=\"wpforms-48704-field_6-container\" class=\"wpforms-field wpforms-field-email\" data-field-id=\"6\"><label class=\"wpforms-field-label\" for=\"wpforms-48704-field_6\"> E-post <span class=\"wpforms-required-label\" aria-hidden=\"true\">*<\/span><\/label><input type=\"email\" id=\"wpforms-48704-field_6\" class=\"wpforms-field-medium wpforms-field-required\" name=\"wpforms[fields][6]\" spellcheck=\"false\" aria-errormessage=\"wpforms-48704-field_6-error\" required><\/div><\/div><\/div><\/div><div id=\"wpforms-48704-field_7-container\" class=\"wpforms-field wpforms-field-textarea\" data-field-id=\"7\"><label class=\"wpforms-field-label\" for=\"wpforms-48704-field_7\">Kort beskrivning av problemet: Tex. Elevator startar inte, f\u00e5r inget larm <span class=\"wpforms-required-label\" aria-hidden=\"true\">*<\/span><\/label><textarea id=\"wpforms-48704-field_7\" class=\"wpforms-field-medium wpforms-field-required\" name=\"wpforms[fields][7]\" aria-errormessage=\"wpforms-48704-field_7-error\" required><\/textarea><\/div><div id=\"wpforms-48704-field_8-container\" class=\"wpforms-field wpforms-field-radio\" data-field-id=\"8\"><fieldset><legend class=\"wpforms-field-label\">Hur fort beh\u00f6ver du hj\u00e4lp fr\u00e5n Tornum? G\u00f6r ett val nedan <span class=\"wpforms-required-label\" aria-hidden=\"true\">*<\/span><\/legend><ul id=\"wpforms-48704-field_8\" class=\"wpforms-field-required\"><li class=\"choice-1 depth-1\"><input type=\"radio\" id=\"wpforms-48704-field_8_1\" name=\"wpforms[fields][8]\" value=\"N\u00e4stkommande vardag (normaltaxa)\" aria-errormessage=\"wpforms-48704-field_8_1-error\" aria-describedby=\"wpforms-48704-field_8-description\" required ><label class=\"wpforms-field-label-inline\" for=\"wpforms-48704-field_8_1\">N\u00e4stkommande vardag (normaltaxa)<\/label><\/li><li class=\"choice-2 depth-1\"><input type=\"radio\" id=\"wpforms-48704-field_8_2\" name=\"wpforms[fields][8]\" value=\"Vardag efter kl. 16 (normaltaxa+50%)\" aria-errormessage=\"wpforms-48704-field_8_2-error\" aria-describedby=\"wpforms-48704-field_8-description\" required ><label class=\"wpforms-field-label-inline\" for=\"wpforms-48704-field_8_2\">Vardag efter kl. 16 (normaltaxa+50%)<\/label><\/li><li class=\"choice-3 depth-1\"><input type=\"radio\" id=\"wpforms-48704-field_8_3\" name=\"wpforms[fields][8]\" value=\"L\u00f6rdag &amp; S\u00f6ndag (normaltaxa+100%)\" aria-errormessage=\"wpforms-48704-field_8_3-error\" aria-describedby=\"wpforms-48704-field_8-description\" required ><label class=\"wpforms-field-label-inline\" for=\"wpforms-48704-field_8_3\">L\u00f6rdag &amp; S\u00f6ndag (normaltaxa+100%)<\/label><\/li><\/ul><div id=\"wpforms-48704-field_8-description\" class=\"wpforms-field-description\">Garanti\u00e5tagande debiteras ej<\/div><\/fieldset><\/div><div id=\"wpforms-48704-field_9-container\" class=\"wpforms-field wpforms-field-checkbox\" data-field-id=\"9\"><fieldset><legend class=\"wpforms-field-label\">GDPR <span class=\"wpforms-required-label\" aria-hidden=\"true\">*<\/span><\/legend><ul id=\"wpforms-48704-field_9\" class=\"wpforms-field-required\"><li class=\"choice-1 depth-1\"><input type=\"checkbox\" id=\"wpforms-48704-field_9_1\" name=\"wpforms[fields][9][]\" value=\"Jag har l\u00e4st dataskyddspolicyn och godk\u00e4nner att informationen lagras\" aria-errormessage=\"wpforms-48704-field_9_1-error\" required ><label class=\"wpforms-field-label-inline\" for=\"wpforms-48704-field_9_1\">Jag har l\u00e4st dataskyddspolicyn och godk\u00e4nner att informationen lagras<\/label><\/li><\/ul><\/fieldset><\/div><\/div><!-- .wpforms-field-container --><div class=\"wpforms-submit-container\" ><input type=\"hidden\" name=\"wpforms[id]\" value=\"48704\"><input type=\"hidden\" name=\"wpforms[author]\" value=\"1\"><button type=\"submit\" name=\"wpforms[submit]\" id=\"wpforms-submit-48704\" class=\"wpforms-submit\" data-alt-text=\"Sending...\" data-submit-text=\"SKICKA\" aria-live=\"assertive\" value=\"wpforms-submit\">SKICKA<\/button><img decoding=\"async\" src=\"https:\/\/www.tornum.com\/wp-content\/plugins\/wpforms\/assets\/images\/submit-spin.svg\" class=\"wpforms-submit-spinner\" style=\"display: none;\" width=\"26\" height=\"26\" alt=\"Laddar\"><\/div><input type=\"hidden\" id=\"ct_checkjs_wpforms_dc6a6489640ca02b0d42dabeb8e46bb7\" name=\"ct_checkjs_wpforms\" value=\"0\" \/><script>setTimeout(function(){var ct_input_name = \"ct_checkjs_wpforms_dc6a6489640ca02b0d42dabeb8e46bb7\";if (document.getElementById(ct_input_name) !== null) {var ct_input_value = document.getElementById(ct_input_name).value;document.getElementById(ct_input_name).value = document.getElementById(ct_input_name).value.replace(ct_input_value, '35110faf8ab51cdb608b1188ab151fec2770b8bfed478d5d7ca97d08e45c99b8');}}, 1000);<\/script><input\n                    class=\"apbct_special_field apbct_email_id__wp_wpforms\"\n                    name=\"apbct__email_id__wp_wpforms\"\n                    aria-label=\"apbct__label_id__wp_wpforms\"\n                    type=\"text\" size=\"30\" maxlength=\"200\" autocomplete=\"off\"\n                    value=\"\"\n                \/><\/form><\/div>  <!-- .wpforms-container -->[\/vc_column][vc_column width=&#8221;1\/6&#8243;][\/vc_column][\/vc_row]<\/p>\n<\/div>","protected":false},"excerpt":{"rendered":"<p>[vc_row css=&#8221;.vc_custom_1750939427845{margin-top: 150px !important;padding-right: 10px !important;padding-left: 10px !important;}&#8221;][vc_column][vc_column_text css=&#8221;&#8221;]Tornum har telefonjour under sk\u00f6rden 2025 mellan vecka 30 \u2013 36 Vardagar mellan 07:00-20:00 L\u00f6rdag &amp; S\u00f6ndag mellan 09:00-13:00 \u00c4renden som kommer in efter dessa tider hanteras n\u00e4sta dag. Ring v\u00e5rt supportnummer:\u00a00512-790 760 Eller fyll i kontaktformul\u00e4r s\u00e5 \u00e5terkommer vi till dig.[\/vc_column_text][\/vc_column][\/vc_row][vc_row css=&#8221;.vc_custom_1750939438176{padding-right: 10px !important;padding-left: 10px !important;background-color:&hellip;<\/p>\n","protected":false},"author":1,"featured_media":0,"parent":0,"menu_order":0,"comment_status":"closed","ping_status":"closed","template":"","meta":{"_acf_changed":false,"footnotes":""},"class_list":["post-48698","page","type-page","status-publish","hentry","description-off"],"acf":[],"_links":{"self":[{"href":"https:\/\/www.tornum.com\/sv\/wp-json\/wp\/v2\/pages\/48698","targetHints":{"allow":["GET"]}}],"collection":[{"href":"https:\/\/www.tornum.com\/sv\/wp-json\/wp\/v2\/pages"}],"about":[{"href":"https:\/\/www.tornum.com\/sv\/wp-json\/wp\/v2\/types\/page"}],"author":[{"embeddable":true,"href":"https:\/\/www.tornum.com\/sv\/wp-json\/wp\/v2\/users\/1"}],"replies":[{"embeddable":true,"href":"https:\/\/www.tornum.com\/sv\/wp-json\/wp\/v2\/comments?post=48698"}],"version-history":[{"count":7,"href":"https:\/\/www.tornum.com\/sv\/wp-json\/wp\/v2\/pages\/48698\/revisions"}],"predecessor-version":[{"id":48722,"href":"https:\/\/www.tornum.com\/sv\/wp-json\/wp\/v2\/pages\/48698\/revisions\/48722"}],"wp:attachment":[{"href":"https:\/\/www.tornum.com\/sv\/wp-json\/wp\/v2\/media?parent=48698"}],"curies":[{"name":"wp","href":"https:\/\/api.w.org\/{rel}","templated":true}]}}