{"id":14235,"date":"2023-06-12T11:27:56","date_gmt":"2023-06-12T11:27:56","guid":{"rendered":"https:\/\/dev.rapid.si\/product\/nmc-natural-moisture-control\/"},"modified":"2025-08-01T06:52:54","modified_gmt":"2025-08-01T06:52:54","slug":"nmc-natural-moisture-control","status":"publish","type":"product","link":"https:\/\/www.tornum.com\/sv\/produkt\/nmc-natural-moisture-control\/","title":{"rendered":"NMC &#8211; NATURAL MOISTURE CONTROL"},"content":{"rendered":"<div class=\"wpb-content-wrapper\"><p>[vc_row][vc_column width=&#8221;1\/2&#8243;][vc_column_text]V\u00e5rt egenutvecklade styrsystem NMC &#8211; Natural Moisture Control ger dig total kontroll p\u00e5 hela tork- och lagringsprocessen i din tork- eller lagringssilo. Systemet arbetar aktivt med att anpassa b\u00e5de torkning, luftning och omr\u00f6rning efter de verkliga f\u00f6rh\u00e5llandena i och utanf\u00f6r lagringsutrymmet. NMC skapar en skonsam och energi-effektiv torkprocess som g\u00f6r din sk\u00f6rd redo f\u00f6r slutlagring och leverans. Du s\u00e4kerst\u00e4ller kvaliteten och v\u00e4rdet p\u00e5 din spannm\u00e5l under hela lagringstiden.[\/vc_column_text][\/vc_column][vc_column width=&#8221;1\/2&#8243;][vc_column_text]<strong>AKTIV \u00d6VERVAKNING<\/strong><\/p>\n<p>NMC-systemet bevakar och analyserar konstant all information fr\u00e5n de sensorer som installerats. Vid avvikelser larmar den och agerar \u00e4ven sj\u00e4lvst\u00e4ndigt med fl\u00e4ktar och omr\u00f6rning som har installerats f\u00f6r maskinell styrning.<\/p>\n<p><strong>L\u00c4GRE ENERGIF\u00d6RBRUKNING<\/strong><\/p>\n<p>Systemet bevakar temperaturer och fukthalt b\u00e5de i och utanf\u00f6r silon och anpassar processen efter f\u00f6ruts\u00e4ttningarna.<\/p>\n<p><strong>FRIHET OCH TIDSBESPARING<\/strong><\/p>\n<p>NMC-systemet \u00e4r molnbaserat och kan styras och \u00f6vervakas fr\u00e5n mobil eller dator. Du kan ha full kontroll oavsett var du \u00e4r.<\/p>\n<p><strong>SKONSAM TORKNING<\/strong><\/p>\n<p>Genom att anpassa torkprocessen till omgivande f\u00f6rh\u00e5llanden och bara reglera luftfl\u00f6det efterliknar man naturens s\u00e4tt att torka gr\u00f6dor. Det blir en skonsam process utan forcerade f\u00f6r\u00e4ndringar som kan stressa gr\u00f6dan och f\u00f6rs\u00e4mra kvalit\u00e9n.<\/p>\n<p><span data-ccp-props=\"{&quot;134233117&quot;:true,&quot;134233118&quot;:true,&quot;201341983&quot;:0,&quot;335559740&quot;:240}\">\u00a0<\/span>[\/vc_column_text][\/vc_column][\/vc_row]<\/p>\n<\/div>","protected":false},"excerpt":{"rendered":"<p>NMC-systemet bevakar och analyserar konstant all information fr\u00e5n de sensorer som installerats. Vid avvikelser larmar den och agerar \u00e4ven sj\u00e4lvst\u00e4ndigt med fl\u00e4ktar och omr\u00f6rning som har installerats f\u00f6r maskinell styrning.<\/p>\n","protected":false},"featured_media":53391,"comment_status":"open","ping_status":"closed","template":"","meta":{"_acf_changed":false},"product_brand":[],"product_cat":[213,215,194,198],"product_tag":[273,293],"class_list":{"0":"post-14235","1":"product","2":"type-product","3":"status-publish","4":"has-post-thumbnail","6":"product_cat-alla-produkter","7":"product_cat-spannmal","8":"product_cat-styrsystem-och-overvakning","9":"product_cat-nmc-sv","10":"product_tag-monitoring-sv","11":"product_tag-storage-sv","12":"description-off","14":"first","15":"instock","16":"shipping-taxable","17":"product-type-simple"},"acf":[],"_links":{"self":[{"href":"https:\/\/www.tornum.com\/sv\/wp-json\/wp\/v2\/product\/14235","targetHints":{"allow":["GET"]}}],"collection":[{"href":"https:\/\/www.tornum.com\/sv\/wp-json\/wp\/v2\/product"}],"about":[{"href":"https:\/\/www.tornum.com\/sv\/wp-json\/wp\/v2\/types\/product"}],"replies":[{"embeddable":true,"href":"https:\/\/www.tornum.com\/sv\/wp-json\/wp\/v2\/comments?post=14235"}],"version-history":[{"count":3,"href":"https:\/\/www.tornum.com\/sv\/wp-json\/wp\/v2\/product\/14235\/revisions"}],"predecessor-version":[{"id":51095,"href":"https:\/\/www.tornum.com\/sv\/wp-json\/wp\/v2\/product\/14235\/revisions\/51095"}],"wp:featuredmedia":[{"embeddable":true,"href":"https:\/\/www.tornum.com\/sv\/wp-json\/wp\/v2\/media\/53391"}],"wp:attachment":[{"href":"https:\/\/www.tornum.com\/sv\/wp-json\/wp\/v2\/media?parent=14235"}],"wp:term":[{"taxonomy":"product_brand","embeddable":true,"href":"https:\/\/www.tornum.com\/sv\/wp-json\/wp\/v2\/product_brand?post=14235"},{"taxonomy":"product_cat","embeddable":true,"href":"https:\/\/www.tornum.com\/sv\/wp-json\/wp\/v2\/product_cat?post=14235"},{"taxonomy":"product_tag","embeddable":true,"href":"https:\/\/www.tornum.com\/sv\/wp-json\/wp\/v2\/product_tag?post=14235"}],"curies":[{"name":"wp","href":"https:\/\/api.w.org\/{rel}","templated":true}]}}