{"id":14237,"date":"2023-05-17T13:17:49","date_gmt":"2023-05-17T13:17:49","guid":{"rendered":"https:\/\/dev.rapid.si\/product\/tecflam-gas-burner\/"},"modified":"2025-07-08T12:25:12","modified_gmt":"2025-07-08T12:25:12","slug":"tecflam-gas-burner","status":"publish","type":"product","link":"https:\/\/www.tornum.com\/sv\/produkt\/tecflam-gas-burner\/","title":{"rendered":"TECFLAM &#8211; GASBR\u00c4NNARE"},"content":{"rendered":"<p><strong>Funktion<\/strong><br \/>\n\u2022 Kanalbr\u00e4nnare placeras i br\u00e4nnarkanalen. Anv\u00e4nds normalt vid effekter upp till 1 500 kW.<br \/>\n\u2022 Linjebr\u00e4nnare anv\u00e4nds normalt vid effekter fr\u00e5n 1 000 kW och upp\u00e5t.<\/p>\n","protected":false},"excerpt":{"rendered":"<p>TORNUM kan erbjuda gasbr\u00e4nnare f\u00f6r gasol (LPG) eller naturgas till spannm\u00e5lstorkar f\u00f6r direktuppv\u00e4rmning av varmluften. I sortimentet finns flera olika typer av kanal- eller linjebr\u00e4nnare beroende p\u00e5 vilken typ av anl\u00e4ggning som ska installeras.<\/p>\n<p>En direktuppv\u00e4rmd spannm\u00e5lstork med gasbr\u00e4nnare ger l\u00e4gre energi\u00e5tg\u00e5ng j\u00e4mf\u00f6rt med indirekt uppv\u00e4rmning som till exempel en oljepanna.<\/p>\n","protected":false},"featured_media":11875,"comment_status":"open","ping_status":"closed","template":"","meta":{"_acf_changed":false},"product_brand":[],"product_cat":[213,171,180],"product_tag":[259,260],"class_list":{"0":"post-14237","1":"product","2":"type-product","3":"status-publish","4":"has-post-thumbnail","6":"product_cat-alla-produkter","7":"product_cat-luftsystem","8":"product_cat-varmekallor","9":"product_tag-burner-sv","10":"product_tag-dryer-sv","11":"description-off","13":"first","14":"instock","15":"shipping-taxable","16":"product-type-simple"},"acf":[],"_links":{"self":[{"href":"https:\/\/www.tornum.com\/sv\/wp-json\/wp\/v2\/product\/14237","targetHints":{"allow":["GET"]}}],"collection":[{"href":"https:\/\/www.tornum.com\/sv\/wp-json\/wp\/v2\/product"}],"about":[{"href":"https:\/\/www.tornum.com\/sv\/wp-json\/wp\/v2\/types\/product"}],"replies":[{"embeddable":true,"href":"https:\/\/www.tornum.com\/sv\/wp-json\/wp\/v2\/comments?post=14237"}],"version-history":[{"count":1,"href":"https:\/\/www.tornum.com\/sv\/wp-json\/wp\/v2\/product\/14237\/revisions"}],"predecessor-version":[{"id":49264,"href":"https:\/\/www.tornum.com\/sv\/wp-json\/wp\/v2\/product\/14237\/revisions\/49264"}],"wp:featuredmedia":[{"embeddable":true,"href":"https:\/\/www.tornum.com\/sv\/wp-json\/wp\/v2\/media\/11875"}],"wp:attachment":[{"href":"https:\/\/www.tornum.com\/sv\/wp-json\/wp\/v2\/media?parent=14237"}],"wp:term":[{"taxonomy":"product_brand","embeddable":true,"href":"https:\/\/www.tornum.com\/sv\/wp-json\/wp\/v2\/product_brand?post=14237"},{"taxonomy":"product_cat","embeddable":true,"href":"https:\/\/www.tornum.com\/sv\/wp-json\/wp\/v2\/product_cat?post=14237"},{"taxonomy":"product_tag","embeddable":true,"href":"https:\/\/www.tornum.com\/sv\/wp-json\/wp\/v2\/product_tag?post=14237"}],"curies":[{"name":"wp","href":"https:\/\/api.w.org\/{rel}","templated":true}]}}