{"id":14238,"date":"2023-05-17T13:11:22","date_gmt":"2023-05-17T13:11:22","guid":{"rendered":"https:\/\/dev.rapid.si\/product\/cmt-clima\/"},"modified":"2025-03-19T18:29:45","modified_gmt":"2025-03-19T18:29:45","slug":"cmt-clima","status":"publish","type":"product","link":"https:\/\/www.tornum.com\/sv\/produkt\/cmt-clima\/","title":{"rendered":"WARM AIR-HEATER CMT CLIMA"},"content":{"rendered":"<p>Tv\u00e5 varianter av varmluftsv\u00e4rmare fr\u00e5n CMT finns tillg\u00e4ngliga, G (vertikal) och GO (horisontell). V\u00e4rmaren \u00e4r utrustad med: Oljepanna fr\u00e5n Riello, digital temperaturkontroll och \u00f6verhettningstermostat. Varmluftsv\u00e4rmaren m\u00e5ste skyddas mot v\u00e4der om den anv\u00e4nds utomhus.<\/p>\n","protected":false},"excerpt":{"rendered":"<p>Tv\u00e5 varianter av varmluftsv\u00e4rmare fr\u00e5n CMT finns tillg\u00e4ngliga, G (vertikal) och GO (horisontell). V\u00e4rmaren \u00e4r utrustad med: Oljepanna fr\u00e5n Riello, digital temperaturkontroll och \u00f6verhettningstermostat. Varmluftsv\u00e4rmaren m\u00e5ste skyddas mot v\u00e4der om den anv\u00e4nds utomhus.<\/p>\n","protected":false},"featured_media":11859,"comment_status":"open","ping_status":"closed","template":"","meta":{"_acf_changed":false},"product_brand":[],"product_cat":[213,171,180],"product_tag":[259,260],"class_list":{"0":"post-14238","1":"product","2":"type-product","3":"status-publish","4":"has-post-thumbnail","6":"product_cat-alla-produkter","7":"product_cat-luftsystem","8":"product_cat-varmekallor","9":"product_tag-burner-sv","10":"product_tag-dryer-sv","11":"description-off","13":"first","14":"instock","15":"shipping-taxable","16":"product-type-simple"},"acf":[],"_links":{"self":[{"href":"https:\/\/www.tornum.com\/sv\/wp-json\/wp\/v2\/product\/14238","targetHints":{"allow":["GET"]}}],"collection":[{"href":"https:\/\/www.tornum.com\/sv\/wp-json\/wp\/v2\/product"}],"about":[{"href":"https:\/\/www.tornum.com\/sv\/wp-json\/wp\/v2\/types\/product"}],"replies":[{"embeddable":true,"href":"https:\/\/www.tornum.com\/sv\/wp-json\/wp\/v2\/comments?post=14238"}],"version-history":[{"count":1,"href":"https:\/\/www.tornum.com\/sv\/wp-json\/wp\/v2\/product\/14238\/revisions"}],"predecessor-version":[{"id":47166,"href":"https:\/\/www.tornum.com\/sv\/wp-json\/wp\/v2\/product\/14238\/revisions\/47166"}],"wp:featuredmedia":[{"embeddable":true,"href":"https:\/\/www.tornum.com\/sv\/wp-json\/wp\/v2\/media\/11859"}],"wp:attachment":[{"href":"https:\/\/www.tornum.com\/sv\/wp-json\/wp\/v2\/media?parent=14238"}],"wp:term":[{"taxonomy":"product_brand","embeddable":true,"href":"https:\/\/www.tornum.com\/sv\/wp-json\/wp\/v2\/product_brand?post=14238"},{"taxonomy":"product_cat","embeddable":true,"href":"https:\/\/www.tornum.com\/sv\/wp-json\/wp\/v2\/product_cat?post=14238"},{"taxonomy":"product_tag","embeddable":true,"href":"https:\/\/www.tornum.com\/sv\/wp-json\/wp\/v2\/product_tag?post=14238"}],"curies":[{"name":"wp","href":"https:\/\/api.w.org\/{rel}","templated":true}]}}