{"id":14239,"date":"2023-05-17T13:04:39","date_gmt":"2023-05-17T13:04:39","guid":{"rendered":"https:\/\/dev.rapid.si\/product\/alfaflame-bioheating-systems\/"},"modified":"2024-04-23T19:52:33","modified_gmt":"2024-04-23T19:52:33","slug":"alfaflame-bioheating-systems-2","status":"publish","type":"product","link":"https:\/\/www.tornum.com\/sv\/produkt\/alfaflame-bioheating-systems-2\/","title":{"rendered":"ALFAFLAME &#8211; BIOHEATING SYSTEMS"},"content":{"rendered":"\t\t<div data-elementor-type=\"product-post\" data-elementor-id=\"14239\" class=\"elementor elementor-14239 elementor-11838\" data-elementor-settings=\"{&quot;ha_cmc_init_switcher&quot;:&quot;no&quot;}\" data-elementor-post-type=\"product\">\n\t\t\t\t\t\t<section class=\"elementor-section elementor-top-section elementor-element elementor-element-532b129 elementor-section-boxed elementor-section-height-default elementor-section-height-default\" data-id=\"532b129\" data-element_type=\"section\" data-settings=\"{&quot;_ha_eqh_enable&quot;:false}\">\n\t\t\t\t\t\t<div class=\"elementor-container elementor-column-gap-default\">\n\t\t\t\t\t<div class=\"elementor-column elementor-col-100 elementor-top-column elementor-element elementor-element-67db0c1b\" data-id=\"67db0c1b\" data-element_type=\"column\">\n\t\t\t<div class=\"elementor-widget-wrap elementor-element-populated\">\n\t\t\t\t\t\t<div class=\"elementor-element elementor-element-16129989 elementor-widget elementor-widget-text-editor\" data-id=\"16129989\" data-element_type=\"widget\" data-widget_type=\"text-editor.default\">\n\t\t\t\t<div class=\"elementor-widget-container\">\n\t\t\t\t\t\t\t\t\t<p><span style=\"color:#0D0D0D;mso-themecolor:text1;mso-themetint:242;\nmso-style-textfill-fill-color:#0D0D0D;mso-style-textfill-fill-themecolor:text1;\nmso-style-textfill-fill-alpha:100.0%;mso-style-textfill-fill-colortransforms:\n&quot;lumm=95000 lumo=5000&quot;;mso-ansi-language:SV\">AlfaFlame 800 kW biopanna,\ntillg\u00e4nglig i b\u00e5de enkel 800 kW och dubbel (2&#215;800 kW) konfiguration, \u00e4r\nkonstruerad f\u00f6r att m\u00f6ta olika behov, inklusive spannm\u00e5lstorkar, industriella\nanl\u00e4ggningar, v\u00e4xthus och alla milj\u00f6er som kr\u00e4ver riklig v\u00e4rme och torr luft. Pannan\n\u00e4r utformad f\u00f6r att fungera vid \u00f6vertrycksniv\u00e5er. Dessutom m\u00f6jligg\u00f6r\nalternativet med ett tv\u00e5pannasystem anv\u00e4ndningen av pannorna antingen i tandem\neller oberoende av varandra.<o:p><\/o:p><\/span><\/p>\t\t\t\t\t\t\t\t<\/div>\n\t\t\t\t<\/div>\n\t\t\t\t\t<\/div>\n\t\t<\/div>\n\t\t\t\t\t<\/div>\n\t\t<\/section>\n\t\t\t\t<\/div>\n\t\t","protected":false},"excerpt":{"rendered":"<p>AlfaFlame 800 kW biopanna \u00e4r m\u00e5ngsidig och l\u00e4mpar sig f\u00f6r till\u00e4mpningar som spannm\u00e5lstorkning, industriellt bruk och v\u00e4xthusuppv\u00e4rmning. Den fungerar vid \u00f6vertrycksniv\u00e5er och erbjuder alternativet av ett tv\u00e5pannesystem f\u00f6r oberoende eller tandembruk.<\/p>\n","protected":false},"featured_media":11905,"comment_status":"open","ping_status":"closed","template":"","meta":{"_acf_changed":false},"product_brand":[],"product_cat":[213,170,215,171,180],"product_tag":[259,260,237,261],"class_list":{"0":"post-14239","1":"product","2":"type-product","3":"status-publish","4":"has-post-thumbnail","6":"product_cat-alla-produkter","7":"product_cat-livsmedel-sv","8":"product_cat-spannmal","9":"product_cat-luftsystem","10":"product_cat-varmekallor","11":"product_tag-burner-sv","12":"product_tag-dryer-sv","13":"product_tag-dryer-tkr-sv","14":"product_tag-tecflam-sv","16":"first","17":"instock","18":"shipping-taxable","19":"product-type-simple"},"acf":[],"_links":{"self":[{"href":"https:\/\/www.tornum.com\/sv\/wp-json\/wp\/v2\/product\/14239","targetHints":{"allow":["GET"]}}],"collection":[{"href":"https:\/\/www.tornum.com\/sv\/wp-json\/wp\/v2\/product"}],"about":[{"href":"https:\/\/www.tornum.com\/sv\/wp-json\/wp\/v2\/types\/product"}],"replies":[{"embeddable":true,"href":"https:\/\/www.tornum.com\/sv\/wp-json\/wp\/v2\/comments?post=14239"}],"version-history":[{"count":1,"href":"https:\/\/www.tornum.com\/sv\/wp-json\/wp\/v2\/product\/14239\/revisions"}],"predecessor-version":[{"id":27231,"href":"https:\/\/www.tornum.com\/sv\/wp-json\/wp\/v2\/product\/14239\/revisions\/27231"}],"wp:featuredmedia":[{"embeddable":true,"href":"https:\/\/www.tornum.com\/sv\/wp-json\/wp\/v2\/media\/11905"}],"wp:attachment":[{"href":"https:\/\/www.tornum.com\/sv\/wp-json\/wp\/v2\/media?parent=14239"}],"wp:term":[{"taxonomy":"product_brand","embeddable":true,"href":"https:\/\/www.tornum.com\/sv\/wp-json\/wp\/v2\/product_brand?post=14239"},{"taxonomy":"product_cat","embeddable":true,"href":"https:\/\/www.tornum.com\/sv\/wp-json\/wp\/v2\/product_cat?post=14239"},{"taxonomy":"product_tag","embeddable":true,"href":"https:\/\/www.tornum.com\/sv\/wp-json\/wp\/v2\/product_tag?post=14239"}],"curies":[{"name":"wp","href":"https:\/\/api.w.org\/{rel}","templated":true}]}}