{"id":14240,"date":"2023-05-17T12:34:31","date_gmt":"2023-05-17T12:34:31","guid":{"rendered":"https:\/\/dev.rapid.si\/product\/dust-container\/"},"modified":"2025-07-10T07:31:34","modified_gmt":"2025-07-10T07:31:34","slug":"dammcontainer","status":"publish","type":"product","link":"https:\/\/www.tornum.com\/sv\/produkt\/dammcontainer\/","title":{"rendered":"DAMMCONTAINER"},"content":{"rendered":"<div class=\"wpb-content-wrapper\"><p>[vc_row][vc_column width=&#8221;2\/3&#8243;][vc_column_text]TORNUM Dammcontainer \u00e4r anpassad f\u00f6r att enkelt och milj\u00f6medvetet ta hand om damm och avrens fr\u00e5n luftrensar, dammavskiljare och rensmaskiner. Dammcontainern \u00e4r konstruerad s\u00e5 att utsl\u00e4pp till omgivningen minimeras, med till\u00e4gg f\u00f6r snabbanslutning av containerlocket s\u00e5 minimeras tiden f\u00f6r t\u00f6mning av containern.[\/vc_column_text][\/vc_column][vc_column width=&#8221;1\/3&#8243;][vc_column_text]<strong>Uppbyggnad och funktion<\/strong><br \/>\n\u2022 Tillverkad av varmf\u00f6rzinkad pl\u00e5t.<br \/>\n\u2022 Stor lucka f\u00f6r snabb t\u00f6mmning av dammcontainer<br \/>\n\u2022 Ramen \u00e4r en svetsad och lackad konstruktion<br \/>\n\u2022 Kan f\u00f6rses med olika f\u00e4ste f\u00f6r lastare f\u00f6r att passa till kundens maskin<br \/>\n\u2022 Levereras med eller utan hjul enligt kunden \u00f6nskem\u00e5l<\/p>\n<p><strong>Tillval<\/strong><br \/>\n\u2022 Cyklon<br \/>\n\u2022 Snabbanslutning av containerlock<br \/>\n\u2022 Spiror\u00f6r[\/vc_column_text][\/vc_column][\/vc_row]<\/p>\n<\/div>","protected":false},"excerpt":{"rendered":"<p>TORNUM Dammcontainer \u00e4r anpassad f\u00f6r att enkelt och milj\u00f6medvetet ta hand om damm och avrens fr\u00e5n luftrensar, dammavskiljare och rensmaskiner.<\/p>\n","protected":false},"featured_media":11804,"comment_status":"open","ping_status":"closed","template":"","meta":{"_acf_changed":false},"product_brand":[],"product_cat":[213,156,167],"product_tag":[288,266,267,293],"class_list":{"0":"post-14240","1":"product","2":"type-product","3":"status-publish","4":"has-post-thumbnail","6":"product_cat-alla-produkter","7":"product_cat-materialhantering","8":"product_cat-dammavskiljning","9":"product_tag-cleaning-sv","10":"product_tag-dust-sv","11":"product_tag-separation-sv","12":"product_tag-storage-sv","13":"description-off","15":"first","16":"instock","17":"shipping-taxable","18":"product-type-simple"},"acf":[],"_links":{"self":[{"href":"https:\/\/www.tornum.com\/sv\/wp-json\/wp\/v2\/product\/14240","targetHints":{"allow":["GET"]}}],"collection":[{"href":"https:\/\/www.tornum.com\/sv\/wp-json\/wp\/v2\/product"}],"about":[{"href":"https:\/\/www.tornum.com\/sv\/wp-json\/wp\/v2\/types\/product"}],"replies":[{"embeddable":true,"href":"https:\/\/www.tornum.com\/sv\/wp-json\/wp\/v2\/comments?post=14240"}],"version-history":[{"count":1,"href":"https:\/\/www.tornum.com\/sv\/wp-json\/wp\/v2\/product\/14240\/revisions"}],"predecessor-version":[{"id":49450,"href":"https:\/\/www.tornum.com\/sv\/wp-json\/wp\/v2\/product\/14240\/revisions\/49450"}],"wp:featuredmedia":[{"embeddable":true,"href":"https:\/\/www.tornum.com\/sv\/wp-json\/wp\/v2\/media\/11804"}],"wp:attachment":[{"href":"https:\/\/www.tornum.com\/sv\/wp-json\/wp\/v2\/media?parent=14240"}],"wp:term":[{"taxonomy":"product_brand","embeddable":true,"href":"https:\/\/www.tornum.com\/sv\/wp-json\/wp\/v2\/product_brand?post=14240"},{"taxonomy":"product_cat","embeddable":true,"href":"https:\/\/www.tornum.com\/sv\/wp-json\/wp\/v2\/product_cat?post=14240"},{"taxonomy":"product_tag","embeddable":true,"href":"https:\/\/www.tornum.com\/sv\/wp-json\/wp\/v2\/product_tag?post=14240"}],"curies":[{"name":"wp","href":"https:\/\/api.w.org\/{rel}","templated":true}]}}