{"id":14241,"date":"2023-05-14T22:02:05","date_gmt":"2023-05-14T22:02:05","guid":{"rendered":"https:\/\/dev.rapid.si\/product\/magnets\/"},"modified":"2025-07-11T08:46:05","modified_gmt":"2025-07-11T08:46:05","slug":"magnets","status":"publish","type":"product","link":"https:\/\/www.tornum.com\/sv\/produkt\/magnets\/","title":{"rendered":"MAGNETER"},"content":{"rendered":"<h3><strong>FALLR\u00d6RSMAGNETER <\/strong><\/h3>\n<p>Fallr\u00f6rsmagneter separerar o\u00f6nskade ferromagnetiska (Fe) partiklar ur granulerade-, fiber- och pulvermaterial I h\u00f6gkapacitets fallr\u00f6rsystem. Magneterna anv\u00e4nds inom bulk-, foder- plast-, keramik-, \u00e5tervinningsindustrier etc.<\/p>\n<p>B\u00e5de huset och magnetk\u00e4rnan som \u00e4r placerad i produktfl\u00f6det, har en robust konstruktion som t\u00e5l det stora produktfl\u00f6det och ger en h\u00f6g grad av separation f\u00f6rutsatt att magneten reng\u00f6rs kontinuerligt.<\/p>\n<p>Magnethusets anslutningskona har en 60\u02da kona vilket ger ett j\u00e4mnt fl\u00f6de och f\u00f6rdelning runt magneten. Produkten passerar d\u00e4r efter ett kraftfullt magnetf\u00e4lt och huset har pl\u00e5tar som styr in den del av produkten som hamnat n\u00e4ra ytterv\u00e4ggen in mot magnetens k\u00e4rna.<\/p>\n<p>Den permanenta fallr\u00f6rsmagneten har en stor cylindrisk magnetk\u00e4rna som ger ett djupt kraftfullt magnetf\u00e4lt. Magnetk\u00e4rnan separerar Fe partiklarna fr\u00e5n produktfl\u00f6det och h\u00e5ller kvar dem p\u00e5 k\u00e4rnan tills den reng\u00f6rs.<\/p>\n<p><strong>EGENSKAPER<\/strong><br \/>\n\u2022 F\u00f6r att reng\u00f6ra magneten m\u00e5ste produktfl\u00f6det stoppas<br \/>\n\u2022 Magnethuset \u00e4r tillverkat i rostfritt st\u00e5l<br \/>\n\u2022 Magnetk\u00e4rnan och husets utformning ger en god distribution av produktfl\u00f6det runt k\u00e4rnan<br \/>\n\u2022 Produktfl\u00f6det passerar tv\u00e5 kraftfulla magnetfl\u00f6den f\u00f6r optimal separation<br \/>\n\u2022 Styrpl\u00e5tar tvingar produktfl\u00f6det in mot magnetk\u00e4rnan<br \/>\n\u2022 Dammexplosion s\u00e4ker Ex II 1\/2D enligt ATEX direktivet 94\/9\/EC<\/p>\n<p>&nbsp;<\/p>\n<h3><strong>MAGNETPLATTA<\/strong><\/h3>\n<p>Magnetplattor \u00e4r robusta och kostnadseffektiva magneter som l\u00e4mpar sig v\u00e4l till att separera o\u00f6nskade ferromagnetiska (Fe) partiklar ut fritt fallande produktfl\u00f6den eller produkter p\u00e5 en bandtransport\u00f6r med relativt l\u00e5g Fe f\u00f6roreningar. De har ett djupt och kraftfullt magnetf\u00e4lt som g\u00f6r det m\u00f6jligt att separera Fe partiklar fr\u00e5n produktfl\u00f6det och s\u00e4kert h\u00e5lla kvar f\u00f6roreningarna mot magneten.<\/p>\n<p>Magnetplattorna \u00e4r tillg\u00e4ngliga i flera olika standardstorlekar med antingen ferrit- eller neodym magneter (Neoflux\u00ae). Magneterna kan reng\u00f6ras antingen manuellt eller semiautomatiskt.<\/p>\n<p>Magnetplattor kan appliceras mellan transport\u00f6rer och d\u00e5 produktfl\u00f6det mellan transport\u00f6rer kan uppn\u00e5 en h\u00f6g hastighet \u00e4r det viktigt att d\u00e5 anv\u00e4nda en kraftfull Neoflux\u00ae magnet f\u00f6r dessa applikationer. Produktfl\u00f6det passerar d\u00e5 n\u00e4ra eller kommer i kontakt med magneten och den kraftfulla magneten drar till sig Fe partiklarna och h\u00e5ller kvar dem. \u00a0Magnetplattor kan monteras antingen h\u00e4ngande ovanf\u00f6r produktfl\u00f6det eller placeras under det.<\/p>\n<p>&nbsp;<\/p>\n<h3><strong>TRUMMAGNETER<\/strong><\/h3>\n<p>Trummagneter separerar o\u00f6nskade ferromagnetiska (Fe) partiklar som gjutj\u00e4rn och st\u00e5l men \u00e4ven svagt magnetiska partiklar s\u00e5 som rostfritt st\u00e5l ur material i h\u00f6gkapacitets fallr\u00f6rssystem.<\/p>\n<p>Trummagneterna anv\u00e4nds vid applikationer f\u00f6r pulver, granulat och fibermaterial med h\u00f6g kontaminering av Fe partiklar f\u00f6r att f\u00f6rhindra att partiklarna fr\u00e5n att f\u00f6rorena slutprodukten eller skada maskinvara s\u00e5 som blandare, kvarnar, etc.<\/p>\n<p>En trummagnet \u00e4r en station\u00e4r magnet (180\u02da)\u00a0 runt vilken en rostfri trumma roterar. F\u00f6rdelen \u00e4r att det \u00e4r ett kontinuerligt system d\u00e4r man inte beh\u00f6ver stoppa fl\u00f6det f\u00f6r att rensa magneten fr\u00e5n Fe partiklar. Detta g\u00f6r trummagneter mycket l\u00e4mpliga f\u00f6r produktfl\u00f6den med h\u00f6g koncentration av Fe f\u00f6roreningar.<\/p>\n","protected":false},"excerpt":{"rendered":"<p>Fallr\u00f6rsmagneter separerar o\u00f6nskade ferromagnetiska (Fe) partiklar ur granulerade-, fiber- och pulvermaterial I h\u00f6gkapacitets fallr\u00f6rsystem. Magneterna anv\u00e4nds inom bulk-, foder- plast-, keramik-, \u00e5tervinningsindustrier etc.<\/p>\n","protected":false},"featured_media":16234,"comment_status":"open","ping_status":"closed","template":"","meta":{"_acf_changed":false},"product_brand":[],"product_cat":[213,214,170,215,156,166],"product_tag":[288,315,267,285],"class_list":{"0":"post-14241","1":"product","2":"type-product","3":"status-publish","4":"has-post-thumbnail","6":"product_cat-alla-produkter","7":"product_cat-foder","8":"product_cat-livsmedel-sv","9":"product_cat-spannmal","10":"product_cat-materialhantering","11":"product_cat-rorsystem","12":"product_tag-cleaning-sv","13":"product_tag-pipes-sv","14":"product_tag-separation-sv","15":"product_tag-transport-sv","16":"description-off","18":"first","19":"instock","20":"shipping-taxable","21":"product-type-simple"},"acf":[],"_links":{"self":[{"href":"https:\/\/www.tornum.com\/sv\/wp-json\/wp\/v2\/product\/14241","targetHints":{"allow":["GET"]}}],"collection":[{"href":"https:\/\/www.tornum.com\/sv\/wp-json\/wp\/v2\/product"}],"about":[{"href":"https:\/\/www.tornum.com\/sv\/wp-json\/wp\/v2\/types\/product"}],"replies":[{"embeddable":true,"href":"https:\/\/www.tornum.com\/sv\/wp-json\/wp\/v2\/comments?post=14241"}],"version-history":[{"count":1,"href":"https:\/\/www.tornum.com\/sv\/wp-json\/wp\/v2\/product\/14241\/revisions"}],"predecessor-version":[{"id":49451,"href":"https:\/\/www.tornum.com\/sv\/wp-json\/wp\/v2\/product\/14241\/revisions\/49451"}],"wp:featuredmedia":[{"embeddable":true,"href":"https:\/\/www.tornum.com\/sv\/wp-json\/wp\/v2\/media\/16234"}],"wp:attachment":[{"href":"https:\/\/www.tornum.com\/sv\/wp-json\/wp\/v2\/media?parent=14241"}],"wp:term":[{"taxonomy":"product_brand","embeddable":true,"href":"https:\/\/www.tornum.com\/sv\/wp-json\/wp\/v2\/product_brand?post=14241"},{"taxonomy":"product_cat","embeddable":true,"href":"https:\/\/www.tornum.com\/sv\/wp-json\/wp\/v2\/product_cat?post=14241"},{"taxonomy":"product_tag","embeddable":true,"href":"https:\/\/www.tornum.com\/sv\/wp-json\/wp\/v2\/product_tag?post=14241"}],"curies":[{"name":"wp","href":"https:\/\/api.w.org\/{rel}","templated":true}]}}