{"id":14242,"date":"2023-05-14T21:59:36","date_gmt":"2023-05-14T21:59:36","guid":{"rendered":"https:\/\/dev.rapid.si\/product\/hopper-scale-dviu\/"},"modified":"2025-07-15T10:16:18","modified_gmt":"2025-07-15T10:16:18","slug":"hopper-scale-dviu","status":"publish","type":"product","link":"https:\/\/www.tornum.com\/sv\/produkt\/hopper-scale-dviu\/","title":{"rendered":"FL\u00d6DESV\u00c5G DVIU"},"content":{"rendered":"<p>Ing\u00e5ende delar s\u00e5som f\u00f6rficka, v\u00e5gbeh\u00e5llare och underbeh\u00e5llare \u00e4r byggda i en gedigen konstruktion som garanterar en h\u00f6g grad av tillf\u00f6rlitlighet och livsl\u00e4ngd. V\u00e5garna \u00e4r konstruerade med h\u00e4nsyn till st\u00f6rsta m\u00f6jliga renhet.<\/p>\n<p>Fl\u00f6desv\u00e5g DVIU finns i tv\u00e5 modeller. DVIU\/N finns i 6 storlekar f\u00f6r kapaciteter mellan 5-200t\/h och DVIU\/F i 8 storlekar med kapaciteter mellan 250-1200t\/h. Kapaciteten \u00e4r ber\u00e4knad f\u00f6r spannm\u00e5l med en volymvikt av 0,6 ton\/m\u00b3.<\/p>\n<p>V\u00e5garna levereras med v\u00e5ginstrument och skrivare. Som tillval kan v\u00e5ginstrumenten f\u00f6rses med m\u00f6jlighet till integration i systemet samt data\u00f6verf\u00f6ring. Anv\u00e4ndargr\u00e4nssnitt och dokumentation finns som standard i flera spr\u00e5k.<\/p>\n","protected":false},"excerpt":{"rendered":"<p>Fl\u00f6desv\u00e5garna \u00e4r konstruerade f\u00f6r snabb, exakt och s\u00e4ker in-och utv\u00e4gning av fritt flytande material som t.ex. spannm\u00e5l, majs, foder, pulver och granulat.<\/p>\n","protected":false},"featured_media":11617,"comment_status":"open","ping_status":"closed","template":"","meta":{"_acf_changed":false},"product_brand":[],"product_cat":[213,214,170,215,156,222],"product_tag":[288,312,293,313],"class_list":{"0":"post-14242","1":"product","2":"type-product","3":"status-publish","4":"has-post-thumbnail","6":"product_cat-alla-produkter","7":"product_cat-foder","8":"product_cat-livsmedel-sv","9":"product_cat-spannmal","10":"product_cat-materialhantering","11":"product_cat-flodesvagar","12":"product_tag-cleaning-sv","13":"product_tag-scale-sv","14":"product_tag-storage-sv","15":"product_tag-weight-sv","16":"description-off","18":"first","19":"instock","20":"shipping-taxable","21":"product-type-simple"},"acf":[],"_links":{"self":[{"href":"https:\/\/www.tornum.com\/sv\/wp-json\/wp\/v2\/product\/14242","targetHints":{"allow":["GET"]}}],"collection":[{"href":"https:\/\/www.tornum.com\/sv\/wp-json\/wp\/v2\/product"}],"about":[{"href":"https:\/\/www.tornum.com\/sv\/wp-json\/wp\/v2\/types\/product"}],"replies":[{"embeddable":true,"href":"https:\/\/www.tornum.com\/sv\/wp-json\/wp\/v2\/comments?post=14242"}],"version-history":[{"count":1,"href":"https:\/\/www.tornum.com\/sv\/wp-json\/wp\/v2\/product\/14242\/revisions"}],"predecessor-version":[{"id":49452,"href":"https:\/\/www.tornum.com\/sv\/wp-json\/wp\/v2\/product\/14242\/revisions\/49452"}],"wp:featuredmedia":[{"embeddable":true,"href":"https:\/\/www.tornum.com\/sv\/wp-json\/wp\/v2\/media\/11617"}],"wp:attachment":[{"href":"https:\/\/www.tornum.com\/sv\/wp-json\/wp\/v2\/media?parent=14242"}],"wp:term":[{"taxonomy":"product_brand","embeddable":true,"href":"https:\/\/www.tornum.com\/sv\/wp-json\/wp\/v2\/product_brand?post=14242"},{"taxonomy":"product_cat","embeddable":true,"href":"https:\/\/www.tornum.com\/sv\/wp-json\/wp\/v2\/product_cat?post=14242"},{"taxonomy":"product_tag","embeddable":true,"href":"https:\/\/www.tornum.com\/sv\/wp-json\/wp\/v2\/product_tag?post=14242"}],"curies":[{"name":"wp","href":"https:\/\/api.w.org\/{rel}","templated":true}]}}