{"id":14243,"date":"2023-05-14T21:57:30","date_gmt":"2023-05-14T21:57:30","guid":{"rendered":"https:\/\/dev.rapid.si\/product\/intake-building\/"},"modified":"2025-07-10T07:35:01","modified_gmt":"2025-07-10T07:35:01","slug":"intake-building","status":"publish","type":"product","link":"https:\/\/www.tornum.com\/sv\/produkt\/intake-building\/","title":{"rendered":"INLASTNINGSBYGGNAD"},"content":{"rendered":"<p>D\u00e5 behovet inte \u00e4r ett komplett torkhus utan man endast beh\u00f6ver f\u00f6rb\u00e4ttra logistiken med in- och utlastning av spannm\u00e5len erbjuder Tornum produkter och byggnad f\u00f6r ett effektivare fl\u00f6de.\u00a0 Den nya byggnaden kan dockas ihop med befintlig anl\u00e4ggning eller vara helt frist\u00e5ende.<\/p>\n<p>Alla byggnader och st\u00e5lkonstruktioner \u00e4r CE-m\u00e4rkta enligt EN 1090-1 vilket \u00e4r ett EU-krav sedan 2014.\u00a0F\u00f6r mer information ang\u00e5ende Byggprodukter och CE-m\u00e4rkning se\u00a0<a href=\"http:\/\/www.boverket.se\/sv\/byggande\/byggprodukter\/ce-markning\/\">Boverkets hemsida<\/a>.<\/p>\n","protected":false},"excerpt":{"rendered":"<p>D\u00e5 behovet inte \u00e4r ett komplett torkhus utan man endast beh\u00f6ver f\u00f6rb\u00e4ttra logistiken med in- och utlastning av spannm\u00e5len erbjuder Tornum produkter och byggnad f\u00f6r ett effektivare fl\u00f6de.\u00a0 Den nya byggnaden kan dockas ihop med befintlig anl\u00e4ggning eller vara helt frist\u00e5ende.<\/p>\n<p>Alla byggnader och st\u00e5lkonstruktioner \u00e4r CE-m\u00e4rkta enligt EN 1090-1 vilket \u00e4r ett EU-krav sedan 2014.\u00a0F\u00f6r mer information ang\u00e5ende Byggprodukter och CE-m\u00e4rkning se\u00a0<a href=\"http:\/\/www.boverket.se\/sv\/byggande\/byggprodukter\/ce-markning\/\">Boverkets hemsida<\/a>.<\/p>\n","protected":false},"featured_media":16813,"comment_status":"open","ping_status":"closed","template":"","meta":{"_acf_changed":false},"product_brand":[],"product_cat":[213,183,184],"product_tag":[283,295,260,231],"class_list":{"0":"post-14243","1":"product","2":"type-product","3":"status-publish","4":"has-post-thumbnail","6":"product_cat-alla-produkter","7":"product_cat-lagring","8":"product_cat-torkhus","9":"product_tag-bin-sv","10":"product_tag-building-sv","11":"product_tag-dryer-sv","12":"product_tag-intake-sv","13":"description-off","15":"first","16":"instock","17":"shipping-taxable","18":"product-type-simple"},"acf":[],"_links":{"self":[{"href":"https:\/\/www.tornum.com\/sv\/wp-json\/wp\/v2\/product\/14243","targetHints":{"allow":["GET"]}}],"collection":[{"href":"https:\/\/www.tornum.com\/sv\/wp-json\/wp\/v2\/product"}],"about":[{"href":"https:\/\/www.tornum.com\/sv\/wp-json\/wp\/v2\/types\/product"}],"replies":[{"embeddable":true,"href":"https:\/\/www.tornum.com\/sv\/wp-json\/wp\/v2\/comments?post=14243"}],"version-history":[{"count":1,"href":"https:\/\/www.tornum.com\/sv\/wp-json\/wp\/v2\/product\/14243\/revisions"}],"predecessor-version":[{"id":49453,"href":"https:\/\/www.tornum.com\/sv\/wp-json\/wp\/v2\/product\/14243\/revisions\/49453"}],"wp:featuredmedia":[{"embeddable":true,"href":"https:\/\/www.tornum.com\/sv\/wp-json\/wp\/v2\/media\/16813"}],"wp:attachment":[{"href":"https:\/\/www.tornum.com\/sv\/wp-json\/wp\/v2\/media?parent=14243"}],"wp:term":[{"taxonomy":"product_brand","embeddable":true,"href":"https:\/\/www.tornum.com\/sv\/wp-json\/wp\/v2\/product_brand?post=14243"},{"taxonomy":"product_cat","embeddable":true,"href":"https:\/\/www.tornum.com\/sv\/wp-json\/wp\/v2\/product_cat?post=14243"},{"taxonomy":"product_tag","embeddable":true,"href":"https:\/\/www.tornum.com\/sv\/wp-json\/wp\/v2\/product_tag?post=14243"}],"curies":[{"name":"wp","href":"https:\/\/api.w.org\/{rel}","templated":true}]}}