{"id":14244,"date":"2023-05-14T21:55:41","date_gmt":"2023-05-14T21:55:41","guid":{"rendered":"https:\/\/dev.rapid.si\/product\/buildings\/"},"modified":"2025-01-01T12:56:00","modified_gmt":"2025-01-01T12:56:00","slug":"byggnader-och-stalkonstruktioner","status":"publish","type":"product","link":"https:\/\/www.tornum.com\/sv\/produkt\/byggnader-och-stalkonstruktioner\/","title":{"rendered":"BYGGNADER OCH ST\u00c5LKONSTRUKTIONER"},"content":{"rendered":"<p>I de nordiska l\u00e4nderna \u00e4r det en traditionell praxis att placera spannm\u00e5lstorkar och lagring inomhus. Tornum specialiserar sig p\u00e5 att konstruera unika torkhus och skr\u00e4ddarsy varje hus efter de specifika behoven och \u00f6nskem\u00e5len hos v\u00e5ra kunder. Dessutom, f\u00f6r att uppfylla EU-f\u00f6rordningar, m\u00e5ste alla byggprodukter som s\u00e4ljs p\u00e5 EU-marknaden vara CE-m\u00e4rkta sedan den 1 juli 2014. Tornum ser till att deras torkhus uppfyller dessa standarder och s\u00e4kerst\u00e4ller \u00f6verensst\u00e4mmelse med EU-kraven.<\/p>\n","protected":false},"excerpt":{"rendered":"<p>I de nordiska l\u00e4nderna \u00e4r det tradition att placera spannm\u00e5lstorkar och lagring inomhus. Tornum bygger torkhus enligt kundernas \u00f6nskem\u00e5l, och varje byggnad \u00e4r unik.<\/p>\n","protected":false},"featured_media":11896,"comment_status":"open","ping_status":"closed","template":"","meta":{"_acf_changed":false},"product_brand":[],"product_cat":[213,214,170,215,183,184],"product_tag":[292,284,260,293],"class_list":{"0":"post-14244","1":"product","2":"type-product","3":"status-publish","4":"has-post-thumbnail","6":"product_cat-alla-produkter","7":"product_cat-foder","8":"product_cat-livsmedel-sv","9":"product_cat-spannmal","10":"product_cat-lagring","11":"product_cat-torkhus","12":"product_tag-bins-sv","13":"product_tag-conveyor-sv","14":"product_tag-dryer-sv","15":"product_tag-storage-sv","16":"description-off","18":"first","19":"instock","20":"shipping-taxable","21":"product-type-simple"},"acf":[],"_links":{"self":[{"href":"https:\/\/www.tornum.com\/sv\/wp-json\/wp\/v2\/product\/14244","targetHints":{"allow":["GET"]}}],"collection":[{"href":"https:\/\/www.tornum.com\/sv\/wp-json\/wp\/v2\/product"}],"about":[{"href":"https:\/\/www.tornum.com\/sv\/wp-json\/wp\/v2\/types\/product"}],"replies":[{"embeddable":true,"href":"https:\/\/www.tornum.com\/sv\/wp-json\/wp\/v2\/comments?post=14244"}],"version-history":[{"count":1,"href":"https:\/\/www.tornum.com\/sv\/wp-json\/wp\/v2\/product\/14244\/revisions"}],"predecessor-version":[{"id":45541,"href":"https:\/\/www.tornum.com\/sv\/wp-json\/wp\/v2\/product\/14244\/revisions\/45541"}],"wp:featuredmedia":[{"embeddable":true,"href":"https:\/\/www.tornum.com\/sv\/wp-json\/wp\/v2\/media\/11896"}],"wp:attachment":[{"href":"https:\/\/www.tornum.com\/sv\/wp-json\/wp\/v2\/media?parent=14244"}],"wp:term":[{"taxonomy":"product_brand","embeddable":true,"href":"https:\/\/www.tornum.com\/sv\/wp-json\/wp\/v2\/product_brand?post=14244"},{"taxonomy":"product_cat","embeddable":true,"href":"https:\/\/www.tornum.com\/sv\/wp-json\/wp\/v2\/product_cat?post=14244"},{"taxonomy":"product_tag","embeddable":true,"href":"https:\/\/www.tornum.com\/sv\/wp-json\/wp\/v2\/product_tag?post=14244"}],"curies":[{"name":"wp","href":"https:\/\/api.w.org\/{rel}","templated":true}]}}