{"id":14245,"date":"2023-05-14T21:52:41","date_gmt":"2023-05-14T21:52:41","guid":{"rendered":"https:\/\/dev.rapid.si\/product\/aspirator\/"},"modified":"2025-07-08T12:52:35","modified_gmt":"2025-07-08T12:52:35","slug":"aspirator","status":"publish","type":"product","link":"https:\/\/www.tornum.com\/sv\/produkt\/aspirator\/","title":{"rendered":"ASPIRAT\u00d6R"},"content":{"rendered":"<div class=\"wpb-content-wrapper\"><p>[vc_row][vc_column width=&#8221;2\/3&#8243;][vc_column_text]Aspirat\u00f6r avsedd f\u00f6r dammavskiljning av spannm\u00e5l och andra kornformiga material. Den har en god effekt trots sm\u00e5 dimensioner[\/vc_column_text][\/vc_column][vc_column width=&#8221;1\/3&#8243;][vc_column_text]<strong>Uppbyggnad och funktion<\/strong><br \/>\n\u2022 Tillverkad i pulverlackerad pl\u00e5t<br \/>\n\u2022 Finns i tre storlekar<br \/>\n\u2022 F\u00f6rsedd med raka radiella skovlar<br \/>\n\u2022 En 25 tons aspirat\u00f6r kan transportera avrenset cirka 24 m, 60 ton klarar 21 m<br \/>\n\u2022 Ett reglage p\u00e5 fl\u00e4kten g\u00f6r att man enkelt kan reglera sugf\u00f6rm\u00e5gan f\u00f6r maximal rensning[\/vc_column_text][\/vc_column][\/vc_row]<\/p>\n<\/div>","protected":false},"excerpt":{"rendered":"<div class=\"flex flex-grow flex-col gap-3 max-w-full\">\n<div class=\"min-h-[20px] flex flex-col items-start gap-3 overflow-x-auto whitespace-pre-wrap break-words\">\n<div class=\"markdown prose w-full break-words dark:prose-invert light\">\n<p>Tornums aspirator erbjuder, trots sin kompakta storlek, effektiv och h\u00f6gkvalitativ dammavskiljning f\u00f6r hantering av spannm\u00e5l och andra kornfomiga material. Den har en konstruktion av pulverlackerad pl\u00e5t, finns i tre storleksalternativ och \u00e4r utrustad med raka radiella skovlar.<\/p>\n<\/div>\n<\/div>\n<\/div>\n","protected":false},"featured_media":11567,"comment_status":"open","ping_status":"closed","template":"","meta":{"_acf_changed":false},"product_brand":[],"product_cat":[213,215,156,167],"product_tag":[233,265,236,267],"class_list":{"0":"post-14245","1":"product","2":"type-product","3":"status-publish","4":"has-post-thumbnail","6":"product_cat-alla-produkter","7":"product_cat-spannmal","8":"product_cat-materialhantering","9":"product_cat-dammavskiljning","10":"product_tag-axial-sv","11":"product_tag-conditioning-sv","12":"product_tag-conditioning-laterals-sv","13":"product_tag-separation-sv","14":"description-off","16":"first","17":"instock","18":"shipping-taxable","19":"product-type-simple"},"acf":[],"_links":{"self":[{"href":"https:\/\/www.tornum.com\/sv\/wp-json\/wp\/v2\/product\/14245","targetHints":{"allow":["GET"]}}],"collection":[{"href":"https:\/\/www.tornum.com\/sv\/wp-json\/wp\/v2\/product"}],"about":[{"href":"https:\/\/www.tornum.com\/sv\/wp-json\/wp\/v2\/types\/product"}],"replies":[{"embeddable":true,"href":"https:\/\/www.tornum.com\/sv\/wp-json\/wp\/v2\/comments?post=14245"}],"version-history":[{"count":1,"href":"https:\/\/www.tornum.com\/sv\/wp-json\/wp\/v2\/product\/14245\/revisions"}],"predecessor-version":[{"id":49278,"href":"https:\/\/www.tornum.com\/sv\/wp-json\/wp\/v2\/product\/14245\/revisions\/49278"}],"wp:featuredmedia":[{"embeddable":true,"href":"https:\/\/www.tornum.com\/sv\/wp-json\/wp\/v2\/media\/11567"}],"wp:attachment":[{"href":"https:\/\/www.tornum.com\/sv\/wp-json\/wp\/v2\/media?parent=14245"}],"wp:term":[{"taxonomy":"product_brand","embeddable":true,"href":"https:\/\/www.tornum.com\/sv\/wp-json\/wp\/v2\/product_brand?post=14245"},{"taxonomy":"product_cat","embeddable":true,"href":"https:\/\/www.tornum.com\/sv\/wp-json\/wp\/v2\/product_cat?post=14245"},{"taxonomy":"product_tag","embeddable":true,"href":"https:\/\/www.tornum.com\/sv\/wp-json\/wp\/v2\/product_tag?post=14245"}],"curies":[{"name":"wp","href":"https:\/\/api.w.org\/{rel}","templated":true}]}}