{"id":14246,"date":"2023-05-14T21:51:07","date_gmt":"2023-05-14T21:51:07","guid":{"rendered":"https:\/\/dev.rapid.si\/product\/cyclone\/"},"modified":"2025-07-08T13:56:45","modified_gmt":"2025-07-08T13:56:45","slug":"cyklon","status":"publish","type":"product","link":"https:\/\/www.tornum.com\/sv\/produkt\/cyklon\/","title":{"rendered":"CYKLON"},"content":{"rendered":"<div class=\"wpb-content-wrapper\"><p>[vc_row][vc_column width=&#8221;2\/3&#8243;][vc_column_text]TORNUM\u00b4s cykloner \u00e4r konstruerade f\u00f6r att p\u00e5 b\u00e4sta s\u00e4tt skilja avrens och luft fr\u00e5n varandra. Placering av cykloner och avrenshantering \u00e4r en viktig del vid projektering av en spannm\u00e5lsanl\u00e4ggning med god arbetsmilj\u00f6[\/vc_column_text][\/vc_column][vc_column width=&#8221;1\/3&#8243;][vc_column_text]<strong>Uppbyggnad och Funktion<\/strong><\/p>\n<ul>\n<li>Tillverkad av varmf\u00f6rzinkat st\u00e5lpl\u00e5t.<\/li>\n<li>F\u00f6rsedd med spiroanslutningar f\u00f6r inlopp, utlopp och avluftning.<\/li>\n<\/ul>\n<p><strong>TILLVAL<\/strong><\/p>\n<ul>\n<li>Aspirat\u00f6r<\/li>\n<li>Dammcontainer<\/li>\n<li>DC Remover<\/li>\n<li>Spiror\u00f6r<\/li>\n<li>Skyddstak cyklon<\/li>\n<\/ul>\n<p>[\/vc_column_text][\/vc_column][\/vc_row]<\/p>\n<\/div>","protected":false},"excerpt":{"rendered":"<p>Tornums cykloner \u00e4r omsorgsfullt utformade f\u00f6r effektiv separation av avrens och luft, en viktig faktor f\u00f6r att skapa en produktiv och s\u00e4ker arbetsmilj\u00f6 i en spannm\u00e5lsanl\u00e4ggning.<\/p>\n","protected":false},"featured_media":16208,"comment_status":"open","ping_status":"closed","template":"","meta":{"_acf_changed":false},"product_brand":[],"product_cat":[213,215,156,167],"product_tag":[288,301,266,267],"class_list":{"0":"post-14246","1":"product","2":"type-product","3":"status-publish","4":"has-post-thumbnail","6":"product_cat-alla-produkter","7":"product_cat-spannmal","8":"product_cat-materialhantering","9":"product_cat-dammavskiljning","10":"product_tag-cleaning-sv","11":"product_tag-cyclone-sv","12":"product_tag-dust-sv","13":"product_tag-separation-sv","14":"description-off","16":"first","17":"instock","18":"shipping-taxable","19":"product-type-simple"},"acf":[],"_links":{"self":[{"href":"https:\/\/www.tornum.com\/sv\/wp-json\/wp\/v2\/product\/14246","targetHints":{"allow":["GET"]}}],"collection":[{"href":"https:\/\/www.tornum.com\/sv\/wp-json\/wp\/v2\/product"}],"about":[{"href":"https:\/\/www.tornum.com\/sv\/wp-json\/wp\/v2\/types\/product"}],"replies":[{"embeddable":true,"href":"https:\/\/www.tornum.com\/sv\/wp-json\/wp\/v2\/comments?post=14246"}],"version-history":[{"count":1,"href":"https:\/\/www.tornum.com\/sv\/wp-json\/wp\/v2\/product\/14246\/revisions"}],"predecessor-version":[{"id":49311,"href":"https:\/\/www.tornum.com\/sv\/wp-json\/wp\/v2\/product\/14246\/revisions\/49311"}],"wp:featuredmedia":[{"embeddable":true,"href":"https:\/\/www.tornum.com\/sv\/wp-json\/wp\/v2\/media\/16208"}],"wp:attachment":[{"href":"https:\/\/www.tornum.com\/sv\/wp-json\/wp\/v2\/media?parent=14246"}],"wp:term":[{"taxonomy":"product_brand","embeddable":true,"href":"https:\/\/www.tornum.com\/sv\/wp-json\/wp\/v2\/product_brand?post=14246"},{"taxonomy":"product_cat","embeddable":true,"href":"https:\/\/www.tornum.com\/sv\/wp-json\/wp\/v2\/product_cat?post=14246"},{"taxonomy":"product_tag","embeddable":true,"href":"https:\/\/www.tornum.com\/sv\/wp-json\/wp\/v2\/product_tag?post=14246"}],"curies":[{"name":"wp","href":"https:\/\/api.w.org\/{rel}","templated":true}]}}