{"id":14247,"date":"2023-05-14T21:49:32","date_gmt":"2023-05-14T21:49:32","guid":{"rendered":"https:\/\/dev.rapid.si\/product\/dust-chaff-remover\/"},"modified":"2025-07-15T10:03:02","modified_gmt":"2025-07-15T10:03:02","slug":"dc-remover-damm-och-bossavskiljare","status":"publish","type":"product","link":"https:\/\/www.tornum.com\/sv\/produkt\/dc-remover-damm-och-bossavskiljare\/","title":{"rendered":"DC REMOVER \/ DAMM- OCH BOSSAVSKILJARE"},"content":{"rendered":"<div class=\"wpb-content-wrapper\"><p>[vc_row][vc_column width=&#8221;2\/3&#8243;][vc_column_text]DC Remover \u00e4r ett komplett system med renshus, fl\u00e4kthus med motor och cyklon som\u00a0\u00e4r avsett f\u00f6r grovrensning av spannm\u00e5l och rensar bort damm, agnar och l\u00e4ttare halmstr\u00e5n. Rensningen \u00e4r effektivast i den l\u00e4gre kapacitetsniv\u00e5n och b\u00e4sta rensningsresultat erh\u00e5lls endast med det kompletta systemet.<\/p>\n<p>DC Remover \u00e4r kompakt byggda och finns f\u00f6r kapaciteter mellan 40-150 t\/h.\u00a0Det vertikala avst\u00e5ndet mellan in- och utlopps\u00f6ppning \u00e4r litet varf\u00f6r fallh\u00f6jdsf\u00f6rlusten blir minimal. Spannm\u00e5len passerar en renspl\u00e5t med tv\u00e4rg\u00e5ende slitsar d\u00e4r det genomsugs av en kraftig luftstr\u00f6m. Sugf\u00f6rm\u00e5gan \u00e4r reglerbar med ett spj\u00e4ll p\u00e5 renshusets ovansida.<\/p>\n<p>In- och utlopps\u00f6ppningen \u00e4r fyrkantig 180, 250 eller 300. Utloppet passar mot RK250 r\u00f6rsystem (120-150 t\/h Spiro 315). Fl\u00e4kten kan vridas 360\u00b0 varvid utlopps\u00f6ppningen kan f\u00e5s i \u00f6nskad riktning utan att b\u00f6jar beh\u00f6ver anv\u00e4ndas. Avrenset kan transporteras ca 25 m i bl\u00e5sledning till cyklon.[\/vc_column_text][\/vc_column][vc_column width=&#8221;1\/3&#8243;][vc_column_text]<strong>Uppbyggnad och funktion<\/strong><br \/>\n\u2022 Tillverkas i 2mm varmf\u00f6rzinkad pl\u00e5t.<br \/>\n\u2022 F\u00f6rsedd med spridarpl\u00e5t f\u00f6r j\u00e4mn f\u00f6rdelning av materialet i renshuset.<br \/>\n\u2022 Reglerbar sugf\u00f6rm\u00e5ga.<br \/>\n\u2022 Fl\u00e4kten kan vridas 360\u00b0 varvid utlopps\u00f6ppningen kan f\u00e5s i \u00f6nskad riktning.<br \/>\n\u2022 L\u00e5g byggh\u00f6jd.<\/p>\n<p><strong>Tillval<\/strong><br \/>\n\u2022 Cyklon<br \/>\n\u2022 Dammcontainer<br \/>\n\u2022 Motorstyrning f\u00f6r luftspj\u00e4ll[\/vc_column_text][\/vc_column][\/vc_row]<\/p>\n<\/div>","protected":false},"excerpt":{"rendered":"<p>DC Remover \u00e4r ett komplett system med renshus, fl\u00e4kthus med motor och cyklon som\u00a0\u00e4r avsett f\u00f6r grovrensning av spannm\u00e5l och rensar bort damm, agnar och l\u00e4ttare halmstr\u00e5n<\/p>\n","protected":false},"featured_media":11538,"comment_status":"open","ping_status":"closed","template":"","meta":{"_acf_changed":false},"product_brand":[],"product_cat":[213,215,156,167],"product_tag":[288,289,266,267],"class_list":{"0":"post-14247","1":"product","2":"type-product","3":"status-publish","4":"has-post-thumbnail","6":"product_cat-alla-produkter","7":"product_cat-spannmal","8":"product_cat-materialhantering","9":"product_cat-dammavskiljning","10":"product_tag-cleaning-sv","11":"product_tag-dc-remover-sv","12":"product_tag-dust-sv","13":"product_tag-separation-sv","14":"description-off","16":"first","17":"instock","18":"shipping-taxable","19":"product-type-simple"},"acf":[],"_links":{"self":[{"href":"https:\/\/www.tornum.com\/sv\/wp-json\/wp\/v2\/product\/14247","targetHints":{"allow":["GET"]}}],"collection":[{"href":"https:\/\/www.tornum.com\/sv\/wp-json\/wp\/v2\/product"}],"about":[{"href":"https:\/\/www.tornum.com\/sv\/wp-json\/wp\/v2\/types\/product"}],"replies":[{"embeddable":true,"href":"https:\/\/www.tornum.com\/sv\/wp-json\/wp\/v2\/comments?post=14247"}],"version-history":[{"count":1,"href":"https:\/\/www.tornum.com\/sv\/wp-json\/wp\/v2\/product\/14247\/revisions"}],"predecessor-version":[{"id":49454,"href":"https:\/\/www.tornum.com\/sv\/wp-json\/wp\/v2\/product\/14247\/revisions\/49454"}],"wp:featuredmedia":[{"embeddable":true,"href":"https:\/\/www.tornum.com\/sv\/wp-json\/wp\/v2\/media\/11538"}],"wp:attachment":[{"href":"https:\/\/www.tornum.com\/sv\/wp-json\/wp\/v2\/media?parent=14247"}],"wp:term":[{"taxonomy":"product_brand","embeddable":true,"href":"https:\/\/www.tornum.com\/sv\/wp-json\/wp\/v2\/product_brand?post=14247"},{"taxonomy":"product_cat","embeddable":true,"href":"https:\/\/www.tornum.com\/sv\/wp-json\/wp\/v2\/product_cat?post=14247"},{"taxonomy":"product_tag","embeddable":true,"href":"https:\/\/www.tornum.com\/sv\/wp-json\/wp\/v2\/product_tag?post=14247"}],"curies":[{"name":"wp","href":"https:\/\/api.w.org\/{rel}","templated":true}]}}