{"id":14248,"date":"2023-05-14T21:46:04","date_gmt":"2023-05-14T21:46:04","guid":{"rendered":"https:\/\/dev.rapid.si\/product\/centriklon-dust-separator\/"},"modified":"2025-07-15T09:50:17","modified_gmt":"2025-07-15T09:50:17","slug":"centriklon-dust-separator","status":"publish","type":"product","link":"https:\/\/www.tornum.com\/sv\/produkt\/centriklon-dust-separator\/","title":{"rendered":"CENTRIKLON DUST SEPARATOR"},"content":{"rendered":"<p>Centriklon \u00e4r en stoftavskiljare som anv\u00e4nds f\u00f6r bland annat avskiljning av damm och stoft fr\u00e5n spannm\u00e5lstorkar. Centriklonen har en mycket h\u00f6g kapacitet p\u00e5 litet utrymme, den har \u00e4ven en h\u00f6g drifts\u00e4kerhet och kr\u00e4ver ett minimalt underh\u00e5ll d\u00e5 den helt saknar r\u00f6rliga delar.<\/p>\n<p>Centriklonen finns i olika storlekar och dimensioneras efter luftvolym och kapacitet<\/p>\n","protected":false},"excerpt":{"rendered":"<p>Tornum Centriklon \u00e4r en p\u00e5litlig stoftavskiljare f\u00f6r spannm\u00e5lstorkar, k\u00e4nd f\u00f6r sin h\u00f6ga kapacitet och l\u00e5ga underh\u00e5llsbehov. Den finns i flera storlekar f\u00f6r att matcha specifika luftvolym- och kapacitetskrav, vilket g\u00f6r den idealisk f\u00f6r effektiv borttagning av damm och stoft under spannm\u00e5lstorkning.<\/p>\n","protected":false},"featured_media":11522,"comment_status":"open","ping_status":"closed","template":"","meta":{"_acf_changed":false},"product_brand":[],"product_cat":[213,156,167],"product_tag":[266,234,297,267],"class_list":{"0":"post-14248","1":"product","2":"type-product","3":"status-publish","4":"has-post-thumbnail","6":"product_cat-alla-produkter","7":"product_cat-materialhantering","8":"product_cat-dammavskiljning","9":"product_tag-dust-sv","10":"product_tag-fan-sv","11":"product_tag-radial-fan-sv","12":"product_tag-separation-sv","13":"description-off","15":"first","16":"instock","17":"shipping-taxable","18":"product-type-simple"},"acf":[],"_links":{"self":[{"href":"https:\/\/www.tornum.com\/sv\/wp-json\/wp\/v2\/product\/14248","targetHints":{"allow":["GET"]}}],"collection":[{"href":"https:\/\/www.tornum.com\/sv\/wp-json\/wp\/v2\/product"}],"about":[{"href":"https:\/\/www.tornum.com\/sv\/wp-json\/wp\/v2\/types\/product"}],"replies":[{"embeddable":true,"href":"https:\/\/www.tornum.com\/sv\/wp-json\/wp\/v2\/comments?post=14248"}],"version-history":[{"count":1,"href":"https:\/\/www.tornum.com\/sv\/wp-json\/wp\/v2\/product\/14248\/revisions"}],"predecessor-version":[{"id":49337,"href":"https:\/\/www.tornum.com\/sv\/wp-json\/wp\/v2\/product\/14248\/revisions\/49337"}],"wp:featuredmedia":[{"embeddable":true,"href":"https:\/\/www.tornum.com\/sv\/wp-json\/wp\/v2\/media\/11522"}],"wp:attachment":[{"href":"https:\/\/www.tornum.com\/sv\/wp-json\/wp\/v2\/media?parent=14248"}],"wp:term":[{"taxonomy":"product_brand","embeddable":true,"href":"https:\/\/www.tornum.com\/sv\/wp-json\/wp\/v2\/product_brand?post=14248"},{"taxonomy":"product_cat","embeddable":true,"href":"https:\/\/www.tornum.com\/sv\/wp-json\/wp\/v2\/product_cat?post=14248"},{"taxonomy":"product_tag","embeddable":true,"href":"https:\/\/www.tornum.com\/sv\/wp-json\/wp\/v2\/product_tag?post=14248"}],"curies":[{"name":"wp","href":"https:\/\/api.w.org\/{rel}","templated":true}]}}