{"id":14249,"date":"2023-05-14T21:41:21","date_gmt":"2023-05-14T21:41:21","guid":{"rendered":"https:\/\/dev.rapid.si\/product\/clean-air-control\/"},"modified":"2025-07-11T09:10:54","modified_gmt":"2025-07-11T09:10:54","slug":"clean-air-control","status":"publish","type":"product","link":"https:\/\/www.tornum.com\/sv\/produkt\/clean-air-control\/","title":{"rendered":"CLEAN AIR CONTROL"},"content":{"rendered":"<div class=\"wpb-content-wrapper\"><p>[vc_row][vc_column width=&#8221;2\/3&#8243;][vc_column_text]Clean Air Control har ett specialutformat fl\u00e4kthus och fl\u00e4kthjul som ger f\u00f6rb\u00e4ttrad energieffektivitet och h\u00f6gre luftfl\u00f6de vid samma mottryck j\u00e4mf\u00f6rt med tidigare modeller. Utformningen reducerar \u00e4ven ljudniv\u00e5n till 11 db l\u00e4gre \u00e4n motsvarande dammavskiljningsfl\u00e4ktar p\u00e5 marknaden. Den tar bort 95 % av spannm\u00e5lsdamm och agnar och ger mindre utsl\u00e4pp av damm i j\u00e4mf\u00f6relse med traditionell fl\u00e4kt utan avskiljning. Luftfl\u00f6det \u00e4r 33 000 m\u00b3\/h vid 50 mm vp.[\/vc_column_text][\/vc_column][vc_column width=&#8221;1\/3&#8243;][vc_column_text]<strong>UPPBYGGNAD OCH FUNKTION<\/strong><\/p>\n<p>Varmf\u00f6rzinkat chassi, vilket ger ett mycket l\u00e5ngvarigt korrosionsskydd.<br \/>\n\u2022 Fl\u00e4ktspj\u00e4ll finns i den fr\u00e4mre delen av fl\u00e4kten f\u00f6r enkel injustering av luftfl\u00f6det.<br \/>\n\u2022 Fl\u00e4ktmotorn kan f\u00e5s med valfri sp\u00e4nning och med termokontakt.<br \/>\n\u2022 Finns i b\u00e5de horisontellt och vertikalt utf\u00f6rande.<br \/>\n\u2022 Fl\u00e4kthuset \u00e4r f\u00f6rsett med manlucka f\u00f6r att underl\u00e4tta service och inspektion.<br \/>\n\u2022 P\u00e5 fl\u00e4kthuset sitter rensluckor f\u00f6r inspektion och reng\u00f6ring.<br \/>\n\u2022 Ett specialutformat fl\u00e4kthjul ger optimerat fl\u00f6de och minimal ljudniv\u00e5.<\/p>\n<p><strong>TILLVAL<\/strong><\/p>\n<ul>\n<li>Dammcontainer<\/li>\n<li>Ljudd\u00e4mpare<\/li>\n<li>Ber\u00f6ringsskydd<\/li>\n<li>Regnskydd<\/li>\n<\/ul>\n<p>[\/vc_column_text][\/vc_column][\/vc_row]<\/p>\n<\/div>","protected":false},"excerpt":{"rendered":"<p>Clean Air Control har specialutformad teknik som f\u00f6rb\u00e4ttrar energieffektiviteten och \u00f6kar luftfl\u00f6det vid samma mottryck j\u00e4mf\u00f6rt med tidigare modeller, samtidigt som den minskar dammutsl\u00e4ppen med 95% j\u00e4mf\u00f6rt med traditionella fl\u00e4ktar.<\/p>\n","protected":false},"featured_media":43376,"comment_status":"open","ping_status":"closed","template":"","meta":{"_acf_changed":false},"product_brand":[],"product_cat":[213,156,167],"product_tag":[233,260,278,237],"class_list":{"0":"post-14249","1":"product","2":"type-product","3":"status-publish","4":"has-post-thumbnail","6":"product_cat-alla-produkter","7":"product_cat-materialhantering","8":"product_cat-dammavskiljning","9":"product_tag-axial-sv","10":"product_tag-dryer-sv","11":"product_tag-dryer-tk-sv","12":"product_tag-dryer-tkr-sv","13":"description-off","15":"first","16":"instock","17":"shipping-taxable","18":"product-type-simple"},"acf":[],"_links":{"self":[{"href":"https:\/\/www.tornum.com\/sv\/wp-json\/wp\/v2\/product\/14249","targetHints":{"allow":["GET"]}}],"collection":[{"href":"https:\/\/www.tornum.com\/sv\/wp-json\/wp\/v2\/product"}],"about":[{"href":"https:\/\/www.tornum.com\/sv\/wp-json\/wp\/v2\/types\/product"}],"replies":[{"embeddable":true,"href":"https:\/\/www.tornum.com\/sv\/wp-json\/wp\/v2\/comments?post=14249"}],"version-history":[{"count":2,"href":"https:\/\/www.tornum.com\/sv\/wp-json\/wp\/v2\/product\/14249\/revisions"}],"predecessor-version":[{"id":43375,"href":"https:\/\/www.tornum.com\/sv\/wp-json\/wp\/v2\/product\/14249\/revisions\/43375"}],"wp:featuredmedia":[{"embeddable":true,"href":"https:\/\/www.tornum.com\/sv\/wp-json\/wp\/v2\/media\/43376"}],"wp:attachment":[{"href":"https:\/\/www.tornum.com\/sv\/wp-json\/wp\/v2\/media?parent=14249"}],"wp:term":[{"taxonomy":"product_brand","embeddable":true,"href":"https:\/\/www.tornum.com\/sv\/wp-json\/wp\/v2\/product_brand?post=14249"},{"taxonomy":"product_cat","embeddable":true,"href":"https:\/\/www.tornum.com\/sv\/wp-json\/wp\/v2\/product_cat?post=14249"},{"taxonomy":"product_tag","embeddable":true,"href":"https:\/\/www.tornum.com\/sv\/wp-json\/wp\/v2\/product_tag?post=14249"}],"curies":[{"name":"wp","href":"https:\/\/api.w.org\/{rel}","templated":true}]}}