{"id":14250,"date":"2023-05-14T21:20:59","date_gmt":"2023-05-14T21:20:59","guid":{"rendered":"https:\/\/dev.rapid.si\/product\/tornum-tx\/"},"modified":"2025-07-10T07:40:07","modified_gmt":"2025-07-10T07:40:07","slug":"tornum-tx","status":"publish","type":"product","link":"https:\/\/www.tornum.com\/sv\/produkt\/tornum-tx\/","title":{"rendered":"TORNUM TX"},"content":{"rendered":"<p><strong>R\u00f6rsystemet f\u00f6r tuffa tag. <\/strong><\/p>\n<p>\u2013 Rej\u00e4lt system som s\u00e4tts samman med skruvfl\u00e4nsar.<br \/>\n\u2013 Ytbehandling i galvat eller lackerat utf\u00f6rande.<br \/>\n\u2013 Ett flexibelt system med b\u00e5de raka och vridna b\u00f6jar i olika vinklar.<br \/>\n\u2013 Finns i storlekar #200, #250, #300.<br \/>\n\u2013 Godstjocklek \u00e4r i 3mm.<br \/>\n\u2013 F\u00f6r extremt h\u00f6gt slitage finns r\u00f6rsystemet att f\u00e5 med 8mm slitplast inv\u00e4ndigt.<\/p>\n<p><strong>2- v\u00e4gsf\u00f6rdelare<\/strong><strong><br \/>\n<\/strong>\u2013 Alla pl\u00e5tsidor \u00e4r utbytbara f\u00f6r att slippa byta ut hela f\u00f6rdelaren vid slitage av n\u00e5gon enstaka del.<br \/>\n\u2013 F\u00f6rdelarna \u00e4r flexibla och kan f\u00e5s i v\u00e4nster och h\u00f6gerutf\u00f6rande, l\u00e4gesgivare \u00e4r med induktiv funktion och kan monteras p\u00e5 valfri sida.<br \/>\n\u2013 Inspektionsluckor f\u00f6r att s\u00e4kerst\u00e4lla slitage och kontrollera position (f\u00f6r att minimera kontamineringsrisken).<br \/>\n\u2013 Sidor T=3mm.<br \/>\n\u2013 Spj\u00e4llblad i hardoxst\u00e5l T=8mm, kl\u00e4dd med 8mm plast.<\/p>\n<p><strong>Spj\u00e4ll<\/strong><strong><br \/>\n<\/strong>\u2013 Robusta spj\u00e4ll f\u00f6r ett brett anv\u00e4ndningsomr\u00e5de.<br \/>\n\u2013 Konstruerad med kraftig trapetsg\u00e4nga i st\u00e5l.<br \/>\n\u2013 Spj\u00e4llbladet \u00e4r kullagrat f\u00f6r att kunna \u00f6ppnas och st\u00e4ngas \u00e4ven under h\u00f6ga tryck fr\u00e5n materialet.<br \/>\n\u2013 G\u00e5r att f\u00e5 med ratt eller elmotor.<br \/>\n\u2013 Spj\u00e4ll att ha exempelvis under silocentrum i botten p\u00e5 silon.<\/p>\n<p>\u2013 Finns i storlekar #200, #250, #300.<br \/>\n\u2013 P\u00e5 ovansidan av spj\u00e4llbladet finns det styrpl\u00e5tar som ser till att h\u00e5lla spj\u00e4llet t\u00e4tt n\u00e4r det \u00e4r st\u00e4ngt.<br \/>\n\u2013 Justerbar t\u00e4tning f\u00f6r att motverka intr\u00e4ngning av produkt i den mekaniska<br \/>\ndelen av spj\u00e4llen.<\/p>\n","protected":false},"excerpt":{"rendered":"<p>R\u00f6rsystemet f\u00f6r tuffa tag<strong>. <\/strong>Utformad f\u00f6r l\u00e5ng livsl\u00e4ngd och h\u00f6g h\u00e5llbarhet.<\/p>\n","protected":false},"featured_media":16199,"comment_status":"open","ping_status":"closed","template":"","meta":{"_acf_changed":false},"product_brand":[],"product_cat":[213,214,170,215,156,166],"product_tag":[315],"class_list":{"0":"post-14250","1":"product","2":"type-product","3":"status-publish","4":"has-post-thumbnail","6":"product_cat-alla-produkter","7":"product_cat-foder","8":"product_cat-livsmedel-sv","9":"product_cat-spannmal","10":"product_cat-materialhantering","11":"product_cat-rorsystem","12":"product_tag-pipes-sv","13":"description-off","15":"first","16":"instock","17":"shipping-taxable","18":"product-type-simple"},"acf":[],"_links":{"self":[{"href":"https:\/\/www.tornum.com\/sv\/wp-json\/wp\/v2\/product\/14250","targetHints":{"allow":["GET"]}}],"collection":[{"href":"https:\/\/www.tornum.com\/sv\/wp-json\/wp\/v2\/product"}],"about":[{"href":"https:\/\/www.tornum.com\/sv\/wp-json\/wp\/v2\/types\/product"}],"replies":[{"embeddable":true,"href":"https:\/\/www.tornum.com\/sv\/wp-json\/wp\/v2\/comments?post=14250"}],"version-history":[{"count":1,"href":"https:\/\/www.tornum.com\/sv\/wp-json\/wp\/v2\/product\/14250\/revisions"}],"predecessor-version":[{"id":49456,"href":"https:\/\/www.tornum.com\/sv\/wp-json\/wp\/v2\/product\/14250\/revisions\/49456"}],"wp:featuredmedia":[{"embeddable":true,"href":"https:\/\/www.tornum.com\/sv\/wp-json\/wp\/v2\/media\/16199"}],"wp:attachment":[{"href":"https:\/\/www.tornum.com\/sv\/wp-json\/wp\/v2\/media?parent=14250"}],"wp:term":[{"taxonomy":"product_brand","embeddable":true,"href":"https:\/\/www.tornum.com\/sv\/wp-json\/wp\/v2\/product_brand?post=14250"},{"taxonomy":"product_cat","embeddable":true,"href":"https:\/\/www.tornum.com\/sv\/wp-json\/wp\/v2\/product_cat?post=14250"},{"taxonomy":"product_tag","embeddable":true,"href":"https:\/\/www.tornum.com\/sv\/wp-json\/wp\/v2\/product_tag?post=14250"}],"curies":[{"name":"wp","href":"https:\/\/api.w.org\/{rel}","templated":true}]}}