{"id":14251,"date":"2023-05-14T21:18:40","date_gmt":"2023-05-14T21:18:40","guid":{"rendered":"https:\/\/dev.rapid.si\/product\/damas-pulco\/"},"modified":"2025-07-14T12:26:05","modified_gmt":"2025-07-14T12:26:05","slug":"damas-pulco","status":"publish","type":"product","link":"https:\/\/www.tornum.com\/sv\/produkt\/damas-pulco\/","title":{"rendered":"DAMAS PULCO"},"content":{"rendered":"<p><strong>Effektiv luftrens <\/strong><\/p>\n<p>Pulco separerar effektivt b\u00e5de l\u00e4tta och tunga avfallsk\u00e4rnor med luft. Luftrensen kan s\u00e4ttas in i olika situationer, exempelvis som f\u00f6rrens till mottagning, extra luftrens i en finrensprocess och till uts\u00e4de till betning. PULCO \u00e4r konstruerad till att utf\u00f6ra b\u00e4sta m\u00f6jliga rensning under alla f\u00f6rh\u00e5llanden. PULCO \u00e4r utf\u00f6rd i en enkel konstruktion och \u00e4r l\u00e4tt att anv\u00e4nda. Den kan \u00e4ven byggas ut med fj\u00e4rrman\u00f6vrering.<\/p>\n<ul>\n<li>Pulco \u00e4r sj\u00e4lvreng\u00f6rande och har en perfekt luftgenomstr\u00f6mning p\u00e5 grund av att den f\u00f6rdelar materialet idealiskt.<\/li>\n<li>Maskinen \u00e4r vibrationsfri och kr\u00e4ver lite utrymme i f\u00f6rh\u00e5llande till sin kapacitet.<\/li>\n<li>Pulco har l\u00e5g ljudniv\u00e5 och \u00e4r energieffektiv.<\/li>\n<\/ul>\n","protected":false},"excerpt":{"rendered":"<p>PULCO luftrens utf\u00f6r ett o\u00f6vertr\u00e4ffat luftsorteringsarbete av b\u00e5de l\u00e4tta och tunga avfallsk\u00e4rnor.<br \/>\nLuftrensen kan s\u00e4ttas in i olika situationer. Den kan med f\u00f6rdel anv\u00e4ndas som f\u00f6rrens vid mottagning, extra luftrens i en finrensprocess, utleveransrensning vid utlastning.<\/p>\n","protected":false},"featured_media":11458,"comment_status":"open","ping_status":"closed","template":"","meta":{"_acf_changed":false},"product_brand":[],"product_cat":[213,215,156,165],"product_tag":[288,289,266,267],"class_list":{"0":"post-14251","1":"product","2":"type-product","3":"status-publish","4":"has-post-thumbnail","6":"product_cat-alla-produkter","7":"product_cat-spannmal","8":"product_cat-materialhantering","9":"product_cat-rensmaskin","10":"product_tag-cleaning-sv","11":"product_tag-dc-remover-sv","12":"product_tag-dust-sv","13":"product_tag-separation-sv","14":"description-off","16":"first","17":"instock","18":"shipping-taxable","19":"product-type-simple"},"acf":[],"_links":{"self":[{"href":"https:\/\/www.tornum.com\/sv\/wp-json\/wp\/v2\/product\/14251","targetHints":{"allow":["GET"]}}],"collection":[{"href":"https:\/\/www.tornum.com\/sv\/wp-json\/wp\/v2\/product"}],"about":[{"href":"https:\/\/www.tornum.com\/sv\/wp-json\/wp\/v2\/types\/product"}],"replies":[{"embeddable":true,"href":"https:\/\/www.tornum.com\/sv\/wp-json\/wp\/v2\/comments?post=14251"}],"version-history":[{"count":1,"href":"https:\/\/www.tornum.com\/sv\/wp-json\/wp\/v2\/product\/14251\/revisions"}],"predecessor-version":[{"id":49457,"href":"https:\/\/www.tornum.com\/sv\/wp-json\/wp\/v2\/product\/14251\/revisions\/49457"}],"wp:featuredmedia":[{"embeddable":true,"href":"https:\/\/www.tornum.com\/sv\/wp-json\/wp\/v2\/media\/11458"}],"wp:attachment":[{"href":"https:\/\/www.tornum.com\/sv\/wp-json\/wp\/v2\/media?parent=14251"}],"wp:term":[{"taxonomy":"product_brand","embeddable":true,"href":"https:\/\/www.tornum.com\/sv\/wp-json\/wp\/v2\/product_brand?post=14251"},{"taxonomy":"product_cat","embeddable":true,"href":"https:\/\/www.tornum.com\/sv\/wp-json\/wp\/v2\/product_cat?post=14251"},{"taxonomy":"product_tag","embeddable":true,"href":"https:\/\/www.tornum.com\/sv\/wp-json\/wp\/v2\/product_tag?post=14251"}],"curies":[{"name":"wp","href":"https:\/\/api.w.org\/{rel}","templated":true}]}}