{"id":14252,"date":"2023-05-14T21:17:15","date_gmt":"2023-05-14T21:17:15","guid":{"rendered":"https:\/\/dev.rapid.si\/product\/damas-uniseed-duoseed\/"},"modified":"2025-07-15T11:18:46","modified_gmt":"2025-07-15T11:18:46","slug":"damas-uniseed-duoseed","status":"publish","type":"product","link":"https:\/\/www.tornum.com\/sv\/produkt\/damas-uniseed-duoseed\/","title":{"rendered":"DAMAS UNISEED\/DUOSEED"},"content":{"rendered":"<div class=\"wpb-content-wrapper\"><p>[vc_row][vc_column width=&#8221;2\/3&#8243;][vc_column_text]<\/p>\n<p>Damas Uniseed\/Duoseed l\u00e4mpar sig f\u00f6r st\u00f6rre lantbruk och mindre industrier som beh\u00f6ver en flexibel produktion med h\u00f6g kvalitet. Den moduluppbyggda s\u00e5llrensmaskinen finns i flera varianter, d\u00e4r man efter \u00f6nskem\u00e5l kan montera k\u00f6rnare och en f\u00f6rsug.<\/p>\n<p>[\/vc_column_text][\/vc_column][vc_column width=&#8221;1\/3&#8243;][vc_column_text]<strong>Uppbyggnad och funktion<\/strong><br \/>\n\u2022 Tillverkad i galvaniserad pl\u00e5t.<br \/>\n\u2022 S\u00e5llen rensas med speciella gummikulor.<br \/>\n\u2022 Vibrationsfri.<br \/>\n\u2022 Enkelt och snabbt s\u00e5llbyte.<br \/>\n\u2022 L\u00e4tt att anv\u00e4nda.[\/vc_column_text][\/vc_column][\/vc_row]<\/p>\n<\/div>","protected":false},"excerpt":{"rendered":"<p>Damas Uniseed och Duoseed rensmaskiner \u00e4r designade f\u00f6r effektiv sortering och rensning av spannm\u00e5l. De erbjuder prestanda p\u00e5 industriell niv\u00e5 i en kompakt och kostnadseffektiv f\u00f6rpackning. Dessa maskiner \u00e4r idealiska f\u00f6r rapsfr\u00f6, vete, korn och majs.<\/p>\n","protected":false},"featured_media":11451,"comment_status":"open","ping_status":"closed","template":"","meta":{"_acf_changed":false},"product_brand":[],"product_cat":[213,214,170,215,156,165],"product_tag":[288,303,266,267],"class_list":{"0":"post-14252","1":"product","2":"type-product","3":"status-publish","4":"has-post-thumbnail","6":"product_cat-alla-produkter","7":"product_cat-foder","8":"product_cat-livsmedel-sv","9":"product_cat-spannmal","10":"product_cat-materialhantering","11":"product_cat-rensmaskin","12":"product_tag-cleaning-sv","13":"product_tag-damas-sv","14":"product_tag-dust-sv","15":"product_tag-separation-sv","16":"description-off","18":"first","19":"instock","20":"shipping-taxable","21":"product-type-simple"},"acf":[],"_links":{"self":[{"href":"https:\/\/www.tornum.com\/sv\/wp-json\/wp\/v2\/product\/14252","targetHints":{"allow":["GET"]}}],"collection":[{"href":"https:\/\/www.tornum.com\/sv\/wp-json\/wp\/v2\/product"}],"about":[{"href":"https:\/\/www.tornum.com\/sv\/wp-json\/wp\/v2\/types\/product"}],"replies":[{"embeddable":true,"href":"https:\/\/www.tornum.com\/sv\/wp-json\/wp\/v2\/comments?post=14252"}],"version-history":[{"count":1,"href":"https:\/\/www.tornum.com\/sv\/wp-json\/wp\/v2\/product\/14252\/revisions"}],"predecessor-version":[{"id":49379,"href":"https:\/\/www.tornum.com\/sv\/wp-json\/wp\/v2\/product\/14252\/revisions\/49379"}],"wp:featuredmedia":[{"embeddable":true,"href":"https:\/\/www.tornum.com\/sv\/wp-json\/wp\/v2\/media\/11451"}],"wp:attachment":[{"href":"https:\/\/www.tornum.com\/sv\/wp-json\/wp\/v2\/media?parent=14252"}],"wp:term":[{"taxonomy":"product_brand","embeddable":true,"href":"https:\/\/www.tornum.com\/sv\/wp-json\/wp\/v2\/product_brand?post=14252"},{"taxonomy":"product_cat","embeddable":true,"href":"https:\/\/www.tornum.com\/sv\/wp-json\/wp\/v2\/product_cat?post=14252"},{"taxonomy":"product_tag","embeddable":true,"href":"https:\/\/www.tornum.com\/sv\/wp-json\/wp\/v2\/product_tag?post=14252"}],"curies":[{"name":"wp","href":"https:\/\/api.w.org\/{rel}","templated":true}]}}