{"id":14253,"date":"2023-05-14T21:15:17","date_gmt":"2023-05-14T21:15:17","guid":{"rendered":"https:\/\/dev.rapid.si\/product\/damas-omega\/"},"modified":"2025-07-16T09:40:11","modified_gmt":"2025-07-16T09:40:11","slug":"damas-omega","status":"publish","type":"product","link":"https:\/\/www.tornum.com\/sv\/produkt\/damas-omega\/","title":{"rendered":"DAMAS OMEGA"},"content":{"rendered":"<div class=\"wpb-content-wrapper\"><p>[vc_row][vc_column width=&#8221;2\/3&#8243;][vc_column_text]OMEGA \u00e4r mycket flexibel och kan d\u00e4rf\u00f6r anv\u00e4ndas till alla rens och sorteringsuppgifter, fr\u00e5n f\u00f6rrensning till finrensning.<\/p>\n<p>OMEGA kan levereras med eller utan luft-recirkulation och kan d\u00e4rvid anpassas till lokala krav om luft\u00e5tg\u00e5ng, v\u00e4rme\u00e5tervinning mm.<br \/>\nLuftsystemen till f\u00f6r- och eftersug \u00e4r helt skilda, vilket har en f\u00f6rdel, att man kan g\u00f6ra individuella, oberoende inst\u00e4llningar och d\u00e4rmed f\u00f6renkla anv\u00e4ndningen.<\/p>\n<p>De \u00e5tskilda luftsystemen har ytterligare en f\u00f6rdel, att man uppn\u00e5r en mer effektivt luftrensning.[\/vc_column_text][\/vc_column][vc_column width=&#8221;1\/3&#8243;][vc_column_text]<strong>Uppbyggnad och funktion<\/strong><\/p>\n<ul>\n<li>Den inkapslade maskinen har l\u00e5g ljudniv\u00e5<\/li>\n<li>S\u00e5llboxarna \u00e4r tillverkade i WISAform, som \u00e4r mycket slitstarkt och godk\u00e4nt till livsmedel<\/li>\n<li>S\u00e5llrensning med speciella gummibollar<\/li>\n<li>Variabel matningsreglering som standard<\/li>\n<li>Materialf\u00f6rdelningen p\u00e5 s\u00e5llet sker via en skruv (extrautrustning p\u00e5 n\u00e5gra modeller)<\/li>\n<\/ul>\n<p><strong>Tillval<\/strong><\/p>\n<ul>\n<li>Elektroniskt \u00f6vervakningssystem<\/li>\n<\/ul>\n<p>[\/vc_column_text][\/vc_column][\/vc_row]<\/p>\n<\/div>","protected":false},"excerpt":{"rendered":"<p>Omega rensmaskin \u00e4r m\u00e5ngsidig och l\u00e4mpar sig f\u00f6r en bred skala av rens- och sorterings\u00e4ndam\u00e5l, med m\u00f6jlighet till luft-recirkulation f\u00f6r att anpassas till lokala krav avseende luft\u00e5tg\u00e5ng och v\u00e4rme\u00e5tervinning.<\/p>\n","protected":false},"featured_media":19294,"comment_status":"open","ping_status":"closed","template":"","meta":{"_acf_changed":false},"product_brand":[],"product_cat":[213,214,170,215,156,165],"product_tag":[288,289,266,267],"class_list":{"0":"post-14253","1":"product","2":"type-product","3":"status-publish","4":"has-post-thumbnail","6":"product_cat-alla-produkter","7":"product_cat-foder","8":"product_cat-livsmedel-sv","9":"product_cat-spannmal","10":"product_cat-materialhantering","11":"product_cat-rensmaskin","12":"product_tag-cleaning-sv","13":"product_tag-dc-remover-sv","14":"product_tag-dust-sv","15":"product_tag-separation-sv","16":"description-off","18":"first","19":"instock","20":"shipping-taxable","21":"product-type-simple"},"acf":[],"_links":{"self":[{"href":"https:\/\/www.tornum.com\/sv\/wp-json\/wp\/v2\/product\/14253","targetHints":{"allow":["GET"]}}],"collection":[{"href":"https:\/\/www.tornum.com\/sv\/wp-json\/wp\/v2\/product"}],"about":[{"href":"https:\/\/www.tornum.com\/sv\/wp-json\/wp\/v2\/types\/product"}],"replies":[{"embeddable":true,"href":"https:\/\/www.tornum.com\/sv\/wp-json\/wp\/v2\/comments?post=14253"}],"version-history":[{"count":1,"href":"https:\/\/www.tornum.com\/sv\/wp-json\/wp\/v2\/product\/14253\/revisions"}],"predecessor-version":[{"id":49458,"href":"https:\/\/www.tornum.com\/sv\/wp-json\/wp\/v2\/product\/14253\/revisions\/49458"}],"wp:featuredmedia":[{"embeddable":true,"href":"https:\/\/www.tornum.com\/sv\/wp-json\/wp\/v2\/media\/19294"}],"wp:attachment":[{"href":"https:\/\/www.tornum.com\/sv\/wp-json\/wp\/v2\/media?parent=14253"}],"wp:term":[{"taxonomy":"product_brand","embeddable":true,"href":"https:\/\/www.tornum.com\/sv\/wp-json\/wp\/v2\/product_brand?post=14253"},{"taxonomy":"product_cat","embeddable":true,"href":"https:\/\/www.tornum.com\/sv\/wp-json\/wp\/v2\/product_cat?post=14253"},{"taxonomy":"product_tag","embeddable":true,"href":"https:\/\/www.tornum.com\/sv\/wp-json\/wp\/v2\/product_tag?post=14253"}],"curies":[{"name":"wp","href":"https:\/\/api.w.org\/{rel}","templated":true}]}}