{"id":14254,"date":"2023-05-14T21:13:07","date_gmt":"2023-05-14T21:13:07","guid":{"rendered":"https:\/\/dev.rapid.si\/product\/damas-sigma\/"},"modified":"2025-07-16T09:58:39","modified_gmt":"2025-07-16T09:58:39","slug":"damas-rensmaskin-sigma","status":"publish","type":"product","link":"https:\/\/www.tornum.com\/sv\/produkt\/damas-rensmaskin-sigma\/","title":{"rendered":"DAMAS RENSMASKIN SIGMA"},"content":{"rendered":"<div class=\"wpb-content-wrapper\"><p>[vc_row][vc_column width=&#8221;2\/3&#8243;][vc_column_text]Damas Sigma \u00e4r prim\u00e4rt avsedd f\u00f6r f\u00f6rrensning av spannm\u00e5l och andra kornformiga material men kan \u00e4ven anv\u00e4ndas f\u00f6r finrensning. SIGMA har st\u00e5ende roterande s\u00e5ll som med centrifugalkraftens hj\u00e4lp ger mycket h\u00f6ga kapaciteter f\u00f6r dess storlek.[\/vc_column_text][\/vc_column][vc_column width=&#8221;1\/3&#8243;][vc_column_text]<strong>Uppbyggnad och funktion<\/strong><\/p>\n<ul>\n<li>Roterande vibrationsfri drift.<\/li>\n<li>Konstruktionen medf\u00f6r minimala krav p\u00e5 fundamentet.<\/li>\n<li>Flexibel installationsm\u00f6jlighet \u2013 enkelt roterbart utlopp samt lucka f\u00f6r utlopp.<\/li>\n<li>Helt inkapslad vilket ger l\u00e5g ljudniv\u00e5 och dammfri milj\u00f6.<\/li>\n<li>Sj\u00e4lvjusterande rullborstar s\u00e4krar effektiv renh\u00e5llning av s\u00e5llen.<\/li>\n<li>Utloppsdel med h\u00f6geffektiv aspirationsenhet<\/li>\n<\/ul>\n<p><strong>Tillval<\/strong><\/p>\n<ul>\n<li>Elektroniskt \u00f6vervakningssystem<\/li>\n<\/ul>\n<p>[\/vc_column_text][\/vc_column][\/vc_row]<\/p>\n<\/div>","protected":false},"excerpt":{"rendered":"<p>Sigma \u00e4r fr\u00e4mst utformad f\u00f6r effektiv f\u00f6rrensning av spannm\u00e5l och andra kornformiga material men kan \u00e4ven anv\u00e4ndas f\u00f6r finrensning. Sigma har vertikala roterande s\u00e5ll som ger h\u00f6g kapacitet i f\u00f6rh\u00e5llande till dess storlek.<\/p>\n","protected":false},"featured_media":19301,"comment_status":"open","ping_status":"closed","template":"","meta":{"_acf_changed":false},"product_brand":[],"product_cat":[213,214,170,215,156,165],"product_tag":[288,303,266,267],"class_list":{"0":"post-14254","1":"product","2":"type-product","3":"status-publish","4":"has-post-thumbnail","6":"product_cat-alla-produkter","7":"product_cat-foder","8":"product_cat-livsmedel-sv","9":"product_cat-spannmal","10":"product_cat-materialhantering","11":"product_cat-rensmaskin","12":"product_tag-cleaning-sv","13":"product_tag-damas-sv","14":"product_tag-dust-sv","15":"product_tag-separation-sv","16":"description-off","18":"first","19":"instock","20":"shipping-taxable","21":"product-type-simple"},"acf":[],"_links":{"self":[{"href":"https:\/\/www.tornum.com\/sv\/wp-json\/wp\/v2\/product\/14254","targetHints":{"allow":["GET"]}}],"collection":[{"href":"https:\/\/www.tornum.com\/sv\/wp-json\/wp\/v2\/product"}],"about":[{"href":"https:\/\/www.tornum.com\/sv\/wp-json\/wp\/v2\/types\/product"}],"replies":[{"embeddable":true,"href":"https:\/\/www.tornum.com\/sv\/wp-json\/wp\/v2\/comments?post=14254"}],"version-history":[{"count":1,"href":"https:\/\/www.tornum.com\/sv\/wp-json\/wp\/v2\/product\/14254\/revisions"}],"predecessor-version":[{"id":49398,"href":"https:\/\/www.tornum.com\/sv\/wp-json\/wp\/v2\/product\/14254\/revisions\/49398"}],"wp:featuredmedia":[{"embeddable":true,"href":"https:\/\/www.tornum.com\/sv\/wp-json\/wp\/v2\/media\/19301"}],"wp:attachment":[{"href":"https:\/\/www.tornum.com\/sv\/wp-json\/wp\/v2\/media?parent=14254"}],"wp:term":[{"taxonomy":"product_brand","embeddable":true,"href":"https:\/\/www.tornum.com\/sv\/wp-json\/wp\/v2\/product_brand?post=14254"},{"taxonomy":"product_cat","embeddable":true,"href":"https:\/\/www.tornum.com\/sv\/wp-json\/wp\/v2\/product_cat?post=14254"},{"taxonomy":"product_tag","embeddable":true,"href":"https:\/\/www.tornum.com\/sv\/wp-json\/wp\/v2\/product_tag?post=14254"}],"curies":[{"name":"wp","href":"https:\/\/api.w.org\/{rel}","templated":true}]}}