{"id":14255,"date":"2023-05-14T21:11:40","date_gmt":"2023-05-14T21:11:40","guid":{"rendered":"https:\/\/dev.rapid.si\/product\/buhler-tas-laab\/"},"modified":"2025-07-30T08:41:28","modified_gmt":"2025-07-30T08:41:28","slug":"buhler-tas-laab","status":"publish","type":"product","link":"https:\/\/www.tornum.com\/sv\/produkt\/buhler-tas-laab\/","title":{"rendered":"B\u00dcHLER TAS\u2122 \u2013 LAAB"},"content":{"rendered":"<div class=\"wpb-content-wrapper\"><p>[vc_row][vc_column width=&#8221;2\/3&#8243;][vc_column_text]TAS universalrensmaskin \u00e4r prim\u00e4rt avsedd f\u00f6r f\u00f6rrensning av spannm\u00e5l och andra kornformiga material men kan \u00e4ven anv\u00e4ndas f\u00f6r sorteringsrensning. Robust konstruktion borgar f\u00f6r l\u00e5ng livsl\u00e4ngd och problemfri drift. TAS finns i 8 modeller med varierande utf\u00f6rande beroende p\u00e5 \u00e4ndam\u00e5let med kapaciteter fr\u00e5n 60-250 ton\/h[\/vc_column_text][\/vc_column][vc_column width=&#8221;1\/3&#8243;][vc_column_text]<strong>Uppbyggnad och funktion<\/strong><br \/>\n\u2022 Konstruktionen medf\u00f6r minimala krav p\u00e5 fundamentet<br \/>\n\u2022 S\u00e5llkassetter i st\u00e5l med bollrensning<br \/>\n\u2022 Helt inkapslad s\u00e5llbox f\u00f6r en dammfri milj\u00f6<br \/>\n\u2022 Maskinerna \u00e4r som standard f\u00f6rsedda med f\u00f6r- och eftersugskanaler<br \/>\n\u2022 Inloppsdel med aspiration och matarvals<br \/>\n\u2022 Utloppsdel med stigluftskanal<\/p>\n<p><strong>Tillval <\/strong><\/p>\n<p>S\u00e5llv\u00e4xlingsspj\u00e4ll f\u00f6r 2-sortsrensning<br \/>\n\u2022 Fl\u00e4kt<br \/>\n\u2022\u00a0Cyklon<br \/>\n\u2022 Filter[\/vc_column_text][\/vc_column][\/vc_row]<\/p>\n<\/div>","protected":false},"excerpt":{"rendered":"<p>TAS\u2122 universalrensmaskinen \u00e4r fr\u00e4mst utformad f\u00f6r f\u00f6rrensning av spannm\u00e5l och andra kornformiga material men kan \u00e4ven anv\u00e4ndas f\u00f6r sorteringsrensning vid behov.<\/p>\n","protected":false},"featured_media":15530,"comment_status":"open","ping_status":"closed","template":"","meta":{"_acf_changed":false},"product_brand":[],"product_cat":[213,170,215,156,165],"product_tag":[288,289,266,267],"class_list":{"0":"post-14255","1":"product","2":"type-product","3":"status-publish","4":"has-post-thumbnail","6":"product_cat-alla-produkter","7":"product_cat-livsmedel-sv","8":"product_cat-spannmal","9":"product_cat-materialhantering","10":"product_cat-rensmaskin","11":"product_tag-cleaning-sv","12":"product_tag-dc-remover-sv","13":"product_tag-dust-sv","14":"product_tag-separation-sv","15":"description-off","17":"first","18":"instock","19":"shipping-taxable","20":"product-type-simple"},"acf":[],"_links":{"self":[{"href":"https:\/\/www.tornum.com\/sv\/wp-json\/wp\/v2\/product\/14255","targetHints":{"allow":["GET"]}}],"collection":[{"href":"https:\/\/www.tornum.com\/sv\/wp-json\/wp\/v2\/product"}],"about":[{"href":"https:\/\/www.tornum.com\/sv\/wp-json\/wp\/v2\/types\/product"}],"replies":[{"embeddable":true,"href":"https:\/\/www.tornum.com\/sv\/wp-json\/wp\/v2\/comments?post=14255"}],"version-history":[{"count":2,"href":"https:\/\/www.tornum.com\/sv\/wp-json\/wp\/v2\/product\/14255\/revisions"}],"predecessor-version":[{"id":50510,"href":"https:\/\/www.tornum.com\/sv\/wp-json\/wp\/v2\/product\/14255\/revisions\/50510"}],"wp:featuredmedia":[{"embeddable":true,"href":"https:\/\/www.tornum.com\/sv\/wp-json\/wp\/v2\/media\/15530"}],"wp:attachment":[{"href":"https:\/\/www.tornum.com\/sv\/wp-json\/wp\/v2\/media?parent=14255"}],"wp:term":[{"taxonomy":"product_brand","embeddable":true,"href":"https:\/\/www.tornum.com\/sv\/wp-json\/wp\/v2\/product_brand?post=14255"},{"taxonomy":"product_cat","embeddable":true,"href":"https:\/\/www.tornum.com\/sv\/wp-json\/wp\/v2\/product_cat?post=14255"},{"taxonomy":"product_tag","embeddable":true,"href":"https:\/\/www.tornum.com\/sv\/wp-json\/wp\/v2\/product_tag?post=14255"}],"curies":[{"name":"wp","href":"https:\/\/api.w.org\/{rel}","templated":true}]}}