{"id":14256,"date":"2023-05-14T21:06:24","date_gmt":"2023-05-14T21:06:24","guid":{"rendered":"https:\/\/dev.rapid.si\/product\/level-indicator\/"},"modified":"2025-07-18T12:50:34","modified_gmt":"2025-07-18T12:50:34","slug":"nivavakt","status":"publish","type":"product","link":"https:\/\/www.tornum.com\/sv\/produkt\/nivavakt\/","title":{"rendered":"NIV\u00c5VAKT"},"content":{"rendered":"<div class=\"wpb-content-wrapper\"><p>[vc_row][vc_column width=&#8221;2\/3&#8243;][vc_column_text]Tornums kapacitiva niv\u00e5vakter \u00e4r avsedda f\u00f6r \u00f6vervakning och styrning vid auto\u00admatisering av spannm\u00e5lsanl\u00e4ggningar. Tv\u00e5 olika h\u00e5llare med reglerbar h\u00f6jd finns f\u00f6r placering i silotak.[\/vc_column_text][\/vc_column][vc_column width=&#8221;1\/3&#8243;][vc_column_text]<strong>UPPBYGGNAD OCH FUNKTION<\/strong><br \/>\n\u2022 Anv\u00e4nds i elevatorgrop f\u00f6r att stanna elevator n\u00e4r gropen \u00e4r t\u00f6md.<br \/>\n\u2022 Anv\u00e4nds i tork\/ficka vid fyllning mellan transport\u00f6r och elevator, vilket hindrar \u00f6verfyllnad.<br \/>\n\u2022 Anv\u00e4nds i konc\/sp ficka f\u00f6r att stanna kross\/kvarn n\u00e4r ett material tar slut.<br \/>\n\u2022 Anv\u00e4nds i foderficka f\u00f6r att stanna kross\/kvarn n\u00e4r fickan \u00e4r fylld.<br \/>\n\u2022 En fast niv\u00e5vakt monteras i torken eller lagringsfickans v\u00e4gg.<\/p>\n<p>Tv\u00e5 olika h\u00e5llare med reglerbar h\u00f6jd finns f\u00f6r placering i silotak:<\/p>\n<p><strong>Niv\u00e5vaktsh\u00e5llare 1m<\/strong><br \/>\nEn niv\u00e5vakt \u00e4r ansluten p\u00e5 ett enmetersr\u00f6r med anslutningsdosa. Den monteras h\u00e4ngande eller genom golv och h\u00f6jden kan justeras beroende p\u00e5 olika rasvinklar.<\/p>\n<p><strong>Niv\u00e5vaktsh\u00e5llare med kedja H=250-1500mm<\/strong><br \/>\nEn niv\u00e5vakt \u00e4r ansluten p\u00e5 en kedja med en tyngd i \u00e4nden. Den monteras h\u00e4ngande i taket och h\u00f6jden kan justeras beroende p\u00e5 olika rasvinklar.[\/vc_column_text][\/vc_column][\/vc_row]<\/p>\n<\/div>","protected":false},"excerpt":{"rendered":"<p>Tornums kapacitiva niv\u00e5vakter \u00e4r avsedda f\u00f6r \u00f6vervakning och styrning vid auto\u00admatisering av spannm\u00e5lsanl\u00e4ggningar. Tv\u00e5 olika h\u00e5llare med reglerbar h\u00f6jd finns f\u00f6r placering i silotak.<\/p>\n","protected":false},"featured_media":50383,"comment_status":"open","ping_status":"closed","template":"","meta":{"_acf_changed":false},"product_brand":[],"product_cat":[213,194,201],"product_tag":[260,273,275,293],"class_list":{"0":"post-14256","1":"product","2":"type-product","3":"status-publish","4":"has-post-thumbnail","6":"product_cat-alla-produkter","7":"product_cat-styrsystem-och-overvakning","8":"product_cat-tillbehor-sv-3","9":"product_tag-dryer-sv","10":"product_tag-monitoring-sv","11":"product_tag-plc-sv","12":"product_tag-storage-sv","13":"description-off","15":"first","16":"instock","17":"shipping-taxable","18":"product-type-simple"},"acf":[],"_links":{"self":[{"href":"https:\/\/www.tornum.com\/sv\/wp-json\/wp\/v2\/product\/14256","targetHints":{"allow":["GET"]}}],"collection":[{"href":"https:\/\/www.tornum.com\/sv\/wp-json\/wp\/v2\/product"}],"about":[{"href":"https:\/\/www.tornum.com\/sv\/wp-json\/wp\/v2\/types\/product"}],"replies":[{"embeddable":true,"href":"https:\/\/www.tornum.com\/sv\/wp-json\/wp\/v2\/comments?post=14256"}],"version-history":[{"count":1,"href":"https:\/\/www.tornum.com\/sv\/wp-json\/wp\/v2\/product\/14256\/revisions"}],"predecessor-version":[{"id":50403,"href":"https:\/\/www.tornum.com\/sv\/wp-json\/wp\/v2\/product\/14256\/revisions\/50403"}],"wp:featuredmedia":[{"embeddable":true,"href":"https:\/\/www.tornum.com\/sv\/wp-json\/wp\/v2\/media\/50383"}],"wp:attachment":[{"href":"https:\/\/www.tornum.com\/sv\/wp-json\/wp\/v2\/media?parent=14256"}],"wp:term":[{"taxonomy":"product_brand","embeddable":true,"href":"https:\/\/www.tornum.com\/sv\/wp-json\/wp\/v2\/product_brand?post=14256"},{"taxonomy":"product_cat","embeddable":true,"href":"https:\/\/www.tornum.com\/sv\/wp-json\/wp\/v2\/product_cat?post=14256"},{"taxonomy":"product_tag","embeddable":true,"href":"https:\/\/www.tornum.com\/sv\/wp-json\/wp\/v2\/product_tag?post=14256"}],"curies":[{"name":"wp","href":"https:\/\/api.w.org\/{rel}","templated":true}]}}