{"id":14257,"date":"2023-05-14T21:03:59","date_gmt":"2023-05-14T21:03:59","guid":{"rendered":"https:\/\/dev.rapid.si\/product\/temperature-monitoring\/"},"modified":"2025-07-14T11:30:53","modified_gmt":"2025-07-14T11:30:53","slug":"temperature-monitoring","status":"publish","type":"product","link":"https:\/\/www.tornum.com\/sv\/produkt\/temperature-monitoring\/","title":{"rendered":"TEMPERATUR\u00d6VERVAKNING"},"content":{"rendered":"<div class=\"wpb-content-wrapper\"><p>[vc_row][vc_column width=&#8221;2\/3&#8243;][vc_column_text]Temperatur\u00f6vervakningssystem f\u00f6r lagringssilos \u00f6kar kontrollen p\u00e5 att spann\u00adm\u00e5lskvaliteten bibeh\u00e5lls vid lagring. M\u00e4tkablarna best\u00e5r av kraftiga armerade plastr\u00f6r som \u00e4r f\u00f6rsedda med ett antal givare.<\/p>\n<p>Det finns olika avl\u00e4sningssystem att v\u00e4lja mellan. Dels ett batteridrivet handinstrument som flyttas mellan kablarna, dels ett PC-baserat system med kontinuerlig temperatur\u00f6vervakning, larmniv\u00e5 samt historik \u00f6ver temperaturutvecklingen i spannm\u00e5lslagret.<\/p>\n<p>TORNUM tillhandah\u00e5ller dessutom m\u00e4tspjut som kombineras med handinstrumentet.<\/p>\n<p>Tr\u00e5dl\u00f6s data\u00f6verf\u00f6ring och internet\u00e5tkomst \u00e4r m\u00f6jligt.[\/vc_column_text][\/vc_column][vc_column width=&#8221;1\/3&#8243;][vc_column_text]<strong>F\u00d6RDELAR<\/strong><br \/>\n\u2022 Historik i tabell- och diagramformat<br \/>\n\u2022 Alarm f\u00f6r trendtemperatur och aktuell temperatur<br \/>\n\u2022 Tr\u00e5dl\u00f6s data\u00f6verf\u00f6ring som tillval<br \/>\n\u2022 P\u00e5litlig och anv\u00e4ndarv\u00e4nlig<br \/>\n\u2022 Enkel att installera<br \/>\n\u2022 ATEX-godk\u00e4nd f\u00f6r zon 20\/21\/22[\/vc_column_text][\/vc_column][\/vc_row]<\/p>\n<\/div>","protected":false},"excerpt":{"rendered":"<p>Temperatur\u00f6vervakningssystem f\u00f6r lagringssilos \u00f6kar kontrollen p\u00e5 att spann\u00adm\u00e5lskvaliteten bibeh\u00e5lls vid lagring.<\/p>\n","protected":false},"featured_media":16256,"comment_status":"open","ping_status":"closed","template":"","meta":{"_acf_changed":false},"product_brand":[],"product_cat":[213,214,170,215,194,196],"product_tag":[273,274,275],"class_list":{"0":"post-14257","1":"product","2":"type-product","3":"status-publish","4":"has-post-thumbnail","6":"product_cat-alla-produkter","7":"product_cat-foder","8":"product_cat-livsmedel-sv","9":"product_cat-spannmal","10":"product_cat-styrsystem-och-overvakning","11":"product_cat-temperaturovervakning","12":"product_tag-monitoring-sv","13":"product_tag-pc-sv","14":"product_tag-plc-sv","15":"description-off","17":"first","18":"instock","19":"shipping-taxable","20":"product-type-simple"},"acf":[],"_links":{"self":[{"href":"https:\/\/www.tornum.com\/sv\/wp-json\/wp\/v2\/product\/14257","targetHints":{"allow":["GET"]}}],"collection":[{"href":"https:\/\/www.tornum.com\/sv\/wp-json\/wp\/v2\/product"}],"about":[{"href":"https:\/\/www.tornum.com\/sv\/wp-json\/wp\/v2\/types\/product"}],"replies":[{"embeddable":true,"href":"https:\/\/www.tornum.com\/sv\/wp-json\/wp\/v2\/comments?post=14257"}],"version-history":[{"count":1,"href":"https:\/\/www.tornum.com\/sv\/wp-json\/wp\/v2\/product\/14257\/revisions"}],"predecessor-version":[{"id":49770,"href":"https:\/\/www.tornum.com\/sv\/wp-json\/wp\/v2\/product\/14257\/revisions\/49770"}],"wp:featuredmedia":[{"embeddable":true,"href":"https:\/\/www.tornum.com\/sv\/wp-json\/wp\/v2\/media\/16256"}],"wp:attachment":[{"href":"https:\/\/www.tornum.com\/sv\/wp-json\/wp\/v2\/media?parent=14257"}],"wp:term":[{"taxonomy":"product_brand","embeddable":true,"href":"https:\/\/www.tornum.com\/sv\/wp-json\/wp\/v2\/product_brand?post=14257"},{"taxonomy":"product_cat","embeddable":true,"href":"https:\/\/www.tornum.com\/sv\/wp-json\/wp\/v2\/product_cat?post=14257"},{"taxonomy":"product_tag","embeddable":true,"href":"https:\/\/www.tornum.com\/sv\/wp-json\/wp\/v2\/product_tag?post=14257"}],"curies":[{"name":"wp","href":"https:\/\/api.w.org\/{rel}","templated":true}]}}